{"id":11,"date":"2022-01-30T11:12:34","date_gmt":"2022-01-30T09:12:34","guid":{"rendered":"https:\/\/clairessweetbowtique.com\/?page_id=11"},"modified":"2026-02-01T13:16:26","modified_gmt":"2026-02-01T11:16:26","slug":"refund_returns","status":"publish","type":"page","link":"https:\/\/clairessweetbowtique.com\/index.php\/refund_returns\/","title":{"rendered":"Tilaus- ja sopimusehdot"},"content":{"rendered":"\n<p><strong>Tilaaminen<\/strong>&nbsp;<\/p>\n\n\n\n<p>Tilattaessa verkkokaupasta clairessweetbowtique.com (j\u00e4ljemp\u00e4n\u00e4 verkkokauppa), asiakkaan edellytet\u00e4\u00e4n tutustuneen ja sitoutuneen voimassa oleviin toimitusehtoihin, jotka on kuvattu t\u00e4ll\u00e4 sivulla.&nbsp;<\/p>\n\n\n\n<p><strong>Maksaminen ja maksutavat<\/strong>&nbsp;<\/p>\n\n\n\n<p>Verkkokaupassa on k\u00e4yt\u00f6ss\u00e4 Klarna Checkout -palvelu, jolla voitte helposti, joustavasti ja turvallisesti tehd\u00e4 ostoksia. Vastaamalla kysymyksiin tunnistaudut palvelussa k\u00e4tev\u00e4sti ja voit valita sinulle parhaiten sopivan maksutavan.&nbsp;<\/p>\n\n\n\n<p>K\u00e4yt\u00f6ss\u00e4si olevat vaihtoehdot ovat Klarna lasku, Klarna tili, korttimaksut (Visa, Mastercard) tai verkkopankkimaksut (OP, Nordea, Danske Bank, S\u00e4\u00e4st\u00f6pankki, S-Pankki, Aktia).&nbsp;<br>K\u00e4ytt\u00e4m\u00e4ll\u00e4 Klarna Checkout -palvelua hyv\u00e4ksyt Klarna AB:n (556737-0431, Sveav\u00e4gen 46, 111 34 Tukholma) ehdot, jotka n\u00e4kyv\u00e4t oston yhteydess\u00e4.&nbsp;<\/p>\n\n\n\n<p>Mik\u00e4li teill\u00e4 on maksamiseen liittyvi\u00e4 kysymyksi\u00e4, pyyd\u00e4mme ottamaan suoraan yhteytt\u00e4 Klarnan asiakaspalveluun puh. 09-425 99 771 tai info@klarna.fi.&nbsp;<\/p>\n\n\n\n<p>Mik\u00e4li valitsette maksutavaksi Klarna laskun, saatte laskun s\u00e4hk\u00f6postiin, kun tilaamanne tuote l\u00e4htee verkkokaupasta.&nbsp;<\/p>\n\n\n\n<p><strong>Tilausvahvistus&nbsp;<\/strong>&nbsp;<\/p>\n\n\n\n<p>Onnistuneen tilauksen j\u00e4lkeen teille saapuu tilausvahvistus s\u00e4hk\u00f6postiin.&nbsp;<\/p>\n\n\n\n<p><strong>Toimitustapa ja toimituskulut<\/strong>&nbsp;<\/p>\n\n\n\n<p>T\u00e4ll\u00e4 hetkell\u00e4 toimitustavaksi on valittavissa postitus. Toimituskulu on 3,5 \u20ac. Toimitamme paketit Suomeen.\u00a0Verkkokaupalla ei ole myym\u00e4l\u00e4\u00e4, eik\u00e4 tuotteita voi hakea itse.\u00a0Tilaukset jotka ovat 50\u20ac tai ylitt\u00e4v\u00e4t sen, toimitamme ilman toimituskuluja. Maksuton toimitus n\u00e4kyy ostoskorilla ja kassalla.<\/p>\n\n\n\n<p><strong>Toimitusaika<\/strong>&nbsp;<\/p>\n\n\n\n<p>Teemme aina parhaamme, ett\u00e4 jokainen asiakas saisi tilauksen mahdollisimman nopeasti.&nbsp;Yleens\u00e4 tilauksen toimitus tapahtuu 1-2 arkip\u00e4iv\u00e4n aikana. Varastosta puuttuvilla tai muuten henkil\u00f6kohtaisesti valmistetuilla tuotteilla toimitusaika on 1-2 viikkoa.<\/p>\n\n\n\n<p><strong>Palautusoikeus<\/strong>&nbsp;<\/p>\n\n\n\n<p>Verkkokaupasta ostetuilla tuotteilla on 14 vuorokauden palautusoikeus, joka lasketaan alkavaksi siit\u00e4 hetkest\u00e4 kun asiakas fyysisesti vastaanottaa tuotteen. Tilaaja maksaa palautuksen postikulut itse.&nbsp;<\/p>\n\n\n\n<p>Jos haluatte k\u00e4ytt\u00e4\u00e4 palautusoikeutta, olkaa yst\u00e4v\u00e4llisesti aina ensiksi yhteydess\u00e4 meihin, niin autamme teit\u00e4 peruutuksen kanssa.&nbsp;<\/p>\n\n\n\n<p>Oikeutenne palauttaa ostos tapahtuu ilmoittamalla siit\u00e4 ensin meille s\u00e4hk\u00f6postiosoitteeseen shop@clairessweetbowtique.com, viimeist\u00e4\u00e4n 14 p\u00e4iv\u00e4n kuluttua tuotteen vastaanottamisesta.&nbsp;<\/p>\n\n\n\n<p>Pelkk\u00e4 tavaran palauttaminen tai noutamatta j\u00e4tt\u00e4minen postista ilman erillist\u00e4 peruuttamista koskevaa ilmoitusta ei riit\u00e4.&nbsp;<\/p>\n\n\n\n<p>Palautusoikeus koskee vain alkuper\u00e4ispakkauksessa olevia k\u00e4ytt\u00e4m\u00e4tt\u00f6mi\u00e4 tuotteita.&nbsp;<\/p>\n\n\n\n<p>Palautusoikeus koskee kaikkia tuotteita lukuun ottamatta <strong>korvakoruja<\/strong> sek\u00e4 <strong>l\u00e4vistyskoruja<\/strong>.&nbsp;&nbsp;<\/p>\n\n\n\n<p>HUOM! L\u00e4vistyskoruilla sek\u00e4 korvakoruilla ei ole palautusoikeutta johtuen hygieniasyist\u00e4, koska palautettua tuotetta ei voi myyd\u00e4 uudelleen (Kuluttajasuojalaki 6:16 \u00a7).&nbsp;<\/p>\n\n\n\n<p>Palautamme viivytyksett\u00e4 ja viimeist\u00e4\u00e4n 14 p\u00e4iv\u00e4n kuluttua tuotteen meille saapumisesta maksamanne maksusuoritukset. Palautamme maksut samalla maksutavalla, jota olette k\u00e4ytt\u00e4neet maksaessanne tuotteen. Mik\u00e4li tuote on olennaisesti muuttunut tai sen arvo on v\u00e4hentynyt ei teill\u00e4 ole oikeutta saada takaisin kaikkia maksusuorituksia.&nbsp;<\/p>\n\n\n\n<p><strong>Vika tuotteessa&nbsp;<\/strong>&nbsp;<\/p>\n\n\n\n<p>Mik\u00e4li tuote olisi mahdollisesti viallinen, pyyd\u00e4mme teit\u00e4 yst\u00e4v\u00e4llisesti olemaan meihin yhteydess\u00e4 s\u00e4hk\u00f6postitse.&nbsp;<\/p>\n\n\n\n<p><strong>Hinnat<\/strong>&nbsp;<\/p>\n\n\n\n<p>Verkkokaupassa myyt\u00e4v\u00e4t tuotteen eiv\u00e4t sis\u00e4ll\u00e4 ALV:a (ALV 0%). Yritys. ei ole ALV verovelvollinen.\u00a0<\/p>\n\n\n\n<p>Pid\u00e4t\u00e4mme oikeuden hintojen ja toimituskulujen muutoksiin.&nbsp;<\/p>\n\n\n\n<p>Claire\u2019s Sweet Bowtiquen tuotteen ovat kaikki itse Suomessa valmistettuja ja parhaita mahdollisia raaka-aineita k\u00e4ytt\u00e4en. P\u00e4\u00e4s\u00e4\u00e4nt\u00f6isesti korut valmistetaan laadukkaasta koruhartsista. Ketjut ovat ter\u00e4st\u00e4 tai hopeoitua. Katso tarkempi kuvaus kunkin tuotteen kuvauksesta.&nbsp;<\/p>\n\n\n\n<p><\/p>\n","protected":false},"excerpt":{"rendered":"<p>Tilaaminen&nbsp; Tilattaessa verkkokaupasta clairessweetbowtique.com (j\u00e4ljemp\u00e4n\u00e4 verkkokauppa), asiakkaan edellytet\u00e4\u00e4n tutustuneen ja sitoutuneen voimassa oleviin toimitusehtoihin, jotka on kuvattu t\u00e4ll\u00e4 sivulla.&nbsp; Maksaminen ja maksutavat&nbsp; Verkkokaupassa on k\u00e4yt\u00f6ss\u00e4 Klarna Checkout -palvelu, jolla voitte helposti, joustavasti ja turvallisesti tehd\u00e4 ostoksia. Vastaamalla kysymyksiin tunnistaudut palvelussa k\u00e4tev\u00e4sti ja voit valita sinulle parhaiten sopivan maksutavan.&nbsp; K\u00e4yt\u00f6ss\u00e4si olevat vaihtoehdot ovat Klarna lasku, Klarna [&hellip;]<\/p>\n","protected":false},"author":2,"featured_media":0,"parent":0,"menu_order":0,"comment_status":"closed","ping_status":"closed","template":"","meta":{"footnotes":""},"class_list":["post-11","page","type-page","status-publish","hentry"],"_links":{"self":[{"href":"https:\/\/clairessweetbowtique.com\/index.php\/wp-json\/wp\/v2\/pages\/11","targetHints":{"allow":["GET"]}}],"collection":[{"href":"https:\/\/clairessweetbowtique.com\/index.php\/wp-json\/wp\/v2\/pages"}],"about":[{"href":"https:\/\/clairessweetbowtique.com\/index.php\/wp-json\/wp\/v2\/types\/page"}],"author":[{"embeddable":true,"href":"https:\/\/clairessweetbowtique.com\/index.php\/wp-json\/wp\/v2\/users\/2"}],"replies":[{"embeddable":true,"href":"https:\/\/clairessweetbowtique.com\/index.php\/wp-json\/wp\/v2\/comments?post=11"}],"version-history":[{"count":32,"href":"https:\/\/clairessweetbowtique.com\/index.php\/wp-json\/wp\/v2\/pages\/11\/revisions"}],"predecessor-version":[{"id":878,"href":"https:\/\/clairessweetbowtique.com\/index.php\/wp-json\/wp\/v2\/pages\/11\/revisions\/878"}],"wp:attachment":[{"href":"https:\/\/clairessweetbowtique.com\/index.php\/wp-json\/wp\/v2\/media?parent=11"}],"curies":[{"name":"wp","href":"https:\/\/api.w.org\/{rel}","templated":true}]}}