{"id":110,"date":"2022-03-05T21:22:15","date_gmt":"2022-03-05T19:22:15","guid":{"rendered":"https:\/\/clairessweetbowtique.com\/?page_id=110"},"modified":"2024-03-10T18:35:11","modified_gmt":"2024-03-10T16:35:11","slug":"privacy-policy","status":"publish","type":"page","link":"https:\/\/clairessweetbowtique.com\/index.php\/privacy-policy\/","title":{"rendered":"Tietosuojaseloste"},"content":{"rendered":"\n<p>Verkkosivustomme osoite on: https:\/\/clairessweetbowtique.com.<\/p>\n\n\n\n<p>Rekisterinpit\u00e4j\u00e4:\u00a0<br>Claire\u2019s Sweet Bowtique\u00a0<br>3263843-9<br>02200 ESPOO<\/p>\n\n\n\n<p>Ker\u00e4\u00e4mme henkil\u00f6tietojanne asiakassuhteen hoitamista varten ja pakettien l\u00e4hetyksi\u00e4 varten.&nbsp;Henkil\u00f6tietojen k\u00e4sittelyn oikeusperusteena on teid\u00e4n ja meid\u00e4n v\u00e4linen sopimus, ja sopimuksen johtuvat lakis\u00e4\u00e4teiset velvoitteet. Henkil\u00f6tietojen antaminen on edellytys sopimuksen syntymiselle. Ette valitettavasti voi tilata verkkokaupastamme tuotteitamme,&nbsp; mik\u00e4li emme saa ker\u00e4t\u00e4 henkil\u00f6tietojanne. Henkil\u00f6tietojen k\u00e4sittelyn oikeusperusteena on teid\u00e4n antama suostumus. Emme tee teit\u00e4 koskevia profilointeja. K\u00e4yt\u00e4mme henkil\u00f6tietojanne ainoastaan tilaukseen liittyviin toimenpiteisiin ja mahdolliseen markkinointiin.&nbsp;<\/p>\n\n\n\n<p>Henkil\u00f6tietojanne vastaanottavat:&nbsp;<br>Yrityksemme ja yrityksemme ty\u00f6ntekij\u00e4t, maksunv\u00e4litt\u00e4j\u00e4, Klarna Ab, kuljetusyritys, Posti, tilitoimistomme ja tilintarkastaja sek\u00e4 IT-tuki.&nbsp;<\/p>\n\n\n\n<p>S\u00e4ilyt\u00e4mme henkil\u00f6tietojanne verkkokaupassa viiden vuoden ajan, s\u00e4hk\u00f6postiarkistossa seitsem\u00e4n vuoden ajan ja kirjanpitoaineistossa seitsem\u00e4n vuoden ajan.&nbsp;<\/p>\n\n\n\n<p><strong>Mit\u00e4 oikeuksia sinulla on omaan tietoosi<\/strong><\/p>\n\n\n\n<p>Mik\u00e4li olet tilannut tuotteita t\u00e4lt\u00e4 sivustolta, voit pyyt\u00e4\u00e4 koostetiedostoa omista henkil\u00f6tiedoistasi, sis\u00e4lt\u00e4en kaiken henkil\u00f6tiedon, jonka olet meille antanut. Voit my\u00f6s pyyt\u00e4\u00e4 henkil\u00f6tietojesi poistoa. Oikeus omien tietojen poistoon ei koske sellaista henkil\u00f6tietoa, joka meid\u00e4n on s\u00e4ilytett\u00e4v\u00e4 yll\u00e4pidollisista, juridisista tai tietoturvaan liittyvist\u00e4 syist\u00e4.<\/p>\n\n\n\n<p>Teill\u00e4 on seuraavat oikeudet: oikeus tarkastaa itse\u00e4si koskevat henkil\u00f6tiedot, oikeus tietojen oikaisemiseen, oikeus k\u00e4sittelyn rajoittamiseen (esim. markkinointikielto), oikeus vastustaa k\u00e4sittely\u00e4, oikeus peruuttaa suostumus (voit esimerkiksi peruuttaa suostumuksesi markkinointiin), oikeus tehd\u00e4 valitus valvontaviranomaiselle.&nbsp;<\/p>\n\n\n\n<p><strong>Riitatilanne<\/strong>&nbsp;<\/p>\n\n\n\n<p>Myyj\u00e4n ja ostajan v\u00e4liset riitatilanteet voidaan ratkaista, joko myyj\u00e4n kotipaikkakunnan alioikeudessa tai v\u00e4limiesmenettelyss\u00e4.&nbsp;<\/p>\n\n\n\n<p>Jos kauppasopimusta koskevaa erimielisyytt\u00e4 ei saada ratkaistuksi osapuolten v\u00e4lisill\u00e4 neuvotteluilla, kuluttaja voi saattaa asian kuluttajariitalautakunnan ratkaistavaksi (www.kuluttajariita.fi).&nbsp;<\/p>\n\n\n\n<p>Mahdollisissa kauppaan liittyviss\u00e4 ongelmatilanteissa, olkaa yst\u00e4v\u00e4llisesti yhteydess\u00e4 meihin s\u00e4hk\u00f6postitse.&nbsp;<br><\/p>\n","protected":false},"excerpt":{"rendered":"<p>Verkkosivustomme osoite on: https:\/\/clairessweetbowtique.com. Rekisterinpit\u00e4j\u00e4:\u00a0Claire\u2019s Sweet Bowtique\u00a03263843-902200 ESPOO Ker\u00e4\u00e4mme henkil\u00f6tietojanne asiakassuhteen hoitamista varten ja pakettien l\u00e4hetyksi\u00e4 varten.&nbsp;Henkil\u00f6tietojen k\u00e4sittelyn oikeusperusteena on teid\u00e4n ja meid\u00e4n v\u00e4linen sopimus, ja sopimuksen johtuvat lakis\u00e4\u00e4teiset velvoitteet. Henkil\u00f6tietojen antaminen on edellytys sopimuksen syntymiselle. Ette valitettavasti voi tilata verkkokaupastamme tuotteitamme,&nbsp; mik\u00e4li emme saa ker\u00e4t\u00e4 henkil\u00f6tietojanne. Henkil\u00f6tietojen k\u00e4sittelyn oikeusperusteena on teid\u00e4n antama suostumus. Emme [&hellip;]<\/p>\n","protected":false},"author":2,"featured_media":0,"parent":0,"menu_order":0,"comment_status":"closed","ping_status":"closed","template":"","meta":{"footnotes":""},"class_list":["post-110","page","type-page","status-publish","hentry"],"_links":{"self":[{"href":"https:\/\/clairessweetbowtique.com\/index.php\/wp-json\/wp\/v2\/pages\/110","targetHints":{"allow":["GET"]}}],"collection":[{"href":"https:\/\/clairessweetbowtique.com\/index.php\/wp-json\/wp\/v2\/pages"}],"about":[{"href":"https:\/\/clairessweetbowtique.com\/index.php\/wp-json\/wp\/v2\/types\/page"}],"author":[{"embeddable":true,"href":"https:\/\/clairessweetbowtique.com\/index.php\/wp-json\/wp\/v2\/users\/2"}],"replies":[{"embeddable":true,"href":"https:\/\/clairessweetbowtique.com\/index.php\/wp-json\/wp\/v2\/comments?post=110"}],"version-history":[{"count":5,"href":"https:\/\/clairessweetbowtique.com\/index.php\/wp-json\/wp\/v2\/pages\/110\/revisions"}],"predecessor-version":[{"id":840,"href":"https:\/\/clairessweetbowtique.com\/index.php\/wp-json\/wp\/v2\/pages\/110\/revisions\/840"}],"wp:attachment":[{"href":"https:\/\/clairessweetbowtique.com\/index.php\/wp-json\/wp\/v2\/media?parent=110"}],"curies":[{"name":"wp","href":"https:\/\/api.w.org\/{rel}","templated":true}]}}