{"id":253,"date":"2022-03-27T21:11:20","date_gmt":"2022-03-27T19:11:20","guid":{"rendered":"https:\/\/clairessweetbowtique.com\/?page_id=253"},"modified":"2023-09-28T19:21:02","modified_gmt":"2023-09-28T17:21:02","slug":"tietoa-yrityksesta","status":"publish","type":"page","link":"https:\/\/clairessweetbowtique.com\/index.php\/tietoa-yrityksesta\/","title":{"rendered":"Tietoa Yrityksest\u00e4"},"content":{"rendered":"\n<blockquote class=\"wp-block-quote is-layout-flow wp-block-quote-is-layout-flow\">\n<p>Suomalaista puettavaa taidetta <\/p>\n<cite>suoraan tekij\u00e4lt\u00e4<\/cite><\/blockquote>\n\n\n\n<blockquote class=\"wp-block-quote is-layout-flow wp-block-quote-is-layout-flow\">\n<p>Valmistamme<\/p>\n<cite>tuotteet itse k\u00e4sity\u00f6n\u00e4<\/cite><\/blockquote>\n\n\n\n<blockquote class=\"wp-block-quote is-layout-flow wp-block-quote-is-layout-flow\">\n<p>Koruissa<\/p>\n<cite>k\u00e4ytet\u00e4\u00e4n aitoja kukkia<\/cite><\/blockquote>\n\n\n\n<blockquote class=\"wp-block-quote is-layout-flow wp-block-quote-is-layout-flow\">\n<p>P\u00e4\u00e4s\u00e4\u00e4nt\u00f6isesti korut <\/p>\n<cite><em>valmistetaan laadukkaasta koruhartsista<\/em>, hopeasta ja ter\u00e4ksest\u00e4<\/cite><\/blockquote>\n\n\n\n<blockquote class=\"wp-block-quote is-style-default is-layout-flow wp-block-quote-is-layout-flow\">\n<p>Toimimme<\/p>\n<cite>Suomessa<\/cite><\/blockquote>\n\n\n\n<blockquote class=\"wp-block-quote is-layout-flow wp-block-quote-is-layout-flow\">\n<p>Kaikki tuotteet<\/p>\n<cite>ovat uniikkeja ja niit\u00e4 on vain rajallinen m\u00e4\u00e4r\u00e4<\/cite><\/blockquote>\n\n\n\n<blockquote class=\"wp-block-quote is-layout-flow wp-block-quote-is-layout-flow\">\n<p>Tuotteet valmistetaan <\/p>\n<cite>ymp\u00e4rist\u00f6yst\u00e4v\u00e4llisesti uusiutuvalla energialla <\/cite><\/blockquote>\n\n\n\n<blockquote class=\"wp-block-quote is-layout-flow wp-block-quote-is-layout-flow\">\n<p>Verkkokauppa<\/p>\n<cite>on suomessa ja toimii uusiutuvalla energialla<\/cite><\/blockquote>\n\n\n\n<blockquote class=\"wp-block-quote is-layout-flow wp-block-quote-is-layout-flow\">\n<p>Verkkokauppa<\/p>\n<cite>on eritt\u00e4in turvallinen ja maksutiedot v\u00e4littyv\u00e4t suoraan salattuna maksupalveluun Klarnalle (euroopan laajuinen pankki) <strong><em>eiv\u00e4tk\u00e4 ole kenenk\u00e4\u00e4n n\u00e4ht\u00e4vill\u00e4<\/em><\/strong>. Maksuv\u00e4lineiden tiedot, kuten luottokortin tiedot, eiv\u00e4t ole koskaan t\u00e4ss\u00e4 verkkokaupassa. <\/cite><\/blockquote>\n\n\n\n<blockquote class=\"wp-block-quote is-layout-flow wp-block-quote-is-layout-flow\">\n<p>Tarvittaessa voit aina kysy\u00e4 meilt\u00e4 s\u00e4hk\u00f6postitse<\/p>\n<cite>shop@clairessweetbowtique.com<\/cite><\/blockquote>\n\n\n\n<p><\/p>\n","protected":false},"excerpt":{"rendered":"<p>Suomalaista puettavaa taidetta suoraan tekij\u00e4lt\u00e4 Valmistamme tuotteet itse k\u00e4sity\u00f6n\u00e4 Koruissa k\u00e4ytet\u00e4\u00e4n aitoja kukkia P\u00e4\u00e4s\u00e4\u00e4nt\u00f6isesti korut valmistetaan laadukkaasta koruhartsista, hopeasta ja ter\u00e4ksest\u00e4 Toimimme Suomessa Kaikki tuotteet ovat uniikkeja ja niit\u00e4 on vain rajallinen m\u00e4\u00e4r\u00e4 Tuotteet valmistetaan ymp\u00e4rist\u00f6yst\u00e4v\u00e4llisesti uusiutuvalla energialla Verkkokauppa on suomessa ja toimii uusiutuvalla energialla Verkkokauppa on eritt\u00e4in turvallinen ja maksutiedot v\u00e4littyv\u00e4t suoraan salattuna maksupalveluun [&hellip;]<\/p>\n","protected":false},"author":1,"featured_media":0,"parent":0,"menu_order":0,"comment_status":"closed","ping_status":"closed","template":"","meta":{"footnotes":""},"class_list":["post-253","page","type-page","status-publish","hentry"],"_links":{"self":[{"href":"https:\/\/clairessweetbowtique.com\/index.php\/wp-json\/wp\/v2\/pages\/253","targetHints":{"allow":["GET"]}}],"collection":[{"href":"https:\/\/clairessweetbowtique.com\/index.php\/wp-json\/wp\/v2\/pages"}],"about":[{"href":"https:\/\/clairessweetbowtique.com\/index.php\/wp-json\/wp\/v2\/types\/page"}],"author":[{"embeddable":true,"href":"https:\/\/clairessweetbowtique.com\/index.php\/wp-json\/wp\/v2\/users\/1"}],"replies":[{"embeddable":true,"href":"https:\/\/clairessweetbowtique.com\/index.php\/wp-json\/wp\/v2\/comments?post=253"}],"version-history":[{"count":7,"href":"https:\/\/clairessweetbowtique.com\/index.php\/wp-json\/wp\/v2\/pages\/253\/revisions"}],"predecessor-version":[{"id":809,"href":"https:\/\/clairessweetbowtique.com\/index.php\/wp-json\/wp\/v2\/pages\/253\/revisions\/809"}],"wp:attachment":[{"href":"https:\/\/clairessweetbowtique.com\/index.php\/wp-json\/wp\/v2\/media?parent=253"}],"curies":[{"name":"wp","href":"https:\/\/api.w.org\/{rel}","templated":true}]}}