{"id":142,"date":"2022-03-24T12:52:19","date_gmt":"2022-03-24T10:52:19","guid":{"rendered":"https:\/\/clairessweetbowtique.com\/?post_type=product&#038;p=142"},"modified":"2022-05-25T18:20:04","modified_gmt":"2022-05-25T16:20:04","slug":"groovy-flower","status":"publish","type":"product","link":"https:\/\/clairessweetbowtique.com\/index.php\/tuote\/groovy-flower\/","title":{"rendered":"Groovy Flower"},"content":{"rendered":"<p>Kuvaus<\/p>\n<p>N\u00e4m\u00e4 groovy-korvakorut on valmistettu polymeerisavesta, joten sen kevyt ja kiilt\u00e4v\u00e4 pintakerros on hartsia. Se on ainutlaatuinen muotoilultaan ja upea asuste. Kaikki korvakorumme ovat erityisesti valmistettuja ja k\u00e4sintehtyj\u00e4 rakkaudella. Nastat ovat hypoallergeenisia ruostumatonta ter\u00e4st\u00e4.<\/p>\n<p style=\"text-align: center\">\ud83c\uddec\ud83c\udde7<\/p>\n<p>Description<\/p>\n<p>These groovy\u00a0 earrings are made from polymer clay so its lightweight and a shiny top layer of resin.\u00a0 It&#8217;s unique design and great outfit.\u00a0 All our earrings are specially crafted and handmade with love. The studs are hypoallergenic Stainless steel.<\/p>\n<p>&nbsp;<\/p>\n","protected":false},"excerpt":{"rendered":"<p>Groovy-korvakorut n\u00e4ytt\u00e4v\u00e4t upeilta silmiinpist\u00e4v\u00e4n keltaisen ja vaaleanpunaisen v\u00e4rin sek\u00e4 kukkamuodon ansiosta! Mukava ja kest\u00e4v\u00e4.<\/p>\n<p style=\"text-align: center\">\ud83c\uddec\ud83c\udde7<\/p>\n<p>Groovy earrings look stunning due to the eye-catching yellow and pink colors and flower shape! Comfortable and durable.<\/p>\n","protected":false},"featured_media":143,"template":"","meta":[],"product_brand":[],"product_cat":[26],"product_tag":[27],"class_list":{"0":"post-142","1":"product","2":"type-product","3":"status-publish","4":"has-post-thumbnail","6":"product_cat-polymer-clay-earrings","7":"product_tag-polymer-clay","9":"first","10":"outofstock","11":"taxable","12":"shipping-taxable","13":"purchasable","14":"product-type-simple"},"_links":{"self":[{"href":"https:\/\/clairessweetbowtique.com\/index.php\/wp-json\/wp\/v2\/product\/142","targetHints":{"allow":["GET"]}}],"collection":[{"href":"https:\/\/clairessweetbowtique.com\/index.php\/wp-json\/wp\/v2\/product"}],"about":[{"href":"https:\/\/clairessweetbowtique.com\/index.php\/wp-json\/wp\/v2\/types\/product"}],"wp:featuredmedia":[{"embeddable":true,"href":"https:\/\/clairessweetbowtique.com\/index.php\/wp-json\/wp\/v2\/media\/143"}],"wp:attachment":[{"href":"https:\/\/clairessweetbowtique.com\/index.php\/wp-json\/wp\/v2\/media?parent=142"}],"wp:term":[{"taxonomy":"product_brand","embeddable":true,"href":"https:\/\/clairessweetbowtique.com\/index.php\/wp-json\/wp\/v2\/product_brand?post=142"},{"taxonomy":"product_cat","embeddable":true,"href":"https:\/\/clairessweetbowtique.com\/index.php\/wp-json\/wp\/v2\/product_cat?post=142"},{"taxonomy":"product_tag","embeddable":true,"href":"https:\/\/clairessweetbowtique.com\/index.php\/wp-json\/wp\/v2\/product_tag?post=142"}],"curies":[{"name":"wp","href":"https:\/\/api.w.org\/{rel}","templated":true}]}}