{"id":154,"date":"2022-03-24T14:41:01","date_gmt":"2022-03-24T12:41:01","guid":{"rendered":"https:\/\/clairessweetbowtique.com\/?post_type=product&#038;p=154"},"modified":"2022-09-30T08:20:01","modified_gmt":"2022-09-30T06:20:01","slug":"groovy-cactus-earrings","status":"publish","type":"product","link":"https:\/\/clairessweetbowtique.com\/index.php\/tuote\/groovy-cactus-earrings\/","title":{"rendered":"Groovy Cactus Earrings"},"content":{"rendered":"<p>Groovy Cactus -korvakorut on k\u00e4sintehty polymeerisavesta ja p\u00e4\u00e4llystetty kiilt\u00e4v\u00e4ll\u00e4 hartsilla. N\u00e4m\u00e4 suloiset kaktuskorvakorut ovat ainutlaatuisia katseenvangitsijoita, keltaisella\/vaaleanpunaisella v\u00e4rill\u00e4. Nastat ovat ruostumatonta ter\u00e4st\u00e4 ja hypoallergeenisia.<\/p>\n<p style=\"text-align: center\">\ud83c\uddec\ud83c\udde7<\/p>\n<p>Groovy Cactus earrings are handmade from Polymer Clay with coated in shiny resin. These cute cactus earrings are unique and eye-catching with yellow\/pink colors.\u00a0 Studs are stainless steel and hypoallergenic.<\/p>\n","protected":false},"excerpt":{"rendered":"<p>Groovy Cactus korvakorut<\/p>\n<p>N\u00e4m\u00e4 korvakorut ovat niin mukavia k\u00e4ytt\u00e4\u00e4 ja kevyit\u00e4. Se on niin s\u00f6p\u00f6 ja ainutlaatuinen!<\/p>\n<p style=\"text-align: center\">\ud83c\uddec\ud83c\udde7<\/p>\n<p>Groovy Cactus Earrings<\/p>\n<p>These earrings are so comfortable to wear and lightweight. It&#8217;s so cute and unique!<\/p>\n","protected":false},"featured_media":153,"template":"","meta":[],"product_brand":[],"product_cat":[26],"product_tag":[],"class_list":{"0":"post-154","1":"product","2":"type-product","3":"status-publish","4":"has-post-thumbnail","6":"product_cat-polymer-clay-earrings","8":"first","9":"outofstock","10":"taxable","11":"shipping-taxable","12":"purchasable","13":"product-type-simple"},"_links":{"self":[{"href":"https:\/\/clairessweetbowtique.com\/index.php\/wp-json\/wp\/v2\/product\/154","targetHints":{"allow":["GET"]}}],"collection":[{"href":"https:\/\/clairessweetbowtique.com\/index.php\/wp-json\/wp\/v2\/product"}],"about":[{"href":"https:\/\/clairessweetbowtique.com\/index.php\/wp-json\/wp\/v2\/types\/product"}],"wp:featuredmedia":[{"embeddable":true,"href":"https:\/\/clairessweetbowtique.com\/index.php\/wp-json\/wp\/v2\/media\/153"}],"wp:attachment":[{"href":"https:\/\/clairessweetbowtique.com\/index.php\/wp-json\/wp\/v2\/media?parent=154"}],"wp:term":[{"taxonomy":"product_brand","embeddable":true,"href":"https:\/\/clairessweetbowtique.com\/index.php\/wp-json\/wp\/v2\/product_brand?post=154"},{"taxonomy":"product_cat","embeddable":true,"href":"https:\/\/clairessweetbowtique.com\/index.php\/wp-json\/wp\/v2\/product_cat?post=154"},{"taxonomy":"product_tag","embeddable":true,"href":"https:\/\/clairessweetbowtique.com\/index.php\/wp-json\/wp\/v2\/product_tag?post=154"}],"curies":[{"name":"wp","href":"https:\/\/api.w.org\/{rel}","templated":true}]}}