{"id":155,"date":"2022-03-24T20:26:31","date_gmt":"2022-03-24T18:26:31","guid":{"rendered":"https:\/\/clairessweetbowtique.com\/?post_type=product&#038;p=155"},"modified":"2022-09-30T08:44:32","modified_gmt":"2022-09-30T06:44:32","slug":"pansy-flower-ring","status":"publish","type":"product","link":"https:\/\/clairessweetbowtique.com\/index.php\/tuote\/pansy-flower-ring\/","title":{"rendered":"Pansy Flower Ring"},"content":{"rendered":"<p>Kaunis s\u00e4\u00e4dett\u00e4v\u00e4 sormus aidosta Orvokista. N\u00e4m\u00e4 kukat on p\u00e4\u00e4llystetty kiilt\u00e4v\u00e4ll\u00e4 hartsilla, jotta niiden kauneus s\u00e4ilyisi lasimaisella pinnalla. Kuvittele, ett\u00e4 t\u00e4m\u00e4 kaunis Orvokki-kukkasormus on ainutlaatuinen luomus, joka sopii t\u00e4ydellisesti viralliseen tai ep\u00e4viralliseen tilaisuuteen. Se on my\u00f6s t\u00e4ydellinen lahja! Sormus on valmistettu ruostumattomasta Hypoallergeenisest\u00e4-ter\u00e4ksest\u00e4 ja koko on s\u00e4\u00e4dett\u00e4viss\u00e4. Muista, ett\u00e4 jokainen kukka on ainutlaatuinen, aivan kuten luonto\u00e4iti on tarkoittanut.<\/p>\n<p style=\"text-align: center\">\ud83c\uddec\ud83c\udde7<\/p>\n<p>Beautiful adjustable ring made with real pansy flower.\u00a0 These flowers are coated with shiny resin to treasure their beauty on a glasslike surface. Imagine this beautiful Pansy flower ring are unique creation that will be perfect for a formal or informal occasion.\u00a0 It is also a perfect gift! The ring is made from stainless steel Hypoallergenic and adjustable size. Please keep in mind each flower is unique, just as Mother Nature intended.<\/p>\n","protected":false},"excerpt":{"rendered":"<p>Aito Orvokki kukkasormus<\/p>\n<p>Kaunis sormus aidolla Orvokkilla. Orvokki symboloi yhden ihmisen rakkautta tai ihailua toista kohtaan. T\u00e4ydelliset lahjat itsellesi ja l\u00e4heisillesi.<br \/>\nHerkk\u00e4 ja kevyt sormus.<\/p>\n<p style=\"text-align: center\">\ud83c\uddec\ud83c\udde7<\/p>\n<p>Real Pansy Flower Ring<\/p>\n<p>Beautiful ring with real pansy flower. The Pansy flower symbolizes the love or admiration of one person for another. Perfect gifts for yourself and loved ones.<br \/>\nDelicate and lightweight ring.<\/p>\n","protected":false},"featured_media":156,"template":"","meta":[],"product_brand":[],"product_cat":[28],"product_tag":[],"class_list":{"0":"post-155","1":"product","2":"type-product","3":"status-publish","4":"has-post-thumbnail","6":"product_cat-resin-real-floral-ring","8":"first","9":"outofstock","10":"taxable","11":"shipping-taxable","12":"purchasable","13":"product-type-simple"},"_links":{"self":[{"href":"https:\/\/clairessweetbowtique.com\/index.php\/wp-json\/wp\/v2\/product\/155","targetHints":{"allow":["GET"]}}],"collection":[{"href":"https:\/\/clairessweetbowtique.com\/index.php\/wp-json\/wp\/v2\/product"}],"about":[{"href":"https:\/\/clairessweetbowtique.com\/index.php\/wp-json\/wp\/v2\/types\/product"}],"wp:featuredmedia":[{"embeddable":true,"href":"https:\/\/clairessweetbowtique.com\/index.php\/wp-json\/wp\/v2\/media\/156"}],"wp:attachment":[{"href":"https:\/\/clairessweetbowtique.com\/index.php\/wp-json\/wp\/v2\/media?parent=155"}],"wp:term":[{"taxonomy":"product_brand","embeddable":true,"href":"https:\/\/clairessweetbowtique.com\/index.php\/wp-json\/wp\/v2\/product_brand?post=155"},{"taxonomy":"product_cat","embeddable":true,"href":"https:\/\/clairessweetbowtique.com\/index.php\/wp-json\/wp\/v2\/product_cat?post=155"},{"taxonomy":"product_tag","embeddable":true,"href":"https:\/\/clairessweetbowtique.com\/index.php\/wp-json\/wp\/v2\/product_tag?post=155"}],"curies":[{"name":"wp","href":"https:\/\/api.w.org\/{rel}","templated":true}]}}