{"id":159,"date":"2022-03-24T14:41:28","date_gmt":"2022-03-24T12:41:28","guid":{"rendered":"https:\/\/clairessweetbowtique.com\/?post_type=product&#038;p=159"},"modified":"2024-05-19T11:57:51","modified_gmt":"2024-05-19T09:57:51","slug":"forget-me-not-flower-earrings","status":"publish","type":"product","link":"https:\/\/clairessweetbowtique.com\/index.php\/tuote\/forget-me-not-flower-earrings\/","title":{"rendered":"FORGET-ME-NOT Flower Earrings"},"content":{"rendered":"<p>Kukkahartsikorvakorut puristetulla sinisill\u00e4 aidoilla Lemmikki-kukilla. N\u00e4m\u00e4 korvakorut ovat kevyit\u00e4 ja mukavia k\u00e4ytt\u00e4\u00e4. Rengas on valmistettu hypoallergeenisesta ruostumattomasta ter\u00e4ksest\u00e4. Lemmikki-symboloi rakkautta, yst\u00e4vyytt\u00e4 ja muistoja. Todellinen, merkityksellinen lahja ikuisesti s\u00e4ilytett\u00e4v\u00e4ksi.<\/p>\n<p style=\"text-align: center;\">\ud83c\uddec\ud83c\udde7<\/p>\n<p>Flower resin earrings with pressed blue Forget me not real\u00a0 flowers. These earrings are lightweight and comfortable to wear. Hoop is made of hypoallergenic stainless steel. Forget me not symbolized love, friendship and memories. A real meaningful gift to treasure forever.<\/p>\n","protected":false},"excerpt":{"rendered":"<p>Ainutlaatuinen taidekoru ja t\u00e4ydellinen lahja jollekulle, jota rakastat.<\/p>\n<p style=\"text-align: center;\">\ud83c\uddec\ud83c\udde7<\/p>\n<p>A unique\u00a0 jewellery piece of art and Perfect gift to someone you treasure.<\/p>\n","protected":false},"featured_media":160,"template":"","meta":[],"product_brand":[],"product_cat":[30],"product_tag":[],"class_list":{"0":"post-159","1":"product","2":"type-product","3":"status-publish","4":"has-post-thumbnail","6":"product_cat-resin-jewellery","8":"first","9":"onbackorder","10":"taxable","11":"shipping-taxable","12":"purchasable","13":"product-type-simple"},"_links":{"self":[{"href":"https:\/\/clairessweetbowtique.com\/index.php\/wp-json\/wp\/v2\/product\/159","targetHints":{"allow":["GET"]}}],"collection":[{"href":"https:\/\/clairessweetbowtique.com\/index.php\/wp-json\/wp\/v2\/product"}],"about":[{"href":"https:\/\/clairessweetbowtique.com\/index.php\/wp-json\/wp\/v2\/types\/product"}],"wp:featuredmedia":[{"embeddable":true,"href":"https:\/\/clairessweetbowtique.com\/index.php\/wp-json\/wp\/v2\/media\/160"}],"wp:attachment":[{"href":"https:\/\/clairessweetbowtique.com\/index.php\/wp-json\/wp\/v2\/media?parent=159"}],"wp:term":[{"taxonomy":"product_brand","embeddable":true,"href":"https:\/\/clairessweetbowtique.com\/index.php\/wp-json\/wp\/v2\/product_brand?post=159"},{"taxonomy":"product_cat","embeddable":true,"href":"https:\/\/clairessweetbowtique.com\/index.php\/wp-json\/wp\/v2\/product_cat?post=159"},{"taxonomy":"product_tag","embeddable":true,"href":"https:\/\/clairessweetbowtique.com\/index.php\/wp-json\/wp\/v2\/product_tag?post=159"}],"curies":[{"name":"wp","href":"https:\/\/api.w.org\/{rel}","templated":true}]}}