{"id":161,"date":"2022-03-24T14:38:45","date_gmt":"2022-03-24T12:38:45","guid":{"rendered":"https:\/\/clairessweetbowtique.com\/?post_type=product&#038;p=161"},"modified":"2024-01-19T09:58:18","modified_gmt":"2024-01-19T07:58:18","slug":"daisy-flower-hoop-earrings","status":"publish","type":"product","link":"https:\/\/clairessweetbowtique.com\/index.php\/tuote\/daisy-flower-hoop-earrings\/","title":{"rendered":"Daisy Flower Hoop Earrings"},"content":{"rendered":"<p>Kukkahartsikorvakorut kuivatuilla P\u00e4iv\u00e4nkakkaroilla. Rengas on valmistettu hypoallergeenisesta ruostumattomasta ter\u00e4ksest\u00e4 ja mukava k\u00e4ytt\u00e4\u00e4.<\/p>\n<p style=\"text-align: center\">\ud83c\uddec\ud83c\udde7<\/p>\n<p>Flower resin earrings with pressed Daisy flowers. Hoop is made of hypoallergenic stainless steel and comfortable to wear.<\/p>\n","protected":false},"excerpt":{"rendered":"<p>P\u00e4iv\u00e4nkakkara symboloi puhtautta ja viattomuutta, joka tuli kelttil\u00e4isest\u00e4 legendasta. Ne symboloivat my\u00f6s todellista rakkautta.<\/p>\n<p style=\"text-align: center\">\ud83c\uddec\ud83c\udde7<\/p>\n<p>Daisy Flower symbolized Purity and innocence, which came from Celtic legend. They are also symbolized TRUE LOVE.<\/p>\n","protected":false},"featured_media":162,"template":"","meta":[],"product_brand":[],"product_cat":[30],"product_tag":[],"class_list":{"0":"post-161","1":"product","2":"type-product","3":"status-publish","4":"has-post-thumbnail","6":"product_cat-resin-jewellery","8":"first","9":"onbackorder","10":"taxable","11":"shipping-taxable","12":"purchasable","13":"product-type-simple"},"_links":{"self":[{"href":"https:\/\/clairessweetbowtique.com\/index.php\/wp-json\/wp\/v2\/product\/161","targetHints":{"allow":["GET"]}}],"collection":[{"href":"https:\/\/clairessweetbowtique.com\/index.php\/wp-json\/wp\/v2\/product"}],"about":[{"href":"https:\/\/clairessweetbowtique.com\/index.php\/wp-json\/wp\/v2\/types\/product"}],"wp:featuredmedia":[{"embeddable":true,"href":"https:\/\/clairessweetbowtique.com\/index.php\/wp-json\/wp\/v2\/media\/162"}],"wp:attachment":[{"href":"https:\/\/clairessweetbowtique.com\/index.php\/wp-json\/wp\/v2\/media?parent=161"}],"wp:term":[{"taxonomy":"product_brand","embeddable":true,"href":"https:\/\/clairessweetbowtique.com\/index.php\/wp-json\/wp\/v2\/product_brand?post=161"},{"taxonomy":"product_cat","embeddable":true,"href":"https:\/\/clairessweetbowtique.com\/index.php\/wp-json\/wp\/v2\/product_cat?post=161"},{"taxonomy":"product_tag","embeddable":true,"href":"https:\/\/clairessweetbowtique.com\/index.php\/wp-json\/wp\/v2\/product_tag?post=161"}],"curies":[{"name":"wp","href":"https:\/\/api.w.org\/{rel}","templated":true}]}}