{"id":163,"date":"2022-03-24T14:40:09","date_gmt":"2022-03-24T12:40:09","guid":{"rendered":"https:\/\/clairessweetbowtique.com\/?post_type=product&#038;p=163"},"modified":"2024-10-03T16:50:36","modified_gmt":"2024-10-03T14:50:36","slug":"forest-strawberry-earrings","status":"publish","type":"product","link":"https:\/\/clairessweetbowtique.com\/index.php\/tuote\/forest-strawberry-earrings\/","title":{"rendered":"Forest Strawberry Earrings"},"content":{"rendered":"<p>Kukkahartsikorvakorut, joissa sis\u00e4ll\u00e4 OIKEAA luonnollista kuivattua mets\u00e4mansikkaa. Rengas on valmistettu hypoallergeenisesta ruostumattomasta ter\u00e4ksest\u00e4 ja mukava k\u00e4ytt\u00e4\u00e4.<\/p>\n<p style=\"text-align: center\">\ud83c\uddec\ud83c\udde7<\/p>\n<p>Flower resin earrings with REAL natural dried forest strawberry inside. Hoop is made of hypoallergenic stainless steel and comfortable to wear.<\/p>\n","protected":false},"excerpt":{"rendered":"<p>Mets\u00e4mansikka on t\u00e4ydellinen lahja luonnonyst\u00e4ville. Kirkkaan punaiset marjat korvakorut ovat niin s\u00f6p\u00f6j\u00e4!<\/p>\n<p style=\"text-align: center\">\ud83c\uddec\ud83c\udde7<\/p>\n<p>Forest strawberry is a perfect gift for nature lover. Bright red berries earrings are so cute!<\/p>\n","protected":false},"featured_media":164,"template":"","meta":[],"product_brand":[],"product_cat":[29],"product_tag":[],"class_list":{"0":"post-163","1":"product","2":"type-product","3":"status-publish","4":"has-post-thumbnail","6":"product_cat-resin-real-berry-jewellery","8":"first","9":"outofstock","10":"taxable","11":"shipping-taxable","12":"purchasable","13":"product-type-simple"},"_links":{"self":[{"href":"https:\/\/clairessweetbowtique.com\/index.php\/wp-json\/wp\/v2\/product\/163","targetHints":{"allow":["GET"]}}],"collection":[{"href":"https:\/\/clairessweetbowtique.com\/index.php\/wp-json\/wp\/v2\/product"}],"about":[{"href":"https:\/\/clairessweetbowtique.com\/index.php\/wp-json\/wp\/v2\/types\/product"}],"wp:featuredmedia":[{"embeddable":true,"href":"https:\/\/clairessweetbowtique.com\/index.php\/wp-json\/wp\/v2\/media\/164"}],"wp:attachment":[{"href":"https:\/\/clairessweetbowtique.com\/index.php\/wp-json\/wp\/v2\/media?parent=163"}],"wp:term":[{"taxonomy":"product_brand","embeddable":true,"href":"https:\/\/clairessweetbowtique.com\/index.php\/wp-json\/wp\/v2\/product_brand?post=163"},{"taxonomy":"product_cat","embeddable":true,"href":"https:\/\/clairessweetbowtique.com\/index.php\/wp-json\/wp\/v2\/product_cat?post=163"},{"taxonomy":"product_tag","embeddable":true,"href":"https:\/\/clairessweetbowtique.com\/index.php\/wp-json\/wp\/v2\/product_tag?post=163"}],"curies":[{"name":"wp","href":"https:\/\/api.w.org\/{rel}","templated":true}]}}