{"id":175,"date":"2022-03-24T19:20:08","date_gmt":"2022-03-24T17:20:08","guid":{"rendered":"https:\/\/clairessweetbowtique.com\/?post_type=product&#038;p=175"},"modified":"2022-09-30T08:17:55","modified_gmt":"2022-09-30T06:17:55","slug":"forest-strawberry-bracelet","status":"publish","type":"product","link":"https:\/\/clairessweetbowtique.com\/index.php\/tuote\/forest-strawberry-bracelet\/","title":{"rendered":"Forest Strawberry Bracelet"},"content":{"rendered":"<p>Forest Strawberry (Mets\u00e4mansikka)-rannekoru, jossa aitoja punaisia marjoja sis\u00e4ll\u00e4. T\u00e4m\u00e4 ainutlaatuinen rannekoru, jossa on marjoja hartsissa, n\u00e4ytt\u00e4\u00e4 niin taianomaiselta. S\u00e4\u00e4dett\u00e4v\u00e4 rannekoru on valmistettu hypoallergeenisesta ruostumattomasta ter\u00e4ksest\u00e4 ja on mukava k\u00e4ytt\u00e4\u00e4.<\/p>\n<p style=\"text-align: center\">\ud83c\uddec\ud83c\udde7<\/p>\n<p>Forest Strawberry bracelet with real red berries inside. This unique bracelet with berries in resin looks so magical. Adjustable bracelet is made of hypoallergenic stainless steel and comfortable to wear.<\/p>\n","protected":false},"excerpt":{"rendered":"<p>Forest Strawberry (Mets\u00e4mansikka) -rannekoru on t\u00e4ydellinen lahja luonnon yst\u00e4ville.<\/p>\n<p style=\"text-align: center\">\ud83c\uddec\ud83c\udde7<\/p>\n<p>Forest Strawberry bracelet is\u00a0 a perfect gift for nature lover.<\/p>\n","protected":false},"featured_media":176,"template":"","meta":[],"product_brand":[],"product_cat":[29],"product_tag":[],"class_list":{"0":"post-175","1":"product","2":"type-product","3":"status-publish","4":"has-post-thumbnail","6":"product_cat-resin-real-berry-jewellery","8":"first","9":"outofstock","10":"taxable","11":"shipping-taxable","12":"purchasable","13":"product-type-simple"},"_links":{"self":[{"href":"https:\/\/clairessweetbowtique.com\/index.php\/wp-json\/wp\/v2\/product\/175","targetHints":{"allow":["GET"]}}],"collection":[{"href":"https:\/\/clairessweetbowtique.com\/index.php\/wp-json\/wp\/v2\/product"}],"about":[{"href":"https:\/\/clairessweetbowtique.com\/index.php\/wp-json\/wp\/v2\/types\/product"}],"wp:featuredmedia":[{"embeddable":true,"href":"https:\/\/clairessweetbowtique.com\/index.php\/wp-json\/wp\/v2\/media\/176"}],"wp:attachment":[{"href":"https:\/\/clairessweetbowtique.com\/index.php\/wp-json\/wp\/v2\/media?parent=175"}],"wp:term":[{"taxonomy":"product_brand","embeddable":true,"href":"https:\/\/clairessweetbowtique.com\/index.php\/wp-json\/wp\/v2\/product_brand?post=175"},{"taxonomy":"product_cat","embeddable":true,"href":"https:\/\/clairessweetbowtique.com\/index.php\/wp-json\/wp\/v2\/product_cat?post=175"},{"taxonomy":"product_tag","embeddable":true,"href":"https:\/\/clairessweetbowtique.com\/index.php\/wp-json\/wp\/v2\/product_tag?post=175"}],"curies":[{"name":"wp","href":"https:\/\/api.w.org\/{rel}","templated":true}]}}