{"id":177,"date":"2022-03-24T19:49:35","date_gmt":"2022-03-24T17:49:35","guid":{"rendered":"https:\/\/clairessweetbowtique.com\/?post_type=product&#038;p=177"},"modified":"2024-10-03T16:49:42","modified_gmt":"2024-10-03T14:49:42","slug":"natural-blue-lobelia-flower-tear-drop-earrings","status":"publish","type":"product","link":"https:\/\/clairessweetbowtique.com\/index.php\/tuote\/natural-blue-lobelia-flower-tear-drop-earrings\/","title":{"rendered":"Natural Blue Lobelia Flower Tear Drop Earrings"},"content":{"rendered":"<p>Kauniit hartsista valmistetut korvakorut, jotka on t\u00e4ytetty oikeilla puristetuilla Natural Blue Lobelia -kukilla. Dangle korvakorut (French Earring Hooks Wire) on valmistettu hypoallergeenisesta ruostumattomasta ter\u00e4ksest\u00e4. N\u00e4m\u00e4 korvakorut ovat kevyit\u00e4 ja mukavia k\u00e4ytt\u00e4\u00e4.<\/p>\n<p style=\"text-align: center\">\ud83c\uddec\ud83c\udde7<\/p>\n<p>Beautiful earrings made of resin and filled with real-pressed Natural Blue Lobelia Flowers. Dangle earrings (French Earring Hooks Wire) are made of hypoallergenic stainless steel. These earrings are lightweight and comfortable to wear.<\/p>\n","protected":false},"excerpt":{"rendered":"<p>Siniset ter\u00e4lehdet edustavat henkil\u00f6\u00e4, joka on herkk\u00e4, lempe\u00e4 ja yst\u00e4v\u00e4llinen. Se symboloi my\u00f6s henkil\u00f6\u00e4, joka kaipaa mielenrauhaa.<\/p>\n<p style=\"text-align: center\">\ud83c\uddec\ud83c\udde7<\/p>\n<p>Blue Petals represent someone who is sensitive, gentle and kind. Also symbolizes a person that longs for peace of mind.<\/p>\n","protected":false},"featured_media":178,"template":"","meta":[],"product_brand":[],"product_cat":[30],"product_tag":[],"class_list":{"0":"post-177","1":"product","2":"type-product","3":"status-publish","4":"has-post-thumbnail","6":"product_cat-resin-jewellery","8":"first","9":"outofstock","10":"taxable","11":"shipping-taxable","12":"purchasable","13":"product-type-simple"},"_links":{"self":[{"href":"https:\/\/clairessweetbowtique.com\/index.php\/wp-json\/wp\/v2\/product\/177","targetHints":{"allow":["GET"]}}],"collection":[{"href":"https:\/\/clairessweetbowtique.com\/index.php\/wp-json\/wp\/v2\/product"}],"about":[{"href":"https:\/\/clairessweetbowtique.com\/index.php\/wp-json\/wp\/v2\/types\/product"}],"wp:featuredmedia":[{"embeddable":true,"href":"https:\/\/clairessweetbowtique.com\/index.php\/wp-json\/wp\/v2\/media\/178"}],"wp:attachment":[{"href":"https:\/\/clairessweetbowtique.com\/index.php\/wp-json\/wp\/v2\/media?parent=177"}],"wp:term":[{"taxonomy":"product_brand","embeddable":true,"href":"https:\/\/clairessweetbowtique.com\/index.php\/wp-json\/wp\/v2\/product_brand?post=177"},{"taxonomy":"product_cat","embeddable":true,"href":"https:\/\/clairessweetbowtique.com\/index.php\/wp-json\/wp\/v2\/product_cat?post=177"},{"taxonomy":"product_tag","embeddable":true,"href":"https:\/\/clairessweetbowtique.com\/index.php\/wp-json\/wp\/v2\/product_tag?post=177"}],"curies":[{"name":"wp","href":"https:\/\/api.w.org\/{rel}","templated":true}]}}