{"id":179,"date":"2022-03-24T20:06:40","date_gmt":"2022-03-24T18:06:40","guid":{"rendered":"https:\/\/clairessweetbowtique.com\/?post_type=product&#038;p=179"},"modified":"2024-01-07T16:12:04","modified_gmt":"2024-01-07T14:12:04","slug":"heather-flower-hoop-earrings","status":"publish","type":"product","link":"https:\/\/clairessweetbowtique.com\/index.php\/tuote\/heather-flower-hoop-earrings\/","title":{"rendered":"Heather Flower Hoop Earrings"},"content":{"rendered":"<p>Kauniit rengaskorvakorut aidoilla kanervan kukilla. Korvakorut sis\u00e4lt\u00e4v\u00e4t lukuisia kukkia ja lehti\u00e4, joista jokainen on ainutlaatuinen. Vanne on valmistettu hypoallergeenisesta ruostumattomasta ter\u00e4ksest\u00e4. Kaikki korvakorut ovat kevyit\u00e4 ja mukavia k\u00e4ytt\u00e4\u00e4.<\/p>\n<p style=\"text-align: center;\">\ud83c\uddec\ud83c\udde7<\/p>\n<p>Beautiful hoop earrings with real Heather flowers. Earrings contain with numerous flowers and leaves that each piece is unique. Hoop is made of hypoallergenic stainless steel. All earrings are lightweight and comfortable to wear.<\/p>\n","protected":false},"excerpt":{"rendered":"<p>Hartsikorvakorut luonnollisilla aidoilla kanervankukilla (Calluna Vulgaris). Upea luonnollinen lahja itsellesi tai jollekulle erityiselle. Kanervan kukka symboloi onnea, ihailua ja suojaa.<\/p>\n<p style=\"text-align: center;\">\ud83c\uddec\ud83c\udde7<\/p>\n<p>Resin earrings with natural real heather flowers (Caluna Vulgaris). Great natural gift for yourself or someone special. Heather flower symbolize Goodluck, Admiration, and Protection.<\/p>\n","protected":false},"featured_media":180,"template":"","meta":[],"product_brand":[],"product_cat":[30],"product_tag":[],"class_list":{"0":"post-179","1":"product","2":"type-product","3":"status-publish","4":"has-post-thumbnail","6":"product_cat-resin-jewellery","8":"first","9":"instock","10":"taxable","11":"shipping-taxable","12":"purchasable","13":"product-type-simple"},"_links":{"self":[{"href":"https:\/\/clairessweetbowtique.com\/index.php\/wp-json\/wp\/v2\/product\/179","targetHints":{"allow":["GET"]}}],"collection":[{"href":"https:\/\/clairessweetbowtique.com\/index.php\/wp-json\/wp\/v2\/product"}],"about":[{"href":"https:\/\/clairessweetbowtique.com\/index.php\/wp-json\/wp\/v2\/types\/product"}],"wp:featuredmedia":[{"embeddable":true,"href":"https:\/\/clairessweetbowtique.com\/index.php\/wp-json\/wp\/v2\/media\/180"}],"wp:attachment":[{"href":"https:\/\/clairessweetbowtique.com\/index.php\/wp-json\/wp\/v2\/media?parent=179"}],"wp:term":[{"taxonomy":"product_brand","embeddable":true,"href":"https:\/\/clairessweetbowtique.com\/index.php\/wp-json\/wp\/v2\/product_brand?post=179"},{"taxonomy":"product_cat","embeddable":true,"href":"https:\/\/clairessweetbowtique.com\/index.php\/wp-json\/wp\/v2\/product_cat?post=179"},{"taxonomy":"product_tag","embeddable":true,"href":"https:\/\/clairessweetbowtique.com\/index.php\/wp-json\/wp\/v2\/product_tag?post=179"}],"curies":[{"name":"wp","href":"https:\/\/api.w.org\/{rel}","templated":true}]}}