{"id":181,"date":"2022-03-24T20:13:46","date_gmt":"2022-03-24T18:13:46","guid":{"rendered":"https:\/\/clairessweetbowtique.com\/?post_type=product&#038;p=181"},"modified":"2024-10-03T16:47:30","modified_gmt":"2024-10-03T14:47:30","slug":"verbena-flower-ring","status":"publish","type":"product","link":"https:\/\/clairessweetbowtique.com\/index.php\/tuote\/verbena-flower-ring\/","title":{"rendered":"Verbena Flower Ring"},"content":{"rendered":"<p>Kaunis s\u00e4\u00e4dett\u00e4v\u00e4 sormus aidosta Verbena-kukasta. N\u00e4m\u00e4 kukat on p\u00e4\u00e4llystetty kiilt\u00e4v\u00e4ll\u00e4 hartsilla, jotta niiden kauneus s\u00e4ilyisi lasimaisella pinnalla. Kuvittele, ett\u00e4 t\u00e4m\u00e4 kaunis Verbena-kukkasormus on ainutlaatuinen luomus, joka sopii t\u00e4ydellisesti kaikkiin tilaisuuksiin. Se on my\u00f6s t\u00e4ydellinen lahja! Sormus on valmistettu ruostumattomasta Hypoallergeenisesta-ter\u00e4ksest\u00e4 ja koko on s\u00e4\u00e4dett\u00e4viss\u00e4.<\/p>\n<p style=\"text-align: center\">\ud83c\uddec\ud83c\udde7<\/p>\n<p>Beautiful adjustable ring made with real Verbena Flower. These flower are coated with shiny resin to treasure their beauty on a glasslike surface. Imagine this beautiful Verbena flower ring are unique creation that will be perfect for any occasion. It is also a perfect gift! The ring is made from stainless steel Hypoallergenic and adjustable size.<\/p>\n","protected":false},"excerpt":{"rendered":"<p>Verbena symboloi Romanssia ja Makeita muistoja. Se symboloi my\u00f6s suojaa, paranemista, luovuutta ja onnea.<\/p>\n<p style=\"text-align: center\">\ud83c\uddec\ud83c\udde7<\/p>\n<p>Verbena is a symbolize of ROMANCE and Sweet Memories. It also symbolizes Protection, healing, creativity and happiness.<\/p>\n","protected":false},"featured_media":182,"template":"","meta":[],"product_brand":[],"product_cat":[28],"product_tag":[],"class_list":{"0":"post-181","1":"product","2":"type-product","3":"status-publish","4":"has-post-thumbnail","6":"product_cat-resin-real-floral-ring","8":"first","9":"outofstock","10":"taxable","11":"shipping-taxable","12":"purchasable","13":"product-type-simple"},"_links":{"self":[{"href":"https:\/\/clairessweetbowtique.com\/index.php\/wp-json\/wp\/v2\/product\/181","targetHints":{"allow":["GET"]}}],"collection":[{"href":"https:\/\/clairessweetbowtique.com\/index.php\/wp-json\/wp\/v2\/product"}],"about":[{"href":"https:\/\/clairessweetbowtique.com\/index.php\/wp-json\/wp\/v2\/types\/product"}],"wp:featuredmedia":[{"embeddable":true,"href":"https:\/\/clairessweetbowtique.com\/index.php\/wp-json\/wp\/v2\/media\/182"}],"wp:attachment":[{"href":"https:\/\/clairessweetbowtique.com\/index.php\/wp-json\/wp\/v2\/media?parent=181"}],"wp:term":[{"taxonomy":"product_brand","embeddable":true,"href":"https:\/\/clairessweetbowtique.com\/index.php\/wp-json\/wp\/v2\/product_brand?post=181"},{"taxonomy":"product_cat","embeddable":true,"href":"https:\/\/clairessweetbowtique.com\/index.php\/wp-json\/wp\/v2\/product_cat?post=181"},{"taxonomy":"product_tag","embeddable":true,"href":"https:\/\/clairessweetbowtique.com\/index.php\/wp-json\/wp\/v2\/product_tag?post=181"}],"curies":[{"name":"wp","href":"https:\/\/api.w.org\/{rel}","templated":true}]}}