{"id":184,"date":"2022-03-24T20:20:34","date_gmt":"2022-03-24T18:20:34","guid":{"rendered":"https:\/\/clairessweetbowtique.com\/?post_type=product&#038;p=184"},"modified":"2022-09-30T08:16:40","modified_gmt":"2022-09-30T06:16:40","slug":"forget-me-not-bracelet","status":"publish","type":"product","link":"https:\/\/clairessweetbowtique.com\/index.php\/tuote\/forget-me-not-bracelet\/","title":{"rendered":"FORGET ME NOT BRACELET"},"content":{"rendered":"<p>Hartsi rannekoru kuivatulla aidolla sinisell\u00e4 Lemmikki-kukalla. Kevyt rannekoru on valmistettu hypoallergeenisesta ruostumattomasta ter\u00e4ksest\u00e4 ja on mukava k\u00e4ytt\u00e4\u00e4.<\/p>\n<p style=\"text-align: center\">\ud83c\uddec\ud83c\udde7<\/p>\n<p>Resin bracelet with pressed blue Forget me not real flower. Lightweight bracelet is made of hypoallergenic stainless steel and comfortable to wear.<\/p>\n","protected":false},"excerpt":{"rendered":"<p>Kaunis rannekoru Lemmikki-kukilla, tehty huolella ja tyylill\u00e4.\u00a0Lemmikki-kukka symboloi rakkautta, yst\u00e4vyytt\u00e4 ja muistoja. T\u00e4ydelliset lahjat itsellesi ja l\u00e4heisillesi. Todellinen, merkityksellinen lahja ikuisesti s\u00e4ilytett\u00e4v\u00e4ksi.<\/p>\n<p style=\"text-align: center\">\ud83c\uddec\ud83c\udde7<\/p>\n<p>Beautiful Bracelet with Forget me not flower made with care and delicacy. Forget me not symbolized love, friendship and memories. Perfect gifts for yourself and loved ones. A real meaningful gift to treasure forever.<\/p>\n","protected":false},"featured_media":273,"template":"","meta":[],"product_brand":[],"product_cat":[30],"product_tag":[],"class_list":{"0":"post-184","1":"product","2":"type-product","3":"status-publish","4":"has-post-thumbnail","6":"product_cat-resin-jewellery","8":"first","9":"outofstock","10":"taxable","11":"shipping-taxable","12":"purchasable","13":"product-type-simple"},"_links":{"self":[{"href":"https:\/\/clairessweetbowtique.com\/index.php\/wp-json\/wp\/v2\/product\/184","targetHints":{"allow":["GET"]}}],"collection":[{"href":"https:\/\/clairessweetbowtique.com\/index.php\/wp-json\/wp\/v2\/product"}],"about":[{"href":"https:\/\/clairessweetbowtique.com\/index.php\/wp-json\/wp\/v2\/types\/product"}],"wp:featuredmedia":[{"embeddable":true,"href":"https:\/\/clairessweetbowtique.com\/index.php\/wp-json\/wp\/v2\/media\/273"}],"wp:attachment":[{"href":"https:\/\/clairessweetbowtique.com\/index.php\/wp-json\/wp\/v2\/media?parent=184"}],"wp:term":[{"taxonomy":"product_brand","embeddable":true,"href":"https:\/\/clairessweetbowtique.com\/index.php\/wp-json\/wp\/v2\/product_brand?post=184"},{"taxonomy":"product_cat","embeddable":true,"href":"https:\/\/clairessweetbowtique.com\/index.php\/wp-json\/wp\/v2\/product_cat?post=184"},{"taxonomy":"product_tag","embeddable":true,"href":"https:\/\/clairessweetbowtique.com\/index.php\/wp-json\/wp\/v2\/product_tag?post=184"}],"curies":[{"name":"wp","href":"https:\/\/api.w.org\/{rel}","templated":true}]}}