{"id":192,"date":"2022-03-25T09:59:25","date_gmt":"2022-03-25T07:59:25","guid":{"rendered":"https:\/\/clairessweetbowtique.com\/?post_type=product&#038;p=192"},"modified":"2024-01-07T16:12:04","modified_gmt":"2024-01-07T14:12:04","slug":"floral-jewellery-dish","status":"publish","type":"product","link":"https:\/\/clairessweetbowtique.com\/index.php\/tuote\/floral-jewellery-dish\/","title":{"rendered":"FLORAL JEWELLERY DISH"},"content":{"rendered":"<p>Ainutlaatuinen ja herkk\u00e4 kukkakorulautanen\/koristelu. Valmistettu aidoista puristetuista kukista\/lehdist\u00e4 ja p\u00e4\u00e4llystetty hartsilla, joka antaa lasimaisen viimeistellyn ilmeen. Korkealaatuinen posliinilehtiastia\/koriste. Saatavilla oleva v\u00e4ri on kermanvalkoinen. Kukat ovat orvokki, p\u00e4iv\u00e4nkakkara ja vaaleanpunainen cytisus genista, joissa on v\u00e4h\u00e4n erilaisia lehti\u00e4.<\/p>\n<p>Lehtilautasen\/koristeen mitat PxLxK 11,5x7x3 cm<br \/>\nHalkaisija 4,5&#8243;<\/p>\n<p>Helppo puhdistaa saippualla ja vedell\u00e4 (ei konepesun kest\u00e4v\u00e4)<\/p>\n<p style=\"text-align: center;\">\ud83c\uddec\ud83c\udde7<\/p>\n<p>One of the kind Floral Jewellery Dish\/Trinket and delicate. Made with real pressed flowers\/leaves and resin on the top that gives a glass-like finished look. High quality Porcelain Leaf Dish\/Trinket. Available colour is cream white. Flowers are pansy, daisy and light pink cytisus genista with few different kinds of leaves.<\/p>\n<p>Leaf Dish\/Trinket Dimension LxWxH 11.5x7x3cm<br \/>\nDiameter 4.5&#8243;inches<\/p>\n<p>Easy to clean with soap and water (Not dishwasher safe)<\/p>\n","protected":false},"excerpt":{"rendered":"<p>Ainutlaatuinen hartsikukkakorulautanen\/-koristelu. T\u00e4ydellinen kihlajaislahjaksi, morsiusneitolahjaksi, \u00e4itienp\u00e4iv\u00e4ksi, syntym\u00e4p\u00e4iv\u00e4ksi ja muuksi! Tai hemmottele itse\u00e4si kauniilla korumaljalla, ne lis\u00e4\u00e4v\u00e4t persoonallisuutta mihin tahansa huoneeseen.<\/p>\n<p style=\"text-align: center;\">\ud83c\uddec\ud83c\udde7<\/p>\n<p>Unique Resin Floral Jewellery Dish\/Trinket. Perfect for an engagement gift, bridesmaids gifts, Mother&#8217;s Day, Birthday and more! Or treat yourself to a beautiful jewellery dish, they add personality to any room.<\/p>\n","protected":false},"featured_media":193,"template":"","meta":[],"product_brand":[],"product_cat":[31],"product_tag":[],"class_list":{"0":"post-192","1":"product","2":"type-product","3":"status-publish","4":"has-post-thumbnail","6":"product_cat-resin-floral-jewellery-dish-trinket","8":"first","9":"outofstock","10":"taxable","11":"shipping-taxable","12":"purchasable","13":"product-type-simple"},"_links":{"self":[{"href":"https:\/\/clairessweetbowtique.com\/index.php\/wp-json\/wp\/v2\/product\/192","targetHints":{"allow":["GET"]}}],"collection":[{"href":"https:\/\/clairessweetbowtique.com\/index.php\/wp-json\/wp\/v2\/product"}],"about":[{"href":"https:\/\/clairessweetbowtique.com\/index.php\/wp-json\/wp\/v2\/types\/product"}],"wp:featuredmedia":[{"embeddable":true,"href":"https:\/\/clairessweetbowtique.com\/index.php\/wp-json\/wp\/v2\/media\/193"}],"wp:attachment":[{"href":"https:\/\/clairessweetbowtique.com\/index.php\/wp-json\/wp\/v2\/media?parent=192"}],"wp:term":[{"taxonomy":"product_brand","embeddable":true,"href":"https:\/\/clairessweetbowtique.com\/index.php\/wp-json\/wp\/v2\/product_brand?post=192"},{"taxonomy":"product_cat","embeddable":true,"href":"https:\/\/clairessweetbowtique.com\/index.php\/wp-json\/wp\/v2\/product_cat?post=192"},{"taxonomy":"product_tag","embeddable":true,"href":"https:\/\/clairessweetbowtique.com\/index.php\/wp-json\/wp\/v2\/product_tag?post=192"}],"curies":[{"name":"wp","href":"https:\/\/api.w.org\/{rel}","templated":true}]}}