{"id":300,"date":"2022-04-07T13:09:59","date_gmt":"2022-04-07T11:09:59","guid":{"rendered":"https:\/\/clairessweetbowtique.com\/?post_type=product&#038;p=300"},"modified":"2022-04-12T10:06:45","modified_gmt":"2022-04-12T08:06:45","slug":"pansy-earrings","status":"publish","type":"product","link":"https:\/\/clairessweetbowtique.com\/index.php\/tuote\/pansy-earrings\/","title":{"rendered":"Pansy Earrings"},"content":{"rendered":"<p>N\u00e4m\u00e4 py\u00f6re\u00e4t korvakorut on valmistettu aidoista kuivatuista Orvokki kukista ja p\u00e4\u00e4llystetty korkealaatuisella UV-hartsilla.<\/p>\n<p>N\u00e4m\u00e4 korvakorut on valmistettu 925 aidosta hopeasta<\/p>\n<p style=\"text-align: center;\">\ud83c\uddec\ud83c\udde7<\/p>\n<p>These round stud earrings were made with real pressed dried Pansy Flower and sealed in high quality UV Resin.<\/p>\n<p>These Earrings are made from 925 Sterling Silver<\/p>\n","protected":false},"excerpt":{"rendered":"<p>Pansy korvakorut 925 aitoa hopeaa<\/p>\n<p>Yksi laadukkaista ja erinomaisista esineist\u00e4 tuomaan sinulle kauneimpia kukkia puettavana taiteena.<\/p>\n<p style=\"text-align: center;\">\ud83c\uddec\ud83c\udde7<\/p>\n<p>Pansy earrings 925 sterling silver<\/p>\n<p>One of the kind and outstanding pieces to bring you the most beautiful flowers as wearable art.<\/p>\n<p>&nbsp;<\/p>\n","protected":false},"featured_media":302,"template":"","meta":[],"product_brand":[],"product_cat":[34,30],"product_tag":[],"class_list":{"0":"post-300","1":"product","2":"type-product","3":"status-publish","4":"has-post-thumbnail","6":"product_cat-925-sterling-silver-jewellery","7":"product_cat-resin-jewellery","9":"first","10":"instock","11":"taxable","12":"shipping-taxable","13":"purchasable","14":"product-type-simple"},"_links":{"self":[{"href":"https:\/\/clairessweetbowtique.com\/index.php\/wp-json\/wp\/v2\/product\/300","targetHints":{"allow":["GET"]}}],"collection":[{"href":"https:\/\/clairessweetbowtique.com\/index.php\/wp-json\/wp\/v2\/product"}],"about":[{"href":"https:\/\/clairessweetbowtique.com\/index.php\/wp-json\/wp\/v2\/types\/product"}],"wp:featuredmedia":[{"embeddable":true,"href":"https:\/\/clairessweetbowtique.com\/index.php\/wp-json\/wp\/v2\/media\/302"}],"wp:attachment":[{"href":"https:\/\/clairessweetbowtique.com\/index.php\/wp-json\/wp\/v2\/media?parent=300"}],"wp:term":[{"taxonomy":"product_brand","embeddable":true,"href":"https:\/\/clairessweetbowtique.com\/index.php\/wp-json\/wp\/v2\/product_brand?post=300"},{"taxonomy":"product_cat","embeddable":true,"href":"https:\/\/clairessweetbowtique.com\/index.php\/wp-json\/wp\/v2\/product_cat?post=300"},{"taxonomy":"product_tag","embeddable":true,"href":"https:\/\/clairessweetbowtique.com\/index.php\/wp-json\/wp\/v2\/product_tag?post=300"}],"curies":[{"name":"wp","href":"https:\/\/api.w.org\/{rel}","templated":true}]}}