{"id":314,"date":"2022-04-07T13:02:35","date_gmt":"2022-04-07T11:02:35","guid":{"rendered":"https:\/\/clairessweetbowtique.com\/?post_type=product&#038;p=314"},"modified":"2024-08-07T13:12:15","modified_gmt":"2024-08-07T11:12:15","slug":"forget-me-not-earrings","status":"publish","type":"product","link":"https:\/\/clairessweetbowtique.com\/index.php\/tuote\/forget-me-not-earrings\/","title":{"rendered":"Forget Me Not Earrings"},"content":{"rendered":"<p>N\u00e4m\u00e4 korvakorut on valmistettu aidoista kuivatuista Lemmikki-kukista. Sinet\u00f6ity korkealaatuisella UV-hartsilla.<\/p>\n<p>Korvakorut on my\u00f6s valmistettu 925 aidosta hopeasta.<\/p>\n<p style=\"text-align: center\">\ud83c\uddec\ud83c\udde7<\/p>\n<p>These earrings are made from pressed real dried Forget me not flowers. Sealed by highly quality UV Resin.<\/p>\n<p>Earrings are also made from 925 Sterling Silver.<\/p>\n","protected":false},"excerpt":{"rendered":"<p>Lemmikki-korvakorut 925 aitoa hopea<\/p>\n<p>Lemmikki symboloi todellista rakkautta ja kunnioitusta. Kun annat joillekin pieni\u00e4 sinisi\u00e4 kukkia, se on lupaus, ett\u00e4 muistat heid\u00e4t aina ja pid\u00e4t heid\u00e4t ajatuksissasi.<\/p>\n<p style=\"text-align: center\">\ud83c\uddec\ud83c\udde7<\/p>\n<p>Forget Me Not Earrings 925 Sterling Silver<\/p>\n<p>Forget me not symbolized true love and respect. When you give someone these tiny blue blooms, its represents a promise that you will always remember them and will keep them in your thoughts.<\/p>\n","protected":false},"featured_media":328,"template":"","meta":[],"product_brand":[],"product_cat":[34],"product_tag":[],"class_list":{"0":"post-314","1":"product","2":"type-product","3":"status-publish","4":"has-post-thumbnail","6":"product_cat-925-sterling-silver-jewellery","8":"first","9":"instock","10":"taxable","11":"shipping-taxable","12":"purchasable","13":"product-type-simple"},"_links":{"self":[{"href":"https:\/\/clairessweetbowtique.com\/index.php\/wp-json\/wp\/v2\/product\/314","targetHints":{"allow":["GET"]}}],"collection":[{"href":"https:\/\/clairessweetbowtique.com\/index.php\/wp-json\/wp\/v2\/product"}],"about":[{"href":"https:\/\/clairessweetbowtique.com\/index.php\/wp-json\/wp\/v2\/types\/product"}],"wp:featuredmedia":[{"embeddable":true,"href":"https:\/\/clairessweetbowtique.com\/index.php\/wp-json\/wp\/v2\/media\/328"}],"wp:attachment":[{"href":"https:\/\/clairessweetbowtique.com\/index.php\/wp-json\/wp\/v2\/media?parent=314"}],"wp:term":[{"taxonomy":"product_brand","embeddable":true,"href":"https:\/\/clairessweetbowtique.com\/index.php\/wp-json\/wp\/v2\/product_brand?post=314"},{"taxonomy":"product_cat","embeddable":true,"href":"https:\/\/clairessweetbowtique.com\/index.php\/wp-json\/wp\/v2\/product_cat?post=314"},{"taxonomy":"product_tag","embeddable":true,"href":"https:\/\/clairessweetbowtique.com\/index.php\/wp-json\/wp\/v2\/product_tag?post=314"}],"curies":[{"name":"wp","href":"https:\/\/api.w.org\/{rel}","templated":true}]}}