{"id":347,"date":"2022-04-11T09:15:32","date_gmt":"2022-04-11T07:15:32","guid":{"rendered":"https:\/\/clairessweetbowtique.com\/?post_type=product&#038;p=347"},"modified":"2022-12-28T16:23:43","modified_gmt":"2022-12-28T14:23:43","slug":"forget-me-not-925-sterling-silver-pendant","status":"publish","type":"product","link":"https:\/\/clairessweetbowtique.com\/index.php\/tuote\/forget-me-not-925-sterling-silver-pendant\/","title":{"rendered":"Forget Me Not 925 Sterling Silver Pendant"},"content":{"rendered":"<p>T\u00e4m\u00e4 on 925 aidosta hopeasta valmistetty kaunis ja tyylik\u00e4s riipus, joka on valmistettu aidosta kuivatusta Lemmikki-kukasta.<br \/>\nKaulakoru ei sis\u00e4lly hintaan<\/p>\n<p style=\"text-align: center;\">\ud83c\uddec\ud83c\udde7<\/p>\n<p>This is a 925 Sterling silver Beautiful elegant pendant made from real forget me not dried flower.<\/p>\n<p>Necklace is not included<\/p>\n<p>&nbsp;<\/p>\n<p>&nbsp;<\/p>\n","protected":false},"excerpt":{"rendered":"<p>T\u00e4ydellinen lahja itsellesi tai jollekin sinulle niin rakkaalle. Lemmikki symboloi tosirakkautta ja kunnioitusta. Kun annat jollekin t\u00e4m\u00e4n pienen kukan, se edustaa lupausta, ett\u00e4 muistat heid\u00e4t aina ja pid\u00e4t heid\u00e4t ajatuksissasi \/ syd\u00e4mess\u00e4si. Niit\u00e4 pidet\u00e4\u00e4n my\u00f6s uskollisuuden ja uskollisuuden symbolina.<\/p>\n<p style=\"text-align: center;\">\ud83c\uddec\ud83c\udde7<\/p>\n<p>A perfect gift for yourself or for someone so dear to you. Forget me nots symbolize true love and respect. When you give someone these tiny bloom, it represents a promise that you will always remember them and will keep them in your thoughts\/heart. They are also considered a symbol of fidelity and faithfulness.<\/p>\n","protected":false},"featured_media":350,"template":"","meta":[],"product_brand":[],"product_cat":[34],"product_tag":[],"class_list":{"0":"post-347","1":"product","2":"type-product","3":"status-publish","4":"has-post-thumbnail","6":"product_cat-925-sterling-silver-jewellery","8":"first","9":"onbackorder","10":"taxable","11":"shipping-taxable","12":"purchasable","13":"product-type-simple"},"_links":{"self":[{"href":"https:\/\/clairessweetbowtique.com\/index.php\/wp-json\/wp\/v2\/product\/347","targetHints":{"allow":["GET"]}}],"collection":[{"href":"https:\/\/clairessweetbowtique.com\/index.php\/wp-json\/wp\/v2\/product"}],"about":[{"href":"https:\/\/clairessweetbowtique.com\/index.php\/wp-json\/wp\/v2\/types\/product"}],"wp:featuredmedia":[{"embeddable":true,"href":"https:\/\/clairessweetbowtique.com\/index.php\/wp-json\/wp\/v2\/media\/350"}],"wp:attachment":[{"href":"https:\/\/clairessweetbowtique.com\/index.php\/wp-json\/wp\/v2\/media?parent=347"}],"wp:term":[{"taxonomy":"product_brand","embeddable":true,"href":"https:\/\/clairessweetbowtique.com\/index.php\/wp-json\/wp\/v2\/product_brand?post=347"},{"taxonomy":"product_cat","embeddable":true,"href":"https:\/\/clairessweetbowtique.com\/index.php\/wp-json\/wp\/v2\/product_cat?post=347"},{"taxonomy":"product_tag","embeddable":true,"href":"https:\/\/clairessweetbowtique.com\/index.php\/wp-json\/wp\/v2\/product_tag?post=347"}],"curies":[{"name":"wp","href":"https:\/\/api.w.org\/{rel}","templated":true}]}}