{"id":360,"date":"2022-04-14T16:02:06","date_gmt":"2022-04-14T14:02:06","guid":{"rendered":"https:\/\/clairessweetbowtique.com\/?post_type=product&#038;p=360"},"modified":"2024-11-15T09:29:24","modified_gmt":"2024-11-15T07:29:24","slug":"floral-compact-makeup-mirror","status":"publish","type":"product","link":"https:\/\/clairessweetbowtique.com\/index.php\/tuote\/floral-compact-makeup-mirror\/","title":{"rendered":"Floral Compact -Meikkipeili"},"content":{"rendered":"<p><span class=\"TextRun SCXW172084358 BCX8\" lang=\"FI\" xml:lang=\"FI\" data-contrast=\"auto\"><span class=\"NormalTextRun SCXW172084358 BCX8\">Kannettava naisten meikkipeili. Ruostumatonta ter\u00e4st\u00e4, ruusukulta, kompakti. Tyylik\u00e4s muotoilu, jossa on aitoja kuivattuja kukkia ja kaksi peili\u00e4 sis\u00e4ll\u00e4. Yksi pohjalla suurentaa (kaksinkertainen normaalikoosta), hy\u00f6dyllinen meikatessa ja toinen normaalikokoinen). Minikokoinen py\u00f6re\u00e4 muotoilu, tekee siit\u00e4 helppok\u00e4ytt\u00f6isen ja k\u00e4tev\u00e4n kuljettaa mukana, t\u00e4ydellinen k\u00e4silaukkuun. Koko noin 6 cm \/ 2.36&#8243; py\u00f6re\u00e4 muoto. <\/span><span class=\"NormalTextRun SpellingErrorV2Themed SCXW172084358 BCX8\">Floral<\/span> <span class=\"NormalTextRun SpellingErrorV2Themed SCXW172084358 BCX8\">Compact -m<\/span><span class=\"NormalTextRun SpellingErrorV2Themed SCXW172084358 BCX8\">eikkipeili<\/span><span class=\"NormalTextRun SCXW172084358 BCX8\"> sis\u00e4lt\u00e4\u00e4 samettisen-minipussin.<\/span><\/span><span class=\"EOP SCXW172084358 BCX8\" data-ccp-props=\"{&quot;201341983&quot;:0,&quot;335559739&quot;:160,&quot;335559740&quot;:259}\">\u00a0<\/span><\/p>\n<p style=\"text-align: center\">\ud83c\uddec\ud83c\udde7<\/p>\n<p>Portable Women Stainless Steel Rose Gold Compact\/Makeup Mirror. Elegant design with real dried flowers and two interior mirrors inside ( One on base enlarges\/double normal size, useful while putting on make-up and the other reflects normal size. Mini round design makes it easy to use and portable to carry, perfect for the handbag. Size approx 6cm\/2.36&#8243; round shape. Floral Compact\/Makeup mirrow include Velvet mini pouch.<\/p>\n","protected":false},"excerpt":{"rendered":"<p><span data-contrast=\"auto\">Tyylik\u00e4s ainutlaatuinen Floral Compact -meikkipeili, jossa on aitoja kuivattuja Orvokki, P\u00e4iv\u00e4nkakkara ja Lemmikki kukkia.<\/span><span data-ccp-props=\"{&quot;201341983&quot;:0,&quot;335559739&quot;:160,&quot;335559740&quot;:259}\">\u00a0<\/span><\/p>\n<p><span data-contrast=\"auto\">Orvokki symboloi rakastavia tunteita, vapaata ajattelua ja harkintaa, P\u00e4iv\u00e4nkakkara symboloi puhtautta ja viattomuutta ja Lemmikki symboloi todellista rakkautta ja kunnioitusta. Ainutlaatuinen ja merkityksellinen lahjaidea itsellesi tai rakkaillesi.<\/span><span data-ccp-props=\"{&quot;201341983&quot;:0,&quot;335559739&quot;:160,&quot;335559740&quot;:259}\">\u00a0<\/span><\/p>\n<p style=\"text-align: center\">\ud83c\uddec\ud83c\udde7<\/p>\n<p>Elegant unique Floral Compact\/Makeup mirror with real dried pansy, daisy and forget me not flowers.<\/p>\n<p>Pansy symbolize loving feelings, free-thinking and consideration, Daisy symbolize purity and innocence and Forget me not symbolize true love and respect. Unique and meaningful gift idea for your self or for your loved ones.<\/p>\n<p>&nbsp;<\/p>\n<p>&nbsp;<\/p>\n","protected":false},"featured_media":363,"template":"","meta":[],"product_brand":[],"product_cat":[15],"product_tag":[],"class_list":{"0":"post-360","1":"product","2":"type-product","3":"status-publish","4":"has-post-thumbnail","6":"product_cat-uncategorized","8":"first","9":"onbackorder","10":"taxable","11":"shipping-taxable","12":"purchasable","13":"product-type-simple"},"_links":{"self":[{"href":"https:\/\/clairessweetbowtique.com\/index.php\/wp-json\/wp\/v2\/product\/360","targetHints":{"allow":["GET"]}}],"collection":[{"href":"https:\/\/clairessweetbowtique.com\/index.php\/wp-json\/wp\/v2\/product"}],"about":[{"href":"https:\/\/clairessweetbowtique.com\/index.php\/wp-json\/wp\/v2\/types\/product"}],"wp:featuredmedia":[{"embeddable":true,"href":"https:\/\/clairessweetbowtique.com\/index.php\/wp-json\/wp\/v2\/media\/363"}],"wp:attachment":[{"href":"https:\/\/clairessweetbowtique.com\/index.php\/wp-json\/wp\/v2\/media?parent=360"}],"wp:term":[{"taxonomy":"product_brand","embeddable":true,"href":"https:\/\/clairessweetbowtique.com\/index.php\/wp-json\/wp\/v2\/product_brand?post=360"},{"taxonomy":"product_cat","embeddable":true,"href":"https:\/\/clairessweetbowtique.com\/index.php\/wp-json\/wp\/v2\/product_cat?post=360"},{"taxonomy":"product_tag","embeddable":true,"href":"https:\/\/clairessweetbowtique.com\/index.php\/wp-json\/wp\/v2\/product_tag?post=360"}],"curies":[{"name":"wp","href":"https:\/\/api.w.org\/{rel}","templated":true}]}}