{"id":365,"date":"2022-04-17T07:56:49","date_gmt":"2022-04-17T05:56:49","guid":{"rendered":"https:\/\/clairessweetbowtique.com\/?post_type=product&#038;p=365"},"modified":"2024-01-19T09:55:27","modified_gmt":"2024-01-19T07:55:27","slug":"children-daisy-adjustable-bracelet","status":"publish","type":"product","link":"https:\/\/clairessweetbowtique.com\/index.php\/tuote\/children-daisy-adjustable-bracelet\/","title":{"rendered":"Children Daisy Adjustable Bracelet"},"content":{"rendered":"<p>Aito kuivattu p\u00e4iv\u00e4nkakkara, s\u00f6p\u00f6in lahja pienillesi, joilla on tyyli\u00e4.<\/p>\n<p>S\u00e4\u00e4dett\u00e4v\u00e4 rannekoru koko n. 18-19 cm Ruostumaton ter\u00e4s on hypoallergeeninen ja kevyt, mukava k\u00e4ytt\u00e4\u00e4.<\/p>\n<p>Pakkaus: Rannekorun mukana tulee minipussi.<\/p>\n<p style=\"text-align: center\">\ud83c\uddec\ud83c\udde7<\/p>\n<p>Real dried daisy flower and the most cute gift for your little ones with elegant appearance.<\/p>\n<p>Adjustable Bracelet approx. size 18-19cm Stainless steel is hypoallergenic and lightweight, comfortable to wear.<\/p>\n<p>Packaging: Bracelet comes with a mini pouch.<\/p>\n","protected":false},"excerpt":{"rendered":"<p><span class=\"TextRun SCXW240288838 BCX8\" lang=\"FI\" xml:lang=\"FI\" data-contrast=\"auto\"><span class=\"NormalTextRun SpellingErrorV2Themed SCXW240288838 BCX8\">Daisy<\/span><span class=\"NormalTextRun SCXW240288838 BCX8\"> symboloi lapsuuden viattomuutta, yksinkertaisuutta ja iloa, mik\u00e4 tekee niist\u00e4 upean lahjan pienillesi.<\/span><\/span><span class=\"EOP SCXW240288838 BCX8\" data-ccp-props=\"{}\">\u00a0<\/span><\/p>\n<p style=\"text-align: center\">\ud83c\uddec\ud83c\udde7<\/p>\n<p>Daisy symbolize Childhood innocence, simplicity and joy, which makes them a wonderful gift for your little ones.<\/p>\n","protected":false},"featured_media":366,"template":"","meta":[],"product_brand":[],"product_cat":[30],"product_tag":[],"class_list":{"0":"post-365","1":"product","2":"type-product","3":"status-publish","4":"has-post-thumbnail","6":"product_cat-resin-jewellery","8":"first","9":"outofstock","10":"taxable","11":"shipping-taxable","12":"purchasable","13":"product-type-simple"},"_links":{"self":[{"href":"https:\/\/clairessweetbowtique.com\/index.php\/wp-json\/wp\/v2\/product\/365","targetHints":{"allow":["GET"]}}],"collection":[{"href":"https:\/\/clairessweetbowtique.com\/index.php\/wp-json\/wp\/v2\/product"}],"about":[{"href":"https:\/\/clairessweetbowtique.com\/index.php\/wp-json\/wp\/v2\/types\/product"}],"wp:featuredmedia":[{"embeddable":true,"href":"https:\/\/clairessweetbowtique.com\/index.php\/wp-json\/wp\/v2\/media\/366"}],"wp:attachment":[{"href":"https:\/\/clairessweetbowtique.com\/index.php\/wp-json\/wp\/v2\/media?parent=365"}],"wp:term":[{"taxonomy":"product_brand","embeddable":true,"href":"https:\/\/clairessweetbowtique.com\/index.php\/wp-json\/wp\/v2\/product_brand?post=365"},{"taxonomy":"product_cat","embeddable":true,"href":"https:\/\/clairessweetbowtique.com\/index.php\/wp-json\/wp\/v2\/product_cat?post=365"},{"taxonomy":"product_tag","embeddable":true,"href":"https:\/\/clairessweetbowtique.com\/index.php\/wp-json\/wp\/v2\/product_tag?post=365"}],"curies":[{"name":"wp","href":"https:\/\/api.w.org\/{rel}","templated":true}]}}