{"id":390,"date":"2022-04-21T13:50:50","date_gmt":"2022-04-21T11:50:50","guid":{"rendered":"https:\/\/clairessweetbowtique.com\/?post_type=product&#038;p=390"},"modified":"2022-09-30T08:12:55","modified_gmt":"2022-09-30T06:12:55","slug":"blue-hydrangea-flower-threader-earrings","status":"publish","type":"product","link":"https:\/\/clairessweetbowtique.com\/index.php\/tuote\/blue-hydrangea-flower-threader-earrings\/","title":{"rendered":"Blue Hydrangea Flower Threader Earrings"},"content":{"rendered":"<p>Sininen Hortensia kukka, l\u00e4pi viet\u00e4v\u00e4ss\u00e4 korvakorussa, on valmistettu aidosta kuivatusta hortensia-ter\u00e4lehdist\u00e4. Korvalanka on valmistettu ruostumattomasta ter\u00e4ksest\u00e4, koko 98 mm x 0.5mm. Mukava k\u00e4ytt\u00e4\u00e4 ja kevyt.<\/p>\n<p style=\"text-align: center\">\ud83c\uddec\ud83c\udde7<\/p>\n<p>Blue Hydrangea Flower Threader Earrings are made from real dried hydrangea petals. Ear thread is made from stainless steel, size 98&#215;0.5mm. Comfortable to wear and lightweight.<\/p>\n","protected":false},"excerpt":{"rendered":"<p>Siniset Hortensian kukat l\u00e4pi viet\u00e4v\u00e4ss\u00e4 korvakorussa ovat eritt\u00e4in ainutlaatuisia ja ihastuttavia.<\/p>\n<p style=\"text-align: center\">\ud83c\uddec\ud83c\udde7<\/p>\n<p>Blue Hydrangea Flower Threader Earrings are very unique and adorable.<\/p>\n","protected":false},"featured_media":383,"template":"","meta":[],"product_brand":[],"product_cat":[30],"product_tag":[],"class_list":{"0":"post-390","1":"product","2":"type-product","3":"status-publish","4":"has-post-thumbnail","6":"product_cat-resin-jewellery","8":"first","9":"outofstock","10":"taxable","11":"shipping-taxable","12":"purchasable","13":"product-type-simple"},"_links":{"self":[{"href":"https:\/\/clairessweetbowtique.com\/index.php\/wp-json\/wp\/v2\/product\/390","targetHints":{"allow":["GET"]}}],"collection":[{"href":"https:\/\/clairessweetbowtique.com\/index.php\/wp-json\/wp\/v2\/product"}],"about":[{"href":"https:\/\/clairessweetbowtique.com\/index.php\/wp-json\/wp\/v2\/types\/product"}],"wp:featuredmedia":[{"embeddable":true,"href":"https:\/\/clairessweetbowtique.com\/index.php\/wp-json\/wp\/v2\/media\/383"}],"wp:attachment":[{"href":"https:\/\/clairessweetbowtique.com\/index.php\/wp-json\/wp\/v2\/media?parent=390"}],"wp:term":[{"taxonomy":"product_brand","embeddable":true,"href":"https:\/\/clairessweetbowtique.com\/index.php\/wp-json\/wp\/v2\/product_brand?post=390"},{"taxonomy":"product_cat","embeddable":true,"href":"https:\/\/clairessweetbowtique.com\/index.php\/wp-json\/wp\/v2\/product_cat?post=390"},{"taxonomy":"product_tag","embeddable":true,"href":"https:\/\/clairessweetbowtique.com\/index.php\/wp-json\/wp\/v2\/product_tag?post=390"}],"curies":[{"name":"wp","href":"https:\/\/api.w.org\/{rel}","templated":true}]}}