{"id":393,"date":"2022-04-21T14:09:40","date_gmt":"2022-04-21T12:09:40","guid":{"rendered":"https:\/\/clairessweetbowtique.com\/?post_type=product&#038;p=393"},"modified":"2024-10-03T16:51:42","modified_gmt":"2024-10-03T14:51:42","slug":"blue-hydrangea-flower-stud-earrings","status":"publish","type":"product","link":"https:\/\/clairessweetbowtique.com\/index.php\/tuote\/blue-hydrangea-flower-stud-earrings\/","title":{"rendered":"Blue Hydrangea Flower Stud Earrings"},"content":{"rendered":"<p>N\u00e4m\u00e4 kauniit nastakorvakorut on valmistettu aidoista hortensia-ter\u00e4lehdist\u00e4. Ne tekev\u00e4t upean lis\u00e4n p\u00e4ivitt\u00e4iseen asuusi, upea, kirkkaan sininen v\u00e4ri. Nastakorvakorut on valmistettu 925 aidosta hopeasta.<\/p>\n<p style=\"text-align: center\">\ud83c\uddec\ud83c\udde7<\/p>\n<p>These beautiful stud earrings are made of real hydrangea petals. They make a wonderful additional to your daily outfit gorgeous, bright blue color. Stud earrings are made from 925 Sterling Silver.<\/p>\n","protected":false},"excerpt":{"rendered":"<p>Hortensia kukat symboloivat kiitollisuutta, armoa ja kauneutta. Sininen Hortensia tarkoittaa ymm\u00e4rryst\u00e4, anteeksipyynt\u00f6\u00e4 ja kiitollisuutta.<\/p>\n<p style=\"text-align: center\">\ud83c\uddec\ud83c\udde7<\/p>\n<p>Hydrangea flowers symbolize Gratitude, grace and beauty. Blue Hydrangea meaning Understanding, Apology and Gratitude.<\/p>\n","protected":false},"featured_media":395,"template":"","meta":[],"product_brand":[],"product_cat":[34],"product_tag":[],"class_list":{"0":"post-393","1":"product","2":"type-product","3":"status-publish","4":"has-post-thumbnail","6":"product_cat-925-sterling-silver-jewellery","8":"first","9":"outofstock","10":"taxable","11":"shipping-taxable","12":"purchasable","13":"product-type-simple"},"_links":{"self":[{"href":"https:\/\/clairessweetbowtique.com\/index.php\/wp-json\/wp\/v2\/product\/393","targetHints":{"allow":["GET"]}}],"collection":[{"href":"https:\/\/clairessweetbowtique.com\/index.php\/wp-json\/wp\/v2\/product"}],"about":[{"href":"https:\/\/clairessweetbowtique.com\/index.php\/wp-json\/wp\/v2\/types\/product"}],"wp:featuredmedia":[{"embeddable":true,"href":"https:\/\/clairessweetbowtique.com\/index.php\/wp-json\/wp\/v2\/media\/395"}],"wp:attachment":[{"href":"https:\/\/clairessweetbowtique.com\/index.php\/wp-json\/wp\/v2\/media?parent=393"}],"wp:term":[{"taxonomy":"product_brand","embeddable":true,"href":"https:\/\/clairessweetbowtique.com\/index.php\/wp-json\/wp\/v2\/product_brand?post=393"},{"taxonomy":"product_cat","embeddable":true,"href":"https:\/\/clairessweetbowtique.com\/index.php\/wp-json\/wp\/v2\/product_cat?post=393"},{"taxonomy":"product_tag","embeddable":true,"href":"https:\/\/clairessweetbowtique.com\/index.php\/wp-json\/wp\/v2\/product_tag?post=393"}],"curies":[{"name":"wp","href":"https:\/\/api.w.org\/{rel}","templated":true}]}}