{"id":402,"date":"2022-04-22T18:45:12","date_gmt":"2022-04-22T16:45:12","guid":{"rendered":"https:\/\/clairessweetbowtique.com\/?post_type=product&#038;p=402"},"modified":"2022-09-30T08:11:15","modified_gmt":"2022-09-30T06:11:15","slug":"hydrangea-flower-threader-earrings-925-sterling-silver","status":"publish","type":"product","link":"https:\/\/clairessweetbowtique.com\/index.php\/tuote\/hydrangea-flower-threader-earrings-925-sterling-silver\/","title":{"rendered":"Hydrangea Flower Threader Earrings 925 Sterling Silver"},"content":{"rendered":"<p>L\u00e4pi vedett\u00e4v\u00e4t korvakorut on valmistettu aidoista kuivatuista hortensia-ter\u00e4lehdist\u00e4. Korvalanka on valmistettu kiinte\u00e4st\u00e4 925 punnan hopeasta. Mukava ja kevyt.<\/p>\n<p style=\"text-align: center\">\ud83c\uddec\ud83c\udde7<\/p>\n<p>Threader Earrings are made from real dried hydrangea petals. Ear thread is made from solid 925 sterling silver. Comfortable and lightweight.<\/p>\n","protected":false},"excerpt":{"rendered":"<p>Sininset Hortensia kukat l\u00e4pi vedett\u00e4viss\u00e4 korvakoruissa, ovat eritt\u00e4in ainutlaatuisia ja ihastuttavia.<\/p>\n<p>Sininen Hortensia tarkoittaa symbolisesti anteeksipyynt\u00f6\u00e4, runsautta, harvinaisuutta, katumusta ja vahvaa tunnetta. Ne voivat my\u00f6s edustaa kiitollisuutta ja ymm\u00e4rryst\u00e4.<\/p>\n<p style=\"text-align: center\">\ud83c\uddec\ud83c\udde7<\/p>\n<p>Blue Hydrangea Flower Threader Earrings are very unique and adorable.<\/p>\n<p>Blue Hydrangea symbolically means Apology, Abundance, Rarity, Regret and Strong emotion. They can also represent gratitude and understanding.<\/p>\n","protected":false},"featured_media":404,"template":"","meta":[],"product_brand":[],"product_cat":[34],"product_tag":[],"class_list":{"0":"post-402","1":"product","2":"type-product","3":"status-publish","4":"has-post-thumbnail","6":"product_cat-925-sterling-silver-jewellery","8":"first","9":"outofstock","10":"taxable","11":"shipping-taxable","12":"purchasable","13":"product-type-simple"},"_links":{"self":[{"href":"https:\/\/clairessweetbowtique.com\/index.php\/wp-json\/wp\/v2\/product\/402","targetHints":{"allow":["GET"]}}],"collection":[{"href":"https:\/\/clairessweetbowtique.com\/index.php\/wp-json\/wp\/v2\/product"}],"about":[{"href":"https:\/\/clairessweetbowtique.com\/index.php\/wp-json\/wp\/v2\/types\/product"}],"wp:featuredmedia":[{"embeddable":true,"href":"https:\/\/clairessweetbowtique.com\/index.php\/wp-json\/wp\/v2\/media\/404"}],"wp:attachment":[{"href":"https:\/\/clairessweetbowtique.com\/index.php\/wp-json\/wp\/v2\/media?parent=402"}],"wp:term":[{"taxonomy":"product_brand","embeddable":true,"href":"https:\/\/clairessweetbowtique.com\/index.php\/wp-json\/wp\/v2\/product_brand?post=402"},{"taxonomy":"product_cat","embeddable":true,"href":"https:\/\/clairessweetbowtique.com\/index.php\/wp-json\/wp\/v2\/product_cat?post=402"},{"taxonomy":"product_tag","embeddable":true,"href":"https:\/\/clairessweetbowtique.com\/index.php\/wp-json\/wp\/v2\/product_tag?post=402"}],"curies":[{"name":"wp","href":"https:\/\/api.w.org\/{rel}","templated":true}]}}