{"id":406,"date":"2022-04-22T18:57:25","date_gmt":"2022-04-22T16:57:25","guid":{"rendered":"https:\/\/clairessweetbowtique.com\/?post_type=product&#038;p=406"},"modified":"2022-09-30T08:07:16","modified_gmt":"2022-09-30T06:07:16","slug":"pansy-dangle-earrings","status":"publish","type":"product","link":"https:\/\/clairessweetbowtique.com\/index.php\/tuote\/pansy-dangle-earrings\/","title":{"rendered":"Pansy Dangle Earrings"},"content":{"rendered":"<p>Orvokki -korvakorut on valmistettu aidoista kuivatuista kukista. Korvakoru on vankkaa 925 aitoa hopeaa ja on eritt\u00e4in tyylik\u00e4s.<\/p>\n<p style=\"text-align: center\">\ud83c\uddec\ud83c\udde7<\/p>\n<p>Pansy Dangle earrings are made from real dried pansy flowers. Dangle is solid 925 Sterling Silver and has a very elegant style.<\/p>\n<p>&nbsp;<\/p>\n","protected":false},"excerpt":{"rendered":"<p>Orvokkeja k\u00e4ytet\u00e4\u00e4n symboloimaan RAKASTAVIA TUNTEITA. Voit antaa Orvokin kenelle tahansa, jota pid\u00e4t rakkaana syd\u00e4mess\u00e4si. Siksi Orvokit ovat t\u00e4ydellinen lahja vanhemmille, yst\u00e4ville, sisaruksille tai kaikille muille, joilla on erityinen paikka syd\u00e4mess\u00e4si.<\/p>\n<p style=\"text-align: center\">\ud83c\uddec\ud83c\udde7<\/p>\n<p>Pansies are used to symbolize LOVING FEELINGS. You can give a pansy flower to just about anyone whom you hold dear to your heart. This is why pansies make a perfect gift for parents, friends, siblings or anyone else who holds a special place in your heart.<\/p>\n<p>&nbsp;<\/p>\n","protected":false},"featured_media":407,"template":"","meta":[],"product_brand":[],"product_cat":[34],"product_tag":[],"class_list":{"0":"post-406","1":"product","2":"type-product","3":"status-publish","4":"has-post-thumbnail","6":"product_cat-925-sterling-silver-jewellery","8":"first","9":"outofstock","10":"taxable","11":"shipping-taxable","12":"purchasable","13":"product-type-simple"},"_links":{"self":[{"href":"https:\/\/clairessweetbowtique.com\/index.php\/wp-json\/wp\/v2\/product\/406","targetHints":{"allow":["GET"]}}],"collection":[{"href":"https:\/\/clairessweetbowtique.com\/index.php\/wp-json\/wp\/v2\/product"}],"about":[{"href":"https:\/\/clairessweetbowtique.com\/index.php\/wp-json\/wp\/v2\/types\/product"}],"wp:featuredmedia":[{"embeddable":true,"href":"https:\/\/clairessweetbowtique.com\/index.php\/wp-json\/wp\/v2\/media\/407"}],"wp:attachment":[{"href":"https:\/\/clairessweetbowtique.com\/index.php\/wp-json\/wp\/v2\/media?parent=406"}],"wp:term":[{"taxonomy":"product_brand","embeddable":true,"href":"https:\/\/clairessweetbowtique.com\/index.php\/wp-json\/wp\/v2\/product_brand?post=406"},{"taxonomy":"product_cat","embeddable":true,"href":"https:\/\/clairessweetbowtique.com\/index.php\/wp-json\/wp\/v2\/product_cat?post=406"},{"taxonomy":"product_tag","embeddable":true,"href":"https:\/\/clairessweetbowtique.com\/index.php\/wp-json\/wp\/v2\/product_tag?post=406"}],"curies":[{"name":"wp","href":"https:\/\/api.w.org\/{rel}","templated":true}]}}