{"id":419,"date":"2022-04-25T08:28:01","date_gmt":"2022-04-25T06:28:01","guid":{"rendered":"https:\/\/clairessweetbowtique.com\/?post_type=product&#038;p=419"},"modified":"2022-09-30T08:08:10","modified_gmt":"2022-09-30T06:08:10","slug":"pansy-threader-earrings","status":"publish","type":"product","link":"https:\/\/clairessweetbowtique.com\/index.php\/tuote\/pansy-threader-earrings\/","title":{"rendered":"Pansy Threader Earrings"},"content":{"rendered":"<p>Korvakorut on valmistettu aidoista kuivatuista Orvokki-kukista. Korvalanka on ruostumatonta ter\u00e4st\u00e4 ja kevyt. Huomiota her\u00e4tt\u00e4v\u00e4t tyylikk\u00e4\u00e4t korvakorut.<\/p>\n<p style=\"text-align: center\">GB<\/p>\n<p>Pansy Dangle earrings are made from real dried pansy flowers.\u00a0 Ear thread made from stainless steel\u00a0 and lightweight.\u00a0 Eye catching elegant style earrings.<\/p>\n","protected":false},"excerpt":{"rendered":"<p>Orvokki symboloi RAKASTAVIA TUNTEITA. Voit antaa Orvokin kenelle tahansa, jota pid\u00e4t rakkaana syd\u00e4mellesi.<\/p>\n<p style=\"text-align: center\">GB<\/p>\n<p>Pansies symbolize LOVING FEELINGS. You can give a pansy flower to just about anyone whom you hold dear to your heart.<\/p>\n","protected":false},"featured_media":420,"template":"","meta":[],"product_brand":[],"product_cat":[31],"product_tag":[],"class_list":{"0":"post-419","1":"product","2":"type-product","3":"status-publish","4":"has-post-thumbnail","6":"product_cat-resin-floral-jewellery-dish-trinket","8":"first","9":"outofstock","10":"taxable","11":"shipping-taxable","12":"purchasable","13":"product-type-simple"},"_links":{"self":[{"href":"https:\/\/clairessweetbowtique.com\/index.php\/wp-json\/wp\/v2\/product\/419","targetHints":{"allow":["GET"]}}],"collection":[{"href":"https:\/\/clairessweetbowtique.com\/index.php\/wp-json\/wp\/v2\/product"}],"about":[{"href":"https:\/\/clairessweetbowtique.com\/index.php\/wp-json\/wp\/v2\/types\/product"}],"wp:featuredmedia":[{"embeddable":true,"href":"https:\/\/clairessweetbowtique.com\/index.php\/wp-json\/wp\/v2\/media\/420"}],"wp:attachment":[{"href":"https:\/\/clairessweetbowtique.com\/index.php\/wp-json\/wp\/v2\/media?parent=419"}],"wp:term":[{"taxonomy":"product_brand","embeddable":true,"href":"https:\/\/clairessweetbowtique.com\/index.php\/wp-json\/wp\/v2\/product_brand?post=419"},{"taxonomy":"product_cat","embeddable":true,"href":"https:\/\/clairessweetbowtique.com\/index.php\/wp-json\/wp\/v2\/product_cat?post=419"},{"taxonomy":"product_tag","embeddable":true,"href":"https:\/\/clairessweetbowtique.com\/index.php\/wp-json\/wp\/v2\/product_tag?post=419"}],"curies":[{"name":"wp","href":"https:\/\/api.w.org\/{rel}","templated":true}]}}