{"id":424,"date":"2022-04-26T06:44:05","date_gmt":"2022-04-26T04:44:05","guid":{"rendered":"https:\/\/clairessweetbowtique.com\/?post_type=product&#038;p=424"},"modified":"2024-10-03T16:45:47","modified_gmt":"2024-10-03T14:45:47","slug":"wild-forest-strawberry-dangle-earrings","status":"publish","type":"product","link":"https:\/\/clairessweetbowtique.com\/index.php\/tuote\/wild-forest-strawberry-dangle-earrings\/","title":{"rendered":"Wild\/Forest Strawberry Dangle Earrings"},"content":{"rendered":"<p>Hartsi Roikkuvat korvakorut, joissa sis\u00e4ll\u00e4 OIKEAA luonnollista kuivattua mets\u00e4mansikkaa ja on valmistettu 925 aitoa hopea ja mukava k\u00e4ytt\u00e4\u00e4.<\/p>\n<p style=\"text-align: center\">GB<\/p>\n<p>Resin Dangle earrings with REAL natural dried forest strawberry inside and dangle is made of 925 Sterling Silver and comfortable to wear.<\/p>\n","protected":false},"excerpt":{"rendered":"<p>Mets\u00e4mansikka on t\u00e4ydellinen lahja luonnonyst\u00e4ville. Kirkkaan punaiset marjat korvakorut ovat niin s\u00f6p\u00f6j\u00e4!<\/p>\n<p style=\"text-align: center\">GB<\/p>\n<p>Forest strawberry is a perfect gift for nature lover. Bright red berries earrings are so cute!<\/p>\n","protected":false},"featured_media":427,"template":"","meta":[],"product_brand":[],"product_cat":[29],"product_tag":[],"class_list":{"0":"post-424","1":"product","2":"type-product","3":"status-publish","4":"has-post-thumbnail","6":"product_cat-resin-real-berry-jewellery","8":"first","9":"outofstock","10":"taxable","11":"shipping-taxable","12":"purchasable","13":"product-type-simple"},"_links":{"self":[{"href":"https:\/\/clairessweetbowtique.com\/index.php\/wp-json\/wp\/v2\/product\/424","targetHints":{"allow":["GET"]}}],"collection":[{"href":"https:\/\/clairessweetbowtique.com\/index.php\/wp-json\/wp\/v2\/product"}],"about":[{"href":"https:\/\/clairessweetbowtique.com\/index.php\/wp-json\/wp\/v2\/types\/product"}],"wp:featuredmedia":[{"embeddable":true,"href":"https:\/\/clairessweetbowtique.com\/index.php\/wp-json\/wp\/v2\/media\/427"}],"wp:attachment":[{"href":"https:\/\/clairessweetbowtique.com\/index.php\/wp-json\/wp\/v2\/media?parent=424"}],"wp:term":[{"taxonomy":"product_brand","embeddable":true,"href":"https:\/\/clairessweetbowtique.com\/index.php\/wp-json\/wp\/v2\/product_brand?post=424"},{"taxonomy":"product_cat","embeddable":true,"href":"https:\/\/clairessweetbowtique.com\/index.php\/wp-json\/wp\/v2\/product_cat?post=424"},{"taxonomy":"product_tag","embeddable":true,"href":"https:\/\/clairessweetbowtique.com\/index.php\/wp-json\/wp\/v2\/product_tag?post=424"}],"curies":[{"name":"wp","href":"https:\/\/api.w.org\/{rel}","templated":true}]}}