{"id":433,"date":"2022-04-26T07:51:45","date_gmt":"2022-04-26T05:51:45","guid":{"rendered":"https:\/\/clairessweetbowtique.com\/?post_type=product&#038;p=433"},"modified":"2024-10-03T16:42:28","modified_gmt":"2024-10-03T14:42:28","slug":"wild-forest-strawberry-necklace","status":"publish","type":"product","link":"https:\/\/clairessweetbowtique.com\/index.php\/tuote\/wild-forest-strawberry-necklace\/","title":{"rendered":"Wild\/Forest Strawberry Necklace"},"content":{"rendered":"<p>Mansikka riipus kaulakoru on valmistettu hartsista, jossa on aito villi mansikka sis\u00e4ll\u00e4 ja riipus on luonnon innoittama. 925 aito hopea Singapore kaulakorun koko on 42 cm ja riipus on my\u00f6s valmistettu aidosta 925 hopeasta.<\/p>\n<p style=\"text-align: center\">EN<\/p>\n<p>Strawberry pendant necklace is made from resin with real wild strawberry inside and inspired by nature. The 925 Sterling silver Singapore Necklace size is 42 cm and pendant is also made from real 925 sterling silver.<\/p>\n","protected":false},"excerpt":{"rendered":"<p>Mets\u00e4mansikka on t\u00e4ydellinen lahja luonnonyst\u00e4v\u00e4lle. Kirkkaanpunainen mansikka on niin s\u00f6p\u00f6 ja ainutlaatuinen.<\/p>\n<p style=\"text-align: center\">EN<\/p>\n<p>Forest strawberry is a perfect gift for nature lover. Bright red strawberry is so cute and unique.<\/p>\n<p>&nbsp;<\/p>\n","protected":false},"featured_media":435,"template":"","meta":[],"product_brand":[],"product_cat":[34,29],"product_tag":[],"class_list":{"0":"post-433","1":"product","2":"type-product","3":"status-publish","4":"has-post-thumbnail","6":"product_cat-925-sterling-silver-jewellery","7":"product_cat-resin-real-berry-jewellery","9":"first","10":"outofstock","11":"taxable","12":"shipping-taxable","13":"purchasable","14":"product-type-simple"},"_links":{"self":[{"href":"https:\/\/clairessweetbowtique.com\/index.php\/wp-json\/wp\/v2\/product\/433","targetHints":{"allow":["GET"]}}],"collection":[{"href":"https:\/\/clairessweetbowtique.com\/index.php\/wp-json\/wp\/v2\/product"}],"about":[{"href":"https:\/\/clairessweetbowtique.com\/index.php\/wp-json\/wp\/v2\/types\/product"}],"wp:featuredmedia":[{"embeddable":true,"href":"https:\/\/clairessweetbowtique.com\/index.php\/wp-json\/wp\/v2\/media\/435"}],"wp:attachment":[{"href":"https:\/\/clairessweetbowtique.com\/index.php\/wp-json\/wp\/v2\/media?parent=433"}],"wp:term":[{"taxonomy":"product_brand","embeddable":true,"href":"https:\/\/clairessweetbowtique.com\/index.php\/wp-json\/wp\/v2\/product_brand?post=433"},{"taxonomy":"product_cat","embeddable":true,"href":"https:\/\/clairessweetbowtique.com\/index.php\/wp-json\/wp\/v2\/product_cat?post=433"},{"taxonomy":"product_tag","embeddable":true,"href":"https:\/\/clairessweetbowtique.com\/index.php\/wp-json\/wp\/v2\/product_tag?post=433"}],"curies":[{"name":"wp","href":"https:\/\/api.w.org\/{rel}","templated":true}]}}