{"id":439,"date":"2022-04-26T08:07:08","date_gmt":"2022-04-26T06:07:08","guid":{"rendered":"https:\/\/clairessweetbowtique.com\/?post_type=product&#038;p=439"},"modified":"2024-01-19T09:53:32","modified_gmt":"2024-01-19T07:53:32","slug":"wild-forest-straawberry-925-sterling-silver-pendant","status":"publish","type":"product","link":"https:\/\/clairessweetbowtique.com\/index.php\/tuote\/wild-forest-straawberry-925-sterling-silver-pendant\/","title":{"rendered":"Forest Strawberry 925 Sterling Silver Pendant"},"content":{"rendered":"<p>Mansikkariipus on valmistettu hartsista, jonka sis\u00e4ll\u00e4 on aito villi mansikka ja se on luonnon innoittama. Riipus on valmistettu aidosta 925 hopeasta.<\/p>\n<p>Huomaa: 925 aidon hopea kaulakorun ketju ei sis\u00e4lly toimitukseen<\/p>\n<p style=\"text-align: center\">GB<\/p>\n<p>Strawberry pendant is made from resin with real wild strawberry inside and inspired by nature. The pendant is made from real 925 sterling silver.<\/p>\n<p>Reminder: 925 Sterling Silver Necklace is not included<\/p>\n","protected":false},"excerpt":{"rendered":"<p>Mets\u00e4mansikka on t\u00e4ydellinen lahja luonnonyst\u00e4v\u00e4lle. Kirkkaanpunainen mansikka on niin s\u00f6p\u00f6 ja ainutlaatuinen.<\/p>\n<p style=\"text-align: center\">EN<\/p>\n<p>Forest strawberry is a perfect gift for nature lover. Bright red strawberry is so cute and unique.<\/p>\n<p>&nbsp;<\/p>\n<p>&nbsp;<\/p>\n","protected":false},"featured_media":434,"template":"","meta":[],"product_brand":[],"product_cat":[34,29],"product_tag":[],"class_list":{"0":"post-439","1":"product","2":"type-product","3":"status-publish","4":"has-post-thumbnail","6":"product_cat-925-sterling-silver-jewellery","7":"product_cat-resin-real-berry-jewellery","9":"first","10":"outofstock","11":"taxable","12":"shipping-taxable","13":"purchasable","14":"product-type-simple"},"_links":{"self":[{"href":"https:\/\/clairessweetbowtique.com\/index.php\/wp-json\/wp\/v2\/product\/439","targetHints":{"allow":["GET"]}}],"collection":[{"href":"https:\/\/clairessweetbowtique.com\/index.php\/wp-json\/wp\/v2\/product"}],"about":[{"href":"https:\/\/clairessweetbowtique.com\/index.php\/wp-json\/wp\/v2\/types\/product"}],"wp:featuredmedia":[{"embeddable":true,"href":"https:\/\/clairessweetbowtique.com\/index.php\/wp-json\/wp\/v2\/media\/434"}],"wp:attachment":[{"href":"https:\/\/clairessweetbowtique.com\/index.php\/wp-json\/wp\/v2\/media?parent=439"}],"wp:term":[{"taxonomy":"product_brand","embeddable":true,"href":"https:\/\/clairessweetbowtique.com\/index.php\/wp-json\/wp\/v2\/product_brand?post=439"},{"taxonomy":"product_cat","embeddable":true,"href":"https:\/\/clairessweetbowtique.com\/index.php\/wp-json\/wp\/v2\/product_cat?post=439"},{"taxonomy":"product_tag","embeddable":true,"href":"https:\/\/clairessweetbowtique.com\/index.php\/wp-json\/wp\/v2\/product_tag?post=439"}],"curies":[{"name":"wp","href":"https:\/\/api.w.org\/{rel}","templated":true}]}}