{"id":456,"date":"2022-04-30T08:37:35","date_gmt":"2022-04-30T06:37:35","guid":{"rendered":"https:\/\/clairessweetbowtique.com\/?post_type=product&#038;p=456"},"modified":"2024-01-19T09:51:09","modified_gmt":"2024-01-19T07:51:09","slug":"forget-me-not-hair-clips","status":"publish","type":"product","link":"https:\/\/clairessweetbowtique.com\/index.php\/tuote\/forget-me-not-hair-clips\/","title":{"rendered":"Forget Me Not Hair Clips"},"content":{"rendered":"<p>Lemmikki-hiuspinni, valmistettu aidosta kuivatusta Lemmikki-kukkasta ja p\u00e4\u00e4llystetty korkealaatuisella UV-hartsilla.<\/p>\n<p>Hiuspinni: Metallin tyyppi on kupari, metallin v\u00e4ri on Platina ja koko 12mm<\/p>\n<p>2 kpl hiuspinnej\u00e4<\/p>\n<p style=\"text-align: center\">EN<\/p>\n<p>Forget me not hair clip is made from real dried forget me not flower and sealed with high quality uv resin.<\/p>\n<p>Hair pin: Metal type is copper, Metal color is Platinum and size 12mm<\/p>\n<p>2 pieces hair clip<\/p>\n","protected":false},"excerpt":{"rendered":"<p>N\u00e4m\u00e4 vintage-tyyliset kukkahiuspinnit ovat loistava tapa tuoda hieman ylim\u00e4\u00e4r\u00e4ist\u00e4 v\u00e4ri\u00e4 asuusi joka p\u00e4iv\u00e4.<\/p>\n<p>Kukka-hiuskoriste on ihanteellinen morsiamen h\u00e4\u00e4kampaukseen, morsiusneidoille. T\u00e4ydellinen my\u00f6s muihin tilanteisiin tai erilaisiin valokuvauksiin.<\/p>\n<p>Jos etsit merkityksellist\u00e4 lahjaa Lemmikki symboloi TODELLISTA RAKKAUTTA ja KUNNIOITUSTA. Kun annat jollekin n\u00e4m\u00e4 pienet kukat, se edustaa lupausta, ett\u00e4 muistat heid\u00e4t aina ja pid\u00e4t heid\u00e4t ajatuksissasi.<\/p>\n<p style=\"text-align: center\">EN<\/p>\n<p>These vintage style flower hair clip are wonderful way to bring a little extra colour to your outfit for everyday.<\/p>\n<p>Floral hair accessory is ideal for wedding hairstyle bride, bridesmaids. Perfect also for other occasions or various photo shoots.<\/p>\n<p>If you are looking for meaningful gift Forget me not symbolize TRUE LOVE and RESPECT. When you give someone these tiny blooms, it represents a promise that you will always remember them and will keep them in your thoughts.<\/p>\n<p>&nbsp;<\/p>\n","protected":false},"featured_media":457,"template":"","meta":[],"product_brand":[],"product_cat":[37],"product_tag":[],"class_list":{"0":"post-456","1":"product","2":"type-product","3":"status-publish","4":"has-post-thumbnail","6":"product_cat-hair-clip","8":"first","9":"outofstock","10":"taxable","11":"shipping-taxable","12":"purchasable","13":"product-type-simple"},"_links":{"self":[{"href":"https:\/\/clairessweetbowtique.com\/index.php\/wp-json\/wp\/v2\/product\/456","targetHints":{"allow":["GET"]}}],"collection":[{"href":"https:\/\/clairessweetbowtique.com\/index.php\/wp-json\/wp\/v2\/product"}],"about":[{"href":"https:\/\/clairessweetbowtique.com\/index.php\/wp-json\/wp\/v2\/types\/product"}],"wp:featuredmedia":[{"embeddable":true,"href":"https:\/\/clairessweetbowtique.com\/index.php\/wp-json\/wp\/v2\/media\/457"}],"wp:attachment":[{"href":"https:\/\/clairessweetbowtique.com\/index.php\/wp-json\/wp\/v2\/media?parent=456"}],"wp:term":[{"taxonomy":"product_brand","embeddable":true,"href":"https:\/\/clairessweetbowtique.com\/index.php\/wp-json\/wp\/v2\/product_brand?post=456"},{"taxonomy":"product_cat","embeddable":true,"href":"https:\/\/clairessweetbowtique.com\/index.php\/wp-json\/wp\/v2\/product_cat?post=456"},{"taxonomy":"product_tag","embeddable":true,"href":"https:\/\/clairessweetbowtique.com\/index.php\/wp-json\/wp\/v2\/product_tag?post=456"}],"curies":[{"name":"wp","href":"https:\/\/api.w.org\/{rel}","templated":true}]}}