{"id":463,"date":"2022-04-30T09:59:33","date_gmt":"2022-04-30T07:59:33","guid":{"rendered":"https:\/\/clairessweetbowtique.com\/?post_type=product&#038;p=463"},"modified":"2024-01-19T09:43:33","modified_gmt":"2024-01-19T07:43:33","slug":"daisy-flower-hair-clip","status":"publish","type":"product","link":"https:\/\/clairessweetbowtique.com\/index.php\/tuote\/daisy-flower-hair-clip\/","title":{"rendered":"Daisy Flower Hair Clip"},"content":{"rendered":"<p>Daisy-hiussolki on aidosta aidosta kuivatusta p\u00e4iv\u00e4nkakkarasta ja p\u00e4\u00e4llystetty korkealaatuisella UV-hartsilla.<\/p>\n<p>Hiuspinni: Metallin tyyppi on kupari, metallin v\u00e4ri on Platina ja koko 12mm<\/p>\n<p>P\u00e4iv\u00e4nkakkara kukka n. koko 2-3cm<\/p>\n<p>1-osainen hiuspinni<\/p>\n<p style=\"text-align: center\">EN<\/p>\n<p>Daisy hair clip is made from real dried daisy flower and sealed with high quality uv resin.<\/p>\n<p>Hair pin: Metal type is copper, Metal color is Platinum and size 12mm<\/p>\n<p>Daisy flower approx. size 2-3cm<\/p>\n<p>1 piece Hair Clip<\/p>\n<p>&nbsp;<\/p>\n","protected":false},"excerpt":{"rendered":"<p>N\u00e4m\u00e4 vintage-tyyliset kukkahiuskoristett ovat loistava tapa tuoda hieman ylim\u00e4\u00e4r\u00e4ist\u00e4 v\u00e4ri\u00e4 asuusi joka p\u00e4iv\u00e4.<\/p>\n<p>Kukka-hiuskoriste on ihanteellinen morsiamen h\u00e4\u00e4kampaukseen, morsiusneidoille. T\u00e4ydellinen my\u00f6s muihin tilanteisiin tai erilaisiin valokuvauksiin.<\/p>\n<p style=\"text-align: center\">EN<\/p>\n<p>These vintage style flower hair clip are wonderful way to bring a little extra colour to your outfit for everyday.<\/p>\n<p>Floral hair accessory is ideal for wedding hairstyle bride, bridesmaids. Perfect also for other occasions or various photo shoots.<\/p>\n<p>&nbsp;<\/p>\n","protected":false},"featured_media":464,"template":"","meta":[],"product_brand":[],"product_cat":[37],"product_tag":[],"class_list":{"0":"post-463","1":"product","2":"type-product","3":"status-publish","4":"has-post-thumbnail","6":"product_cat-hair-clip","8":"first","9":"outofstock","10":"taxable","11":"shipping-taxable","12":"purchasable","13":"product-type-simple"},"_links":{"self":[{"href":"https:\/\/clairessweetbowtique.com\/index.php\/wp-json\/wp\/v2\/product\/463","targetHints":{"allow":["GET"]}}],"collection":[{"href":"https:\/\/clairessweetbowtique.com\/index.php\/wp-json\/wp\/v2\/product"}],"about":[{"href":"https:\/\/clairessweetbowtique.com\/index.php\/wp-json\/wp\/v2\/types\/product"}],"wp:featuredmedia":[{"embeddable":true,"href":"https:\/\/clairessweetbowtique.com\/index.php\/wp-json\/wp\/v2\/media\/464"}],"wp:attachment":[{"href":"https:\/\/clairessweetbowtique.com\/index.php\/wp-json\/wp\/v2\/media?parent=463"}],"wp:term":[{"taxonomy":"product_brand","embeddable":true,"href":"https:\/\/clairessweetbowtique.com\/index.php\/wp-json\/wp\/v2\/product_brand?post=463"},{"taxonomy":"product_cat","embeddable":true,"href":"https:\/\/clairessweetbowtique.com\/index.php\/wp-json\/wp\/v2\/product_cat?post=463"},{"taxonomy":"product_tag","embeddable":true,"href":"https:\/\/clairessweetbowtique.com\/index.php\/wp-json\/wp\/v2\/product_tag?post=463"}],"curies":[{"name":"wp","href":"https:\/\/api.w.org\/{rel}","templated":true}]}}