{"id":467,"date":"2022-04-30T09:22:28","date_gmt":"2022-04-30T07:22:28","guid":{"rendered":"https:\/\/clairessweetbowtique.com\/?post_type=product&#038;p=467"},"modified":"2024-10-03T16:40:32","modified_gmt":"2024-10-03T14:40:32","slug":"zirconia-round-charm-forget-me-not-bracelet","status":"publish","type":"product","link":"https:\/\/clairessweetbowtique.com\/index.php\/tuote\/zirconia-round-charm-forget-me-not-bracelet\/","title":{"rendered":"Zirconia Round Charm Forget Me Not Bracelet"},"content":{"rendered":"<p>Hartsista valmistettu rannekoru, jossa kuivattu Sininen Lemmikki-kukka. Romanttinen ja tyylik\u00e4s.<\/p>\n<p>Rannekoru: ,\u00a0 Zirconia Round Charm ruostumaton ter\u00e4s on hypoallergeeninen ja kevyt, mukava k\u00e4ytt\u00e4\u00e4.<\/p>\n<p>Rannekorun koko n. 12cm + 5cm.<\/p>\n<p style=\"text-align: center\">EN<\/p>\n<p>Resin bracelet with pressed Blue Forget me not real flower.\u00a0 Romantic and elegant style.<\/p>\n<p>Bracelet: Stainless steel Bracelet with Crystal\u00a0 Zirconia Round Charm and chain length 12cm+5cm\u00a0 (extended chain).<\/p>\n","protected":false},"excerpt":{"rendered":"<p>Kaunis rannekoru Lemmikki-kukka, tehty huolellisesti ja hellyydell\u00e4. Lemmikki symboloi rakkautta, yst\u00e4vyytt\u00e4 ja muistoja. T\u00e4ydellinen lahja itsellesi ja rakkaillesi. Todella merkityksellinen lahja, jota vaalia ikuisesti.<\/p>\n<p style=\"text-align: center\">EN<\/p>\n<p>Beautiful Bracelet with Forget me not flower made with care and delicacy. Forget me not symbolized love, friendship and memories. Perfect gifts for yourself and loved ones. A real meaningful gift to treasure forever.<\/p>\n<p>&nbsp;<\/p>\n","protected":false},"featured_media":468,"template":"","meta":[],"product_brand":[],"product_cat":[34],"product_tag":[],"class_list":{"0":"post-467","1":"product","2":"type-product","3":"status-publish","4":"has-post-thumbnail","6":"product_cat-925-sterling-silver-jewellery","8":"first","9":"outofstock","10":"taxable","11":"shipping-taxable","12":"purchasable","13":"product-type-simple"},"_links":{"self":[{"href":"https:\/\/clairessweetbowtique.com\/index.php\/wp-json\/wp\/v2\/product\/467","targetHints":{"allow":["GET"]}}],"collection":[{"href":"https:\/\/clairessweetbowtique.com\/index.php\/wp-json\/wp\/v2\/product"}],"about":[{"href":"https:\/\/clairessweetbowtique.com\/index.php\/wp-json\/wp\/v2\/types\/product"}],"wp:featuredmedia":[{"embeddable":true,"href":"https:\/\/clairessweetbowtique.com\/index.php\/wp-json\/wp\/v2\/media\/468"}],"wp:attachment":[{"href":"https:\/\/clairessweetbowtique.com\/index.php\/wp-json\/wp\/v2\/media?parent=467"}],"wp:term":[{"taxonomy":"product_brand","embeddable":true,"href":"https:\/\/clairessweetbowtique.com\/index.php\/wp-json\/wp\/v2\/product_brand?post=467"},{"taxonomy":"product_cat","embeddable":true,"href":"https:\/\/clairessweetbowtique.com\/index.php\/wp-json\/wp\/v2\/product_cat?post=467"},{"taxonomy":"product_tag","embeddable":true,"href":"https:\/\/clairessweetbowtique.com\/index.php\/wp-json\/wp\/v2\/product_tag?post=467"}],"curies":[{"name":"wp","href":"https:\/\/api.w.org\/{rel}","templated":true}]}}