{"id":477,"date":"2022-05-06T19:54:34","date_gmt":"2022-05-06T17:54:34","guid":{"rendered":"https:\/\/clairessweetbowtique.com\/?post_type=product&#038;p=477"},"modified":"2024-01-19T09:59:35","modified_gmt":"2024-01-19T07:59:35","slug":"forget-me-not-adjustable-ring","status":"publish","type":"product","link":"https:\/\/clairessweetbowtique.com\/index.php\/tuote\/forget-me-not-adjustable-ring\/","title":{"rendered":"Forget Me Not Adjustable Ring"},"content":{"rendered":"<p>S\u00e4\u00e4dett\u00e4v\u00e4 rengas, joka on valmistettu 925 aidosta hopeasta, jossa on aito kuivattu Lemmikki kukka.<\/p>\n<p style=\"text-align: center\">EN<\/p>\n<p>Adjustable Ring made from 925 Sterling Silver with real dried forget me not flower.<\/p>\n","protected":false},"excerpt":{"rendered":"<p>Lemmikkisormus n\u00e4ytt\u00e4\u00e4 niin suloiselta ja elegantilta. Lemmikki symboloi rakkautta, yst\u00e4vyytt\u00e4 ja muistoja. T\u00e4ydellinen lahja itsellesi ja rakkaillesi. Todella merkityksellinen lahja vaalia ikuisesti.<\/p>\n<p style=\"text-align: center\">EN<\/p>\n<p>Forget me not ring look so sweet and elegant. Forget me not symbolized love, friendship and memories. Perfect gifts for yourself and loved ones. A real meaningful gift to treasure forever.<\/p>\n<p>&nbsp;<\/p>\n","protected":false},"featured_media":479,"template":"","meta":[],"product_brand":[],"product_cat":[34],"product_tag":[],"class_list":{"0":"post-477","1":"product","2":"type-product","3":"status-publish","4":"has-post-thumbnail","6":"product_cat-925-sterling-silver-jewellery","8":"first","9":"outofstock","10":"taxable","11":"shipping-taxable","12":"purchasable","13":"product-type-simple"},"_links":{"self":[{"href":"https:\/\/clairessweetbowtique.com\/index.php\/wp-json\/wp\/v2\/product\/477","targetHints":{"allow":["GET"]}}],"collection":[{"href":"https:\/\/clairessweetbowtique.com\/index.php\/wp-json\/wp\/v2\/product"}],"about":[{"href":"https:\/\/clairessweetbowtique.com\/index.php\/wp-json\/wp\/v2\/types\/product"}],"wp:featuredmedia":[{"embeddable":true,"href":"https:\/\/clairessweetbowtique.com\/index.php\/wp-json\/wp\/v2\/media\/479"}],"wp:attachment":[{"href":"https:\/\/clairessweetbowtique.com\/index.php\/wp-json\/wp\/v2\/media?parent=477"}],"wp:term":[{"taxonomy":"product_brand","embeddable":true,"href":"https:\/\/clairessweetbowtique.com\/index.php\/wp-json\/wp\/v2\/product_brand?post=477"},{"taxonomy":"product_cat","embeddable":true,"href":"https:\/\/clairessweetbowtique.com\/index.php\/wp-json\/wp\/v2\/product_cat?post=477"},{"taxonomy":"product_tag","embeddable":true,"href":"https:\/\/clairessweetbowtique.com\/index.php\/wp-json\/wp\/v2\/product_tag?post=477"}],"curies":[{"name":"wp","href":"https:\/\/api.w.org\/{rel}","templated":true}]}}