{"id":483,"date":"2022-05-06T19:54:24","date_gmt":"2022-05-06T17:54:24","guid":{"rendered":"https:\/\/clairessweetbowtique.com\/?post_type=product&#038;p=483"},"modified":"2024-01-19T09:46:45","modified_gmt":"2024-01-19T07:46:45","slug":"forget-me-not-sphere-earrings","status":"publish","type":"product","link":"https:\/\/clairessweetbowtique.com\/index.php\/tuote\/forget-me-not-sphere-earrings\/","title":{"rendered":"Forget Me Not Sphere Earrings"},"content":{"rendered":"<p>Pallokorvakorut, joissa on aitoja kuivattuja Lemmikki kukkia. Ranskalainen koukku korvakoru, koko 27x4mm on valmistettu 925 aidosta hopeasta. Hartsipallon koko 18mm, kokonaispaino 3g pari.<\/p>\n<p style=\"text-align: center\">EN<\/p>\n<p>Sphere earrings with real dried forget me not flowers. French hook earring size 27x4mm and made from 925 sterling silver.\u00a0 The resin sphere size 18mm, total weight 3g each pair.<\/p>\n","protected":false},"excerpt":{"rendered":"<p>Lemmikki pallokorvakorut ovat niin ihania ja ainutlaatuisia. Lemmikki symboloi rakkautta, yst\u00e4vyytt\u00e4 ja muistoja. T\u00e4ydellinen lahjat itsellesi ja rakkaillesi. Todella merkityksellinen lahja, jota vaalia ikuisesti.<\/p>\n<p style=\"text-align: center\">EN<\/p>\n<p>Forget me not sphere earrings are so lovely and unique. Forget me not symbolized love, friendship and memories. Perfect gifts for yourself and loved ones. A real meaningful gift to treasure forever.<\/p>\n<p>&nbsp;<\/p>\n","protected":false},"featured_media":484,"template":"","meta":[],"product_brand":[],"product_cat":[34],"product_tag":[],"class_list":{"0":"post-483","1":"product","2":"type-product","3":"status-publish","4":"has-post-thumbnail","6":"product_cat-925-sterling-silver-jewellery","8":"first","9":"outofstock","10":"taxable","11":"shipping-taxable","12":"purchasable","13":"product-type-simple"},"_links":{"self":[{"href":"https:\/\/clairessweetbowtique.com\/index.php\/wp-json\/wp\/v2\/product\/483","targetHints":{"allow":["GET"]}}],"collection":[{"href":"https:\/\/clairessweetbowtique.com\/index.php\/wp-json\/wp\/v2\/product"}],"about":[{"href":"https:\/\/clairessweetbowtique.com\/index.php\/wp-json\/wp\/v2\/types\/product"}],"wp:featuredmedia":[{"embeddable":true,"href":"https:\/\/clairessweetbowtique.com\/index.php\/wp-json\/wp\/v2\/media\/484"}],"wp:attachment":[{"href":"https:\/\/clairessweetbowtique.com\/index.php\/wp-json\/wp\/v2\/media?parent=483"}],"wp:term":[{"taxonomy":"product_brand","embeddable":true,"href":"https:\/\/clairessweetbowtique.com\/index.php\/wp-json\/wp\/v2\/product_brand?post=483"},{"taxonomy":"product_cat","embeddable":true,"href":"https:\/\/clairessweetbowtique.com\/index.php\/wp-json\/wp\/v2\/product_cat?post=483"},{"taxonomy":"product_tag","embeddable":true,"href":"https:\/\/clairessweetbowtique.com\/index.php\/wp-json\/wp\/v2\/product_tag?post=483"}],"curies":[{"name":"wp","href":"https:\/\/api.w.org\/{rel}","templated":true}]}}