{"id":487,"date":"2022-05-06T19:54:15","date_gmt":"2022-05-06T17:54:15","guid":{"rendered":"https:\/\/clairessweetbowtique.com\/?post_type=product&#038;p=487"},"modified":"2024-10-03T16:29:49","modified_gmt":"2024-10-03T14:29:49","slug":"forget-me-not-sweetheart-bird","status":"publish","type":"product","link":"https:\/\/clairessweetbowtique.com\/index.php\/tuote\/forget-me-not-sweetheart-bird\/","title":{"rendered":"Forget Me Not Sweetheart Bird"},"content":{"rendered":"<p>Lemmikki lintu, joka on valmistettu korkealaatuisesta hartsista, jossa on aitoja kuivattuja, Lemmikki kukkia. Kullanmurulintu saatavana 1 parina. Paino per kappale on 8g ja koko 4cm.<\/p>\n<p style=\"text-align: center\">EN<\/p>\n<p>Forget me not bird made from high quality resin with real dried forget me not flowers. Sweetheart bird available in 1 pair.\u00a0 Weight per each is 8g and size is 4cm.<\/p>\n","protected":false},"excerpt":{"rendered":"<p>Lintu symboloi Vapautta ja Lemmikki symboloi rakkautta, yst\u00e4vyytt\u00e4 ja muistoja. T\u00e4ydellinen lahja itsellesi ja rakkaillesi. Todella merkityksellinen lahja vaalia ikuisesti. N\u00e4it\u00e4 lintuja voidaan k\u00e4ytt\u00e4\u00e4 olohuoneessa, makuuhuoneessa ja siell\u00e4 minne haluat lis\u00e4t\u00e4 ainutlaatuista taidetta.<\/p>\n<p style=\"text-align: center\">EN<\/p>\n<p>Bird symbolized Freedom and Forget me not symbolized love, friendship and memories. Perfect gifts for yourself and loved ones. A real meaningful gift to treasure forever. These birds can be used in the living room, bedroom, and anywhere you like to add a unique art.<\/p>\n","protected":false},"featured_media":488,"template":"","meta":[],"product_brand":[],"product_cat":[15],"product_tag":[],"class_list":{"0":"post-487","1":"product","2":"type-product","3":"status-publish","4":"has-post-thumbnail","6":"product_cat-uncategorized","8":"first","9":"instock","10":"taxable","11":"shipping-taxable","12":"purchasable","13":"product-type-simple"},"_links":{"self":[{"href":"https:\/\/clairessweetbowtique.com\/index.php\/wp-json\/wp\/v2\/product\/487","targetHints":{"allow":["GET"]}}],"collection":[{"href":"https:\/\/clairessweetbowtique.com\/index.php\/wp-json\/wp\/v2\/product"}],"about":[{"href":"https:\/\/clairessweetbowtique.com\/index.php\/wp-json\/wp\/v2\/types\/product"}],"wp:featuredmedia":[{"embeddable":true,"href":"https:\/\/clairessweetbowtique.com\/index.php\/wp-json\/wp\/v2\/media\/488"}],"wp:attachment":[{"href":"https:\/\/clairessweetbowtique.com\/index.php\/wp-json\/wp\/v2\/media?parent=487"}],"wp:term":[{"taxonomy":"product_brand","embeddable":true,"href":"https:\/\/clairessweetbowtique.com\/index.php\/wp-json\/wp\/v2\/product_brand?post=487"},{"taxonomy":"product_cat","embeddable":true,"href":"https:\/\/clairessweetbowtique.com\/index.php\/wp-json\/wp\/v2\/product_cat?post=487"},{"taxonomy":"product_tag","embeddable":true,"href":"https:\/\/clairessweetbowtique.com\/index.php\/wp-json\/wp\/v2\/product_tag?post=487"}],"curies":[{"name":"wp","href":"https:\/\/api.w.org\/{rel}","templated":true}]}}