{"id":491,"date":"2022-05-06T19:53:41","date_gmt":"2022-05-06T17:53:41","guid":{"rendered":"https:\/\/clairessweetbowtique.com\/?post_type=product&#038;p=491"},"modified":"2024-10-03T16:41:26","modified_gmt":"2024-10-03T14:41:26","slug":"limonium-flowers-initial-keychain","status":"publish","type":"product","link":"https:\/\/clairessweetbowtique.com\/index.php\/tuote\/limonium-flowers-initial-keychain\/","title":{"rendered":"Limonium Flowers Initial Keychain"},"content":{"rendered":"<p>Nimikirjain avaimenper\u00e4 on valmistettu korkealaatuisesta hartsista, jossa on aitoja violetteja ja vaaleanpunaisia Rantaneilikan kukkia.<\/p>\n<p>Saatavilla kirjaimet v\u00e4lilt\u00e4 A-Z.<\/p>\n<p>Huomautus: L\u00e4het\u00e4 meille viesti vahvistaaksesi, mit\u00e4 aakkosia haluat tilata.\u00a0 Tai mainitse ne tilauksen lis\u00e4tiedoissa.<\/p>\n<p style=\"text-align: center\">EN<\/p>\n<p>Initial keychain is made from high quality resin with real purple and pink limonium flowers.<\/p>\n<p>Available to A-Z<\/p>\n<p>Note: Please send us a message to confirm what alphabet you wish to order. Or mention them in order notes.<\/p>\n","protected":false},"excerpt":{"rendered":"<p>Rantaneilikan v\u00e4rin merkitykset:<\/p>\n<p>Violetti limonium &#8211; armon, vieh\u00e4tyksen, mysteerin, lumouksen ja fantasian v\u00e4ri<\/p>\n<p>Vaaleanpunainen Rantaneilikka &#8211; Osoittaa naisellisuutta, lempeytt\u00e4, my\u00f6t\u00e4tuntoa ja \u00e4idillist\u00e4 rakkautta<\/p>\n<p>Kukkaa k\u00e4ytet\u00e4\u00e4n symboloimaan my\u00f6t\u00e4tunnon ja muiston tunteita. Se on t\u00e4ydellinen ilmaus &#8221;Kaipaan sinua&#8221; kukkien kielell\u00e4.<\/p>\n<p style=\"text-align: center\">EN<\/p>\n<p>The limonium flower color meanings:<\/p>\n<p>Purple limonium\u2013 color of grace, charm, mystery, enchantment and fantasy<\/p>\n<p>Pink limonium- Shows femininity, gentleness, compassion and motherly love<\/p>\n<p>The Flower is used to symbolize feelings of sympathy and remembrance. It\u2019s the perfect expression of \u201cI miss you\u201d in the language of flowers.<\/p>\n<p>&nbsp;<\/p>\n","protected":false},"featured_media":549,"template":"","meta":[],"product_brand":[],"product_cat":[15],"product_tag":[],"class_list":{"0":"post-491","1":"product","2":"type-product","3":"status-publish","4":"has-post-thumbnail","6":"product_cat-uncategorized","8":"first","9":"outofstock","10":"taxable","11":"shipping-taxable","12":"purchasable","13":"product-type-simple"},"_links":{"self":[{"href":"https:\/\/clairessweetbowtique.com\/index.php\/wp-json\/wp\/v2\/product\/491","targetHints":{"allow":["GET"]}}],"collection":[{"href":"https:\/\/clairessweetbowtique.com\/index.php\/wp-json\/wp\/v2\/product"}],"about":[{"href":"https:\/\/clairessweetbowtique.com\/index.php\/wp-json\/wp\/v2\/types\/product"}],"wp:featuredmedia":[{"embeddable":true,"href":"https:\/\/clairessweetbowtique.com\/index.php\/wp-json\/wp\/v2\/media\/549"}],"wp:attachment":[{"href":"https:\/\/clairessweetbowtique.com\/index.php\/wp-json\/wp\/v2\/media?parent=491"}],"wp:term":[{"taxonomy":"product_brand","embeddable":true,"href":"https:\/\/clairessweetbowtique.com\/index.php\/wp-json\/wp\/v2\/product_brand?post=491"},{"taxonomy":"product_cat","embeddable":true,"href":"https:\/\/clairessweetbowtique.com\/index.php\/wp-json\/wp\/v2\/product_cat?post=491"},{"taxonomy":"product_tag","embeddable":true,"href":"https:\/\/clairessweetbowtique.com\/index.php\/wp-json\/wp\/v2\/product_tag?post=491"}],"curies":[{"name":"wp","href":"https:\/\/api.w.org\/{rel}","templated":true}]}}