{"id":496,"date":"2022-05-06T19:53:27","date_gmt":"2022-05-06T17:53:27","guid":{"rendered":"https:\/\/clairessweetbowtique.com\/?post_type=product&#038;p=496"},"modified":"2024-10-03T16:30:42","modified_gmt":"2024-10-03T14:30:42","slug":"floral-snail","status":"publish","type":"product","link":"https:\/\/clairessweetbowtique.com\/index.php\/tuote\/floral-snail\/","title":{"rendered":"Floral Snail"},"content":{"rendered":"<p>Etana on valmistettu korkealaatuisesta hartsista, jossa on aitoja\u00a0 kuivattuja kukkia. Koko on 4cm ja paino 6g<\/p>\n<p>Huomaa: L\u00e4het\u00e4 meille viesti vahvistaaksesi, mit\u00e4 mallia haluat tilata<br \/>\na. Unohda minut, ei rakas etana.<br \/>\nb. Unohda minut, ei Pinky Snail.<\/p>\n<p style=\"text-align: center\">EN<\/p>\n<p>Snail is made from high quality resin with real dried flowers. Size is 4cm and weight is 6g<\/p>\n<p>Note: Please send us message to confirm what design you like to order<\/p>\n<p>a. Forget me not darling snail<\/p>\n<p>b. Forget me not Pinky Snail<\/p>\n<p>&nbsp;<\/p>\n","protected":false},"excerpt":{"rendered":"<p>Etana on ainutlaatuinen taidekoriste. Usein se asettuu l\u00e4helle p\u00f6yt\u00e4kukkia tai kasveja olohuoneessa, makuuhuoneessa tai puutarhahuoneessa.<\/p>\n<p style=\"text-align: center\">EN<\/p>\n<p>Snail one of the kind for art decorations. Mostly it places near table flowers or plants in living room, bedroom or in garden room.<\/p>\n<p>&nbsp;<\/p>\n","protected":false},"featured_media":497,"template":"","meta":[],"product_brand":[],"product_cat":[15],"product_tag":[],"class_list":{"0":"post-496","1":"product","2":"type-product","3":"status-publish","4":"has-post-thumbnail","6":"product_cat-uncategorized","8":"first","9":"outofstock","10":"taxable","11":"shipping-taxable","12":"purchasable","13":"product-type-simple"},"_links":{"self":[{"href":"https:\/\/clairessweetbowtique.com\/index.php\/wp-json\/wp\/v2\/product\/496","targetHints":{"allow":["GET"]}}],"collection":[{"href":"https:\/\/clairessweetbowtique.com\/index.php\/wp-json\/wp\/v2\/product"}],"about":[{"href":"https:\/\/clairessweetbowtique.com\/index.php\/wp-json\/wp\/v2\/types\/product"}],"wp:featuredmedia":[{"embeddable":true,"href":"https:\/\/clairessweetbowtique.com\/index.php\/wp-json\/wp\/v2\/media\/497"}],"wp:attachment":[{"href":"https:\/\/clairessweetbowtique.com\/index.php\/wp-json\/wp\/v2\/media?parent=496"}],"wp:term":[{"taxonomy":"product_brand","embeddable":true,"href":"https:\/\/clairessweetbowtique.com\/index.php\/wp-json\/wp\/v2\/product_brand?post=496"},{"taxonomy":"product_cat","embeddable":true,"href":"https:\/\/clairessweetbowtique.com\/index.php\/wp-json\/wp\/v2\/product_cat?post=496"},{"taxonomy":"product_tag","embeddable":true,"href":"https:\/\/clairessweetbowtique.com\/index.php\/wp-json\/wp\/v2\/product_tag?post=496"}],"curies":[{"name":"wp","href":"https:\/\/api.w.org\/{rel}","templated":true}]}}