{"id":519,"date":"2022-05-20T18:18:37","date_gmt":"2022-05-20T16:18:37","guid":{"rendered":"https:\/\/clairessweetbowtique.com\/?post_type=product&#038;p=519"},"modified":"2022-09-30T07:59:20","modified_gmt":"2022-09-30T05:59:20","slug":"cherry-blossom-sphere-earrings","status":"publish","type":"product","link":"https:\/\/clairessweetbowtique.com\/index.php\/tuote\/cherry-blossom-sphere-earrings\/","title":{"rendered":"Cherry Blossom Sphere Earrings"},"content":{"rendered":"<p>N\u00e4m\u00e4 korvakorut on valmistettu korkealaatuisesta UV-hartsista, jossa on aito kuivattu kirsikankukka. Ranskalainen koukku korvakoru 27&#215;4 mm, joka on valmistettu 925 aidosta hopeasta. Hartsipallon koko 18mm, kokonaispaino 3g yksi korvakoru.<\/p>\n<p style=\"text-align: center\">EN<\/p>\n<p>These earrings are made from high quality UV resin with real dried cherry blossom flower.\u00a0 French hook earring 27x4mm and made from\u00a0 925 sterling silver. The resin sphere size 18mm, total weight 3g each earing.<\/p>\n","protected":false},"excerpt":{"rendered":"<p>Kirsikankukka symboloi rakkautta, puhtautta, el\u00e4m\u00e4n ohimenev\u00e4\u00e4 luonnetta, hetkellisyytt\u00e4, uuden alkua ja kev\u00e4tt\u00e4.<\/p>\n<p>Kirsikankukat ovat suosittuja ihmisten keskuudessa ymp\u00e4ri maailmaa, ja japanilaiset ovat rakastaneet niit\u00e4 syv\u00e4sti kautta aikojen. Yksi japanin odotetuimmista kev\u00e4\u00e4n merkeist\u00e4 ovat upeat vaaleanpunaiset japanilaiset kirsikkapuut, jotka tunnetaan my\u00f6s nimell\u00e4 Sakura (Sakura, ovat rakkauden tunnus ja ne symboloivat my\u00f6s ONNEA).<\/p>\n<p style=\"text-align: center\">EN<\/p>\n<p>Cherry Blossom symbolism Love, Purity, Fleeting nature of life, Transience, New beginnings and Spring<\/p>\n<p>Cherry blossom flowers are popular among people all over the world and has been deeply loved by the Japanese through the ages.\u00a0 One of the most awaited signs of spring in Japan are magnificent pink Japanese cherry trees, also known Sakura (Sakura, are an emblem of love and they also symbolize GOOD LUCK).<\/p>\n","protected":false},"featured_media":522,"template":"","meta":[],"product_brand":[],"product_cat":[34],"product_tag":[],"class_list":{"0":"post-519","1":"product","2":"type-product","3":"status-publish","4":"has-post-thumbnail","6":"product_cat-925-sterling-silver-jewellery","8":"first","9":"outofstock","10":"taxable","11":"shipping-taxable","12":"purchasable","13":"product-type-simple"},"_links":{"self":[{"href":"https:\/\/clairessweetbowtique.com\/index.php\/wp-json\/wp\/v2\/product\/519","targetHints":{"allow":["GET"]}}],"collection":[{"href":"https:\/\/clairessweetbowtique.com\/index.php\/wp-json\/wp\/v2\/product"}],"about":[{"href":"https:\/\/clairessweetbowtique.com\/index.php\/wp-json\/wp\/v2\/types\/product"}],"wp:featuredmedia":[{"embeddable":true,"href":"https:\/\/clairessweetbowtique.com\/index.php\/wp-json\/wp\/v2\/media\/522"}],"wp:attachment":[{"href":"https:\/\/clairessweetbowtique.com\/index.php\/wp-json\/wp\/v2\/media?parent=519"}],"wp:term":[{"taxonomy":"product_brand","embeddable":true,"href":"https:\/\/clairessweetbowtique.com\/index.php\/wp-json\/wp\/v2\/product_brand?post=519"},{"taxonomy":"product_cat","embeddable":true,"href":"https:\/\/clairessweetbowtique.com\/index.php\/wp-json\/wp\/v2\/product_cat?post=519"},{"taxonomy":"product_tag","embeddable":true,"href":"https:\/\/clairessweetbowtique.com\/index.php\/wp-json\/wp\/v2\/product_tag?post=519"}],"curies":[{"name":"wp","href":"https:\/\/api.w.org\/{rel}","templated":true}]}}