{"id":524,"date":"2022-05-20T18:18:44","date_gmt":"2022-05-20T16:18:44","guid":{"rendered":"https:\/\/clairessweetbowtique.com\/?post_type=product&#038;p=524"},"modified":"2022-09-30T07:58:18","modified_gmt":"2022-09-30T05:58:18","slug":"cherry-blossom-sphere-necklace","status":"publish","type":"product","link":"https:\/\/clairessweetbowtique.com\/index.php\/tuote\/cherry-blossom-sphere-necklace\/","title":{"rendered":"Cherry Blossom Sphere Necklace"},"content":{"rendered":"<p>T\u00e4m\u00e4 riipus on valmistettu aidosta kuivatusta kirsikankukasta, jossa on 45 cm kaulakoru, joka on valmistettu 925 aidosta hopeasta. Pallon koko on 18 mm ja se on valmistettu korkealaatuisesta UV-hartsista.<\/p>\n<p style=\"text-align: center\">EN<\/p>\n<p>This pendant is made from real dried cherry blossom flower with 45 cm necklace made of 925 sterling silver.\u00a0 The Sphere size is 18mm and made from high quality UV resin.<\/p>\n<p>&nbsp;<\/p>\n","protected":false},"excerpt":{"rendered":"<p>Kirsikankukka symboloi rakkautta, puhtautta, el\u00e4m\u00e4n ohimenev\u00e4\u00e4 luonnetta, hetkellisyytt\u00e4, uuden alkua ja kev\u00e4tt\u00e4.<\/p>\n<p>Kirsikankukat ovat suosittuja ihmisten keskuudessa ymp\u00e4ri maailmaa, ja japanilaiset ovat rakastaneet niit\u00e4 syv\u00e4sti kautta aikojen. Yksi japanin odotetuimmista kev\u00e4\u00e4n merkeist\u00e4 ovat upeat vaaleanpunaiset japanilaiset kirsikkapuut, jotka tunnetaan my\u00f6s nimell\u00e4 Sakura (Sakura, ovat rakkauden tunnus ja ne symboloivat my\u00f6s ONNEA).<\/p>\n<p style=\"text-align: center\">EN<\/p>\n<p>Cherry Blossom symbolism Love, Purity, Fleeting nature of life, Transience, New beginnings and Spring<\/p>\n<p>Cherry blossom flowers are popular among people all over the world and has been deeply loved by the Japanese through the ages. One of the most awaited signs of spring in Japan are magnificent pink Japanese cherry trees, also known Sakura (Sakura, are an emblem of love and they also symbolize GOOD LUCK).<\/p>\n<p>&nbsp;<\/p>\n","protected":false},"featured_media":525,"template":"","meta":[],"product_brand":[],"product_cat":[34],"product_tag":[],"class_list":{"0":"post-524","1":"product","2":"type-product","3":"status-publish","4":"has-post-thumbnail","6":"product_cat-925-sterling-silver-jewellery","8":"first","9":"outofstock","10":"taxable","11":"shipping-taxable","12":"purchasable","13":"product-type-simple"},"_links":{"self":[{"href":"https:\/\/clairessweetbowtique.com\/index.php\/wp-json\/wp\/v2\/product\/524","targetHints":{"allow":["GET"]}}],"collection":[{"href":"https:\/\/clairessweetbowtique.com\/index.php\/wp-json\/wp\/v2\/product"}],"about":[{"href":"https:\/\/clairessweetbowtique.com\/index.php\/wp-json\/wp\/v2\/types\/product"}],"wp:featuredmedia":[{"embeddable":true,"href":"https:\/\/clairessweetbowtique.com\/index.php\/wp-json\/wp\/v2\/media\/525"}],"wp:attachment":[{"href":"https:\/\/clairessweetbowtique.com\/index.php\/wp-json\/wp\/v2\/media?parent=524"}],"wp:term":[{"taxonomy":"product_brand","embeddable":true,"href":"https:\/\/clairessweetbowtique.com\/index.php\/wp-json\/wp\/v2\/product_brand?post=524"},{"taxonomy":"product_cat","embeddable":true,"href":"https:\/\/clairessweetbowtique.com\/index.php\/wp-json\/wp\/v2\/product_cat?post=524"},{"taxonomy":"product_tag","embeddable":true,"href":"https:\/\/clairessweetbowtique.com\/index.php\/wp-json\/wp\/v2\/product_tag?post=524"}],"curies":[{"name":"wp","href":"https:\/\/api.w.org\/{rel}","templated":true}]}}