{"id":538,"date":"2022-05-20T18:18:53","date_gmt":"2022-05-20T16:18:53","guid":{"rendered":"https:\/\/clairessweetbowtique.com\/?post_type=product&#038;p=538"},"modified":"2022-09-30T08:00:39","modified_gmt":"2022-09-30T06:00:39","slug":"small-pansy-flower-adjustable-ring","status":"publish","type":"product","link":"https:\/\/clairessweetbowtique.com\/index.php\/tuote\/small-pansy-flower-adjustable-ring\/","title":{"rendered":"Small Pansy flower, Adjustable Ring"},"content":{"rendered":"<p>T\u00e4m\u00e4 sormus on valmistettu aidosta kuivatusta noin 2 cm Orvokki-kukasta ja on p\u00e4\u00e4llystetty korkealaatuisella UV-hartsilla. Sormus on valmistettu 925 aidosta hopeasta ja on s\u00e4\u00e4dett\u00e4v\u00e4.<\/p>\n<p style=\"text-align: center\">EN<\/p>\n<p>This ring made from real dried about 2 cm pansy flower with high quality UV resin. Ring is made from 925 sterling silver and adjustable.<\/p>\n<p>&nbsp;<\/p>\n","protected":false},"excerpt":{"rendered":"<p>Orvokki kukkasormus n\u00e4ytt\u00e4\u00e4 niin makealta ja s\u00f6p\u00f6lt\u00e4. Orvokki symboloi yhden henkil\u00f6n rakkautta tai ihailua toiselle. T\u00e4ydelliset lahjat itsellesi ja rakkaillesi.<\/p>\n<p style=\"text-align: center\">EN<\/p>\n<p>Pansy flower ring look so sweet and cute. The pansy flower symbolizes Love or admiration of one person for another. Perfect gifts for your self and love ones.<\/p>\n<p>&nbsp;<\/p>\n","protected":false},"featured_media":540,"template":"","meta":[],"product_brand":[],"product_cat":[34,28],"product_tag":[],"class_list":{"0":"post-538","1":"product","2":"type-product","3":"status-publish","4":"has-post-thumbnail","6":"product_cat-925-sterling-silver-jewellery","7":"product_cat-resin-real-floral-ring","9":"first","10":"outofstock","11":"taxable","12":"shipping-taxable","13":"purchasable","14":"product-type-simple"},"_links":{"self":[{"href":"https:\/\/clairessweetbowtique.com\/index.php\/wp-json\/wp\/v2\/product\/538","targetHints":{"allow":["GET"]}}],"collection":[{"href":"https:\/\/clairessweetbowtique.com\/index.php\/wp-json\/wp\/v2\/product"}],"about":[{"href":"https:\/\/clairessweetbowtique.com\/index.php\/wp-json\/wp\/v2\/types\/product"}],"wp:featuredmedia":[{"embeddable":true,"href":"https:\/\/clairessweetbowtique.com\/index.php\/wp-json\/wp\/v2\/media\/540"}],"wp:attachment":[{"href":"https:\/\/clairessweetbowtique.com\/index.php\/wp-json\/wp\/v2\/media?parent=538"}],"wp:term":[{"taxonomy":"product_brand","embeddable":true,"href":"https:\/\/clairessweetbowtique.com\/index.php\/wp-json\/wp\/v2\/product_brand?post=538"},{"taxonomy":"product_cat","embeddable":true,"href":"https:\/\/clairessweetbowtique.com\/index.php\/wp-json\/wp\/v2\/product_cat?post=538"},{"taxonomy":"product_tag","embeddable":true,"href":"https:\/\/clairessweetbowtique.com\/index.php\/wp-json\/wp\/v2\/product_tag?post=538"}],"curies":[{"name":"wp","href":"https:\/\/api.w.org\/{rel}","templated":true}]}}