{"id":544,"date":"2022-05-20T18:19:10","date_gmt":"2022-05-20T16:19:10","guid":{"rendered":"https:\/\/clairessweetbowtique.com\/?post_type=product&#038;p=544"},"modified":"2024-01-19T09:41:07","modified_gmt":"2024-01-19T07:41:07","slug":"cherry-blossom-jewellery-dish","status":"publish","type":"product","link":"https:\/\/clairessweetbowtique.com\/index.php\/tuote\/cherry-blossom-jewellery-dish\/","title":{"rendered":"Cherry Blossom Jewellery Dish"},"content":{"rendered":"<p>Ainutlaatuinen kirsikankukka korulautanen. Valmistettu korkealaatuisesta UV-hartsilinnusta, jonka sis\u00e4ll\u00e4 aito kuivattu kirsikankukka. Korkealaatuinen posliininlehtivuoka. Saatavilla oleva v\u00e4ri on kermanvalkoinen.<\/p>\n<p>Lehtilautasen koko P x L x K 11,5 x 7 x 3 cm, halkaisija 11,4 cm<\/p>\n<p>Helppo puhdistaa saippualla ja vedell\u00e4 (Ei astianpesukoneen kest\u00e4v\u00e4)<\/p>\n<p style=\"text-align: center\">EN<\/p>\n<p>One of the kind Cherry Blossom Flower Jewellery Dish\/Trinket.\u00a0 Made from high quality UV resin bird design and inside with real dried cherry blossom flower.\u00a0 High quality Porcelain Leaf Dish\/Trinket. Available colour is cream white.<\/p>\n<p>Leaf Dish\/Trinket Dimension LxWxH 11.5x7x3cm , diameter 4.5\u2033inches<\/p>\n<p>Easy to clean with soap and water (Not dishwasher safe)<\/p>\n<p>&nbsp;<\/p>\n<p>&nbsp;<\/p>\n","protected":false},"excerpt":{"rendered":"<p>Kirsikankukka symboloi rakkautta, puhtautta, el\u00e4m\u00e4n ohimenev\u00e4\u00e4 luonnetta, hetkellisyytt\u00e4, uuden alkua ja kev\u00e4tt\u00e4<\/p>\n<p>Tyylik\u00e4s kirsikankukka korulautanen. T\u00e4ydellinen kihlajaislahja, morsiusneitojen lahjaksi, \u00e4itienp\u00e4iv\u00e4\u00e4n, syntym\u00e4p\u00e4iv\u00e4\u00e4n ja muuhun! Tai hemmottele itse\u00e4si kauniilla korulautasella, ne lis\u00e4\u00e4v\u00e4t persoonallisuutta mihin tahansa huoneeseen.<\/p>\n<p style=\"text-align: center\">EN<\/p>\n<p>Cherry Blossom symbolism of Love, Purity, Fleeting nature of life, Transience, New beginnings and Spring<\/p>\n<p>Elegant Cherry Blossom\u00a0 Flower Jewellery Dish\/Trinket. Perfect for an engagement gift, bridesmaids gifts, Mother\u2019s Day, Birthday and more! Or treat yourself to a beautiful jewellery dish, they add personality to any room.<\/p>\n","protected":false},"featured_media":545,"template":"","meta":[],"product_brand":[],"product_cat":[31],"product_tag":[],"class_list":{"0":"post-544","1":"product","2":"type-product","3":"status-publish","4":"has-post-thumbnail","6":"product_cat-resin-floral-jewellery-dish-trinket","8":"first","9":"outofstock","10":"taxable","11":"shipping-taxable","12":"purchasable","13":"product-type-simple"},"_links":{"self":[{"href":"https:\/\/clairessweetbowtique.com\/index.php\/wp-json\/wp\/v2\/product\/544","targetHints":{"allow":["GET"]}}],"collection":[{"href":"https:\/\/clairessweetbowtique.com\/index.php\/wp-json\/wp\/v2\/product"}],"about":[{"href":"https:\/\/clairessweetbowtique.com\/index.php\/wp-json\/wp\/v2\/types\/product"}],"wp:featuredmedia":[{"embeddable":true,"href":"https:\/\/clairessweetbowtique.com\/index.php\/wp-json\/wp\/v2\/media\/545"}],"wp:attachment":[{"href":"https:\/\/clairessweetbowtique.com\/index.php\/wp-json\/wp\/v2\/media?parent=544"}],"wp:term":[{"taxonomy":"product_brand","embeddable":true,"href":"https:\/\/clairessweetbowtique.com\/index.php\/wp-json\/wp\/v2\/product_brand?post=544"},{"taxonomy":"product_cat","embeddable":true,"href":"https:\/\/clairessweetbowtique.com\/index.php\/wp-json\/wp\/v2\/product_cat?post=544"},{"taxonomy":"product_tag","embeddable":true,"href":"https:\/\/clairessweetbowtique.com\/index.php\/wp-json\/wp\/v2\/product_tag?post=544"}],"curies":[{"name":"wp","href":"https:\/\/api.w.org\/{rel}","templated":true}]}}