{"id":556,"date":"2022-06-08T17:26:09","date_gmt":"2022-06-08T15:26:09","guid":{"rendered":"https:\/\/clairessweetbowtique.com\/?post_type=product&#038;p=556"},"modified":"2024-10-03T16:28:24","modified_gmt":"2024-10-03T14:28:24","slug":"ammobium-flower-dangle-earrings","status":"publish","type":"product","link":"https:\/\/clairessweetbowtique.com\/index.php\/tuote\/ammobium-flower-dangle-earrings\/","title":{"rendered":"AMMOBIUM FLOWER DANGLE EARRINGS"},"content":{"rendered":"<p>Luonnollinen kuivattu Siivek\u00e4s Ikuinen, n\u00e4ytt\u00e4\u00e4 kauniilta 1,5 cm py\u00f6re\u00e4n hartsin sis\u00e4ll\u00e4, ja 925 aitoa hopeaa roikkuvana korvakoruna.<\/p>\n<p style=\"text-align: center\">ENG<\/p>\n<p>A natural dried Ammobium looks beautiful inside 1.5cm round resin, and with 925 sterling silver dangle earrings.<\/p>\n<p>&nbsp;<\/p>\n","protected":false},"excerpt":{"rendered":"<p>Nimi Ammobium (Siivek\u00e4s Ikuinen) tulee kreikkalaisista sanoista, ammos (hiekka) ja bios (el\u00e4m\u00e4). Ihana valkoinen, jolla on hyvin ainutlaatuinen kauneus ja jota k\u00e4ytet\u00e4\u00e4n usein h\u00e4\u00e4j\u00e4rjestelyiss\u00e4.<\/p>\n<p>Siivekk\u00e4\u00e4n Ikuisen kukat ovat kuin risteytys p\u00e4iv\u00e4nkakkaroiden ja olkikukan v\u00e4lill\u00e4. Tyylik\u00e4s pieni valkoinen kukinta.<\/p>\n<p style=\"text-align: center\">ENG<\/p>\n<p>The name Ammobium is from the Greek words, ammos (sand) and bios (life). Adorable white with\u00a0 very unique beauty and often used in wedding arrangements.<\/p>\n<p>Ammobium flowers are like a cross between daisies and strawflower. Elegant tiny white blooms.<\/p>\n<p>&nbsp;<\/p>\n","protected":false},"featured_media":557,"template":"","meta":[],"product_brand":[],"product_cat":[34],"product_tag":[],"class_list":{"0":"post-556","1":"product","2":"type-product","3":"status-publish","4":"has-post-thumbnail","6":"product_cat-925-sterling-silver-jewellery","8":"first","9":"outofstock","10":"taxable","11":"shipping-taxable","12":"purchasable","13":"product-type-simple"},"_links":{"self":[{"href":"https:\/\/clairessweetbowtique.com\/index.php\/wp-json\/wp\/v2\/product\/556","targetHints":{"allow":["GET"]}}],"collection":[{"href":"https:\/\/clairessweetbowtique.com\/index.php\/wp-json\/wp\/v2\/product"}],"about":[{"href":"https:\/\/clairessweetbowtique.com\/index.php\/wp-json\/wp\/v2\/types\/product"}],"wp:featuredmedia":[{"embeddable":true,"href":"https:\/\/clairessweetbowtique.com\/index.php\/wp-json\/wp\/v2\/media\/557"}],"wp:attachment":[{"href":"https:\/\/clairessweetbowtique.com\/index.php\/wp-json\/wp\/v2\/media?parent=556"}],"wp:term":[{"taxonomy":"product_brand","embeddable":true,"href":"https:\/\/clairessweetbowtique.com\/index.php\/wp-json\/wp\/v2\/product_brand?post=556"},{"taxonomy":"product_cat","embeddable":true,"href":"https:\/\/clairessweetbowtique.com\/index.php\/wp-json\/wp\/v2\/product_cat?post=556"},{"taxonomy":"product_tag","embeddable":true,"href":"https:\/\/clairessweetbowtique.com\/index.php\/wp-json\/wp\/v2\/product_tag?post=556"}],"curies":[{"name":"wp","href":"https:\/\/api.w.org\/{rel}","templated":true}]}}