{"id":563,"date":"2022-06-08T18:05:10","date_gmt":"2022-06-08T16:05:10","guid":{"rendered":"https:\/\/clairessweetbowtique.com\/?post_type=product&#038;p=563"},"modified":"2022-09-30T08:05:45","modified_gmt":"2022-09-30T06:05:45","slug":"white-babys-breath-floral-necklace","status":"publish","type":"product","link":"https:\/\/clairessweetbowtique.com\/index.php\/tuote\/white-babys-breath-floral-necklace\/","title":{"rendered":"WHITE BABY&#8217;S BREATH FLORAL NECKLACE"},"content":{"rendered":"<p>Aitoja kuivattuja Harsokukkia 3.5 cm pitk\u00e4n kristallihartsin sis\u00e4ll\u00e4 ja 925 aito hopea syd\u00e4n kaulakoru.<\/p>\n<p style=\"text-align: center\">ENG<\/p>\n<p>Real dried white baby\u2019s breath flowers inside of 3.5cm long crystal resin with 925 sterling silver heart necklace<\/p>\n<p>&nbsp;<\/p>\n","protected":false},"excerpt":{"rendered":"<p>Harsokukka symboloi puhtautta, vilpitt\u00f6myytt\u00e4, rakkautta, my\u00f6t\u00e4tuntoa, luottamusta, ikuista rakkautta, viattomuutta ja romantiikkaa. Kukkia k\u00e4ytet\u00e4\u00e4n perinteisesti usein erityistilaisuuksissa, kuten h\u00e4iss\u00e4 ja vuosip\u00e4iv\u00e4ss\u00e4.<\/p>\n<p style=\"text-align: center\">ENG<\/p>\n<p>Baby\u2019s breath symbolizes Purity, Sincerity, Love, Compassion, Trust, Everlasting Love, Innocence, and Romance. The flowers are traditionally often use on special occasions such as wedding and anniversary.<\/p>\n<p>&nbsp;<\/p>\n","protected":false},"featured_media":564,"template":"","meta":[],"product_brand":[],"product_cat":[34],"product_tag":[],"class_list":{"0":"post-563","1":"product","2":"type-product","3":"status-publish","4":"has-post-thumbnail","6":"product_cat-925-sterling-silver-jewellery","8":"first","9":"outofstock","10":"taxable","11":"shipping-taxable","12":"purchasable","13":"product-type-simple"},"_links":{"self":[{"href":"https:\/\/clairessweetbowtique.com\/index.php\/wp-json\/wp\/v2\/product\/563","targetHints":{"allow":["GET"]}}],"collection":[{"href":"https:\/\/clairessweetbowtique.com\/index.php\/wp-json\/wp\/v2\/product"}],"about":[{"href":"https:\/\/clairessweetbowtique.com\/index.php\/wp-json\/wp\/v2\/types\/product"}],"wp:featuredmedia":[{"embeddable":true,"href":"https:\/\/clairessweetbowtique.com\/index.php\/wp-json\/wp\/v2\/media\/564"}],"wp:attachment":[{"href":"https:\/\/clairessweetbowtique.com\/index.php\/wp-json\/wp\/v2\/media?parent=563"}],"wp:term":[{"taxonomy":"product_brand","embeddable":true,"href":"https:\/\/clairessweetbowtique.com\/index.php\/wp-json\/wp\/v2\/product_brand?post=563"},{"taxonomy":"product_cat","embeddable":true,"href":"https:\/\/clairessweetbowtique.com\/index.php\/wp-json\/wp\/v2\/product_cat?post=563"},{"taxonomy":"product_tag","embeddable":true,"href":"https:\/\/clairessweetbowtique.com\/index.php\/wp-json\/wp\/v2\/product_tag?post=563"}],"curies":[{"name":"wp","href":"https:\/\/api.w.org\/{rel}","templated":true}]}}