{"id":569,"date":"2022-06-09T18:57:33","date_gmt":"2022-06-09T16:57:33","guid":{"rendered":"https:\/\/clairessweetbowtique.com\/?post_type=product&#038;p=569"},"modified":"2023-01-16T11:46:47","modified_gmt":"2023-01-16T09:46:47","slug":"forget-me-not-stud-earrings","status":"publish","type":"product","link":"https:\/\/clairessweetbowtique.com\/index.php\/tuote\/forget-me-not-stud-earrings\/","title":{"rendered":"FORGET ME NOT STUD EARRINGS"},"content":{"rendered":"<p><span class=\"TextRun SCXW160635958 BCX8\" lang=\"FI-FI\" xml:lang=\"FI-FI\" data-contrast=\"auto\"><span class=\"NormalTextRun SCXW160635958 BCX8\">Aito kuivattu Lemmikkikukka, p\u00e4\u00e4llystetty laadukkaalla UV-hartsilla. Nasta 925 aitoa hopeaa. <\/span><\/span><span class=\"EOP SCXW160635958 BCX8\" data-ccp-props=\"{&quot;201341983&quot;:0,&quot;335559739&quot;:160,&quot;335559740&quot;:259}\">\u00a0<\/span><\/p>\n<p style=\"text-align: center\">ENG<\/p>\n<p>Real dried forget me not flower covered by high quality UV Resin. 925 Sterling Silver Stud<\/p>\n","protected":false},"excerpt":{"rendered":"<p>Lemmikkikukkia, jotka symboloivat tosirakkautta ja kunnioitusta. Kun annat jollekin n\u00e4m\u00e4 pienet kukat, se edustaa lupausta, ett\u00e4 muistat heid\u00e4t aina ja pid\u00e4t heid\u00e4t ajatuksissasi.<\/p>\n<p style=\"text-align: center\">ENG<\/p>\n<p>Forget me not flowers symbolize True Love and Respect. When you give someone these tiny blooms, it represents a promise that you will always remember them and will keep them in your thoughts.<\/p>\n","protected":false},"featured_media":570,"template":"","meta":[],"product_brand":[],"product_cat":[34],"product_tag":[],"class_list":{"0":"post-569","1":"product","2":"type-product","3":"status-publish","4":"has-post-thumbnail","6":"product_cat-925-sterling-silver-jewellery","8":"first","9":"outofstock","10":"taxable","11":"shipping-taxable","12":"purchasable","13":"product-type-simple"},"_links":{"self":[{"href":"https:\/\/clairessweetbowtique.com\/index.php\/wp-json\/wp\/v2\/product\/569","targetHints":{"allow":["GET"]}}],"collection":[{"href":"https:\/\/clairessweetbowtique.com\/index.php\/wp-json\/wp\/v2\/product"}],"about":[{"href":"https:\/\/clairessweetbowtique.com\/index.php\/wp-json\/wp\/v2\/types\/product"}],"wp:featuredmedia":[{"embeddable":true,"href":"https:\/\/clairessweetbowtique.com\/index.php\/wp-json\/wp\/v2\/media\/570"}],"wp:attachment":[{"href":"https:\/\/clairessweetbowtique.com\/index.php\/wp-json\/wp\/v2\/media?parent=569"}],"wp:term":[{"taxonomy":"product_brand","embeddable":true,"href":"https:\/\/clairessweetbowtique.com\/index.php\/wp-json\/wp\/v2\/product_brand?post=569"},{"taxonomy":"product_cat","embeddable":true,"href":"https:\/\/clairessweetbowtique.com\/index.php\/wp-json\/wp\/v2\/product_cat?post=569"},{"taxonomy":"product_tag","embeddable":true,"href":"https:\/\/clairessweetbowtique.com\/index.php\/wp-json\/wp\/v2\/product_tag?post=569"}],"curies":[{"name":"wp","href":"https:\/\/api.w.org\/{rel}","templated":true}]}}