{"id":576,"date":"2022-06-09T18:57:39","date_gmt":"2022-06-09T16:57:39","guid":{"rendered":"https:\/\/clairessweetbowtique.com\/?post_type=product&#038;p=576"},"modified":"2022-09-30T08:42:09","modified_gmt":"2022-09-30T06:42:09","slug":"white-yellow-pansy-dangle-earrings","status":"publish","type":"product","link":"https:\/\/clairessweetbowtique.com\/index.php\/tuote\/white-yellow-pansy-dangle-earrings\/","title":{"rendered":"WHITE YELLOW PANSY DANGLE EARRINGS"},"content":{"rendered":"<p>Aito kuivattu valkoinen, keltainen Orvokki 1,5cm py\u00f6re\u00e4n hartsin sis\u00e4ll\u00e4. Roikkuva korvakoru 925 aitoa hopeaa.<\/p>\n<p style=\"text-align: center\">ENG<\/p>\n<p>Real dried white yellow pansy inside 1,5cm round resin, and with 925 sterling silver dangle earrings.<\/p>\n","protected":false},"excerpt":{"rendered":"<p>Valkoiset Orvokki-kukat symboloivat puhtautta ja hyveellisyytt\u00e4. Valkoisten Orvokkien kauneus on siin\u00e4, ett\u00e4 ne voidaan antaa millaisessa tilaisuudessa vain.<\/p>\n<p style=\"text-align: center\">ENG<\/p>\n<p>White pansy flowers are symbol of Purity and Virtue. The beauty of white pansies lies in the fact is that they can be given on any occasion.<\/p>\n","protected":false},"featured_media":577,"template":"","meta":[],"product_brand":[],"product_cat":[34],"product_tag":[],"class_list":{"0":"post-576","1":"product","2":"type-product","3":"status-publish","4":"has-post-thumbnail","6":"product_cat-925-sterling-silver-jewellery","8":"first","9":"outofstock","10":"taxable","11":"shipping-taxable","12":"purchasable","13":"product-type-simple"},"_links":{"self":[{"href":"https:\/\/clairessweetbowtique.com\/index.php\/wp-json\/wp\/v2\/product\/576","targetHints":{"allow":["GET"]}}],"collection":[{"href":"https:\/\/clairessweetbowtique.com\/index.php\/wp-json\/wp\/v2\/product"}],"about":[{"href":"https:\/\/clairessweetbowtique.com\/index.php\/wp-json\/wp\/v2\/types\/product"}],"wp:featuredmedia":[{"embeddable":true,"href":"https:\/\/clairessweetbowtique.com\/index.php\/wp-json\/wp\/v2\/media\/577"}],"wp:attachment":[{"href":"https:\/\/clairessweetbowtique.com\/index.php\/wp-json\/wp\/v2\/media?parent=576"}],"wp:term":[{"taxonomy":"product_brand","embeddable":true,"href":"https:\/\/clairessweetbowtique.com\/index.php\/wp-json\/wp\/v2\/product_brand?post=576"},{"taxonomy":"product_cat","embeddable":true,"href":"https:\/\/clairessweetbowtique.com\/index.php\/wp-json\/wp\/v2\/product_cat?post=576"},{"taxonomy":"product_tag","embeddable":true,"href":"https:\/\/clairessweetbowtique.com\/index.php\/wp-json\/wp\/v2\/product_tag?post=576"}],"curies":[{"name":"wp","href":"https:\/\/api.w.org\/{rel}","templated":true}]}}