{"id":589,"date":"2022-06-21T08:35:44","date_gmt":"2022-06-21T06:35:44","guid":{"rendered":"https:\/\/clairessweetbowtique.com\/?post_type=product&#038;p=589"},"modified":"2024-01-19T09:45:35","modified_gmt":"2024-01-19T07:45:35","slug":"garden","status":"publish","type":"product","link":"https:\/\/clairessweetbowtique.com\/index.php\/tuote\/garden\/","title":{"rendered":"Garden"},"content":{"rendered":"<p>Syd\u00e4n kukkataidetta jalustalla. Valmistettu korkealaatuisesta epoksista ja koristeltu kauniilla aidoilla kuivatuilla kukilla. Koko, leveys 15 cm ja korkeus jalustan kanssa 15 cm. Jalusta on irroitettavissa ja kuuluu hintaan.<\/p>\n<p style=\"text-align: center\">ENG<\/p>\n<p>Heart Floral Art with stand. Made from high quality epoxy with beautiful dried flowers. Size, width 15 cm and height with stand 15 cm. Stand is separate and included in price.<\/p>\n","protected":false},"excerpt":{"rendered":"<p>Ainutlaatuinen, tyylik\u00e4s Heart Floral -koriste, joka lis\u00e4\u00e4 erityist\u00e4 persoonallisuutta kotiisi. Ainutlaatuinen ja se antaa suloisen tunteen mihin\u00a0 tahansa huoneeseen.<\/p>\n<p style=\"text-align: center\">ENG<\/p>\n<p>A unique elegant Heart Floral decoration ornament can add a special personality to your home.\u00a0 One of the kind and its give a sweet feelings in any room.<\/p>\n","protected":false},"featured_media":591,"template":"","meta":[],"product_brand":[],"product_cat":[15],"product_tag":[],"class_list":{"0":"post-589","1":"product","2":"type-product","3":"status-publish","4":"has-post-thumbnail","6":"product_cat-uncategorized","8":"first","9":"outofstock","10":"taxable","11":"shipping-taxable","12":"purchasable","13":"product-type-simple"},"_links":{"self":[{"href":"https:\/\/clairessweetbowtique.com\/index.php\/wp-json\/wp\/v2\/product\/589","targetHints":{"allow":["GET"]}}],"collection":[{"href":"https:\/\/clairessweetbowtique.com\/index.php\/wp-json\/wp\/v2\/product"}],"about":[{"href":"https:\/\/clairessweetbowtique.com\/index.php\/wp-json\/wp\/v2\/types\/product"}],"wp:featuredmedia":[{"embeddable":true,"href":"https:\/\/clairessweetbowtique.com\/index.php\/wp-json\/wp\/v2\/media\/591"}],"wp:attachment":[{"href":"https:\/\/clairessweetbowtique.com\/index.php\/wp-json\/wp\/v2\/media?parent=589"}],"wp:term":[{"taxonomy":"product_brand","embeddable":true,"href":"https:\/\/clairessweetbowtique.com\/index.php\/wp-json\/wp\/v2\/product_brand?post=589"},{"taxonomy":"product_cat","embeddable":true,"href":"https:\/\/clairessweetbowtique.com\/index.php\/wp-json\/wp\/v2\/product_cat?post=589"},{"taxonomy":"product_tag","embeddable":true,"href":"https:\/\/clairessweetbowtique.com\/index.php\/wp-json\/wp\/v2\/product_tag?post=589"}],"curies":[{"name":"wp","href":"https:\/\/api.w.org\/{rel}","templated":true}]}}