{"id":600,"date":"2022-08-09T19:24:01","date_gmt":"2022-08-09T17:24:01","guid":{"rendered":"https:\/\/clairessweetbowtique.com\/?post_type=product&#038;p=600"},"modified":"2024-10-03T16:15:11","modified_gmt":"2024-10-03T14:15:11","slug":"summer-earrings","status":"publish","type":"product","link":"https:\/\/clairessweetbowtique.com\/index.php\/tuote\/summer-earrings\/","title":{"rendered":"SUMMER EARRINGS"},"content":{"rendered":"<p>Kes\u00e4korvakorut on valmistettu korkealaatuisesta hartsista, joissa on aitoja kuivattuja Harsokukkia.<\/p>\n<p>Korvakorun muoto on pallo ja koko on 12 mm. Korut ovat kevyet (1g). Koukut ovat 925 aitoa hopeaa ja valmistettu Euroopassa, eiv\u00e4tk\u00e4 sis\u00e4ll\u00e4 allergisia metalleja nikkeli\u00e4 tai kadmiumia (Mitat: 15x9x2,5mm, Langan halkaisija: 0,6mm)<\/p>\n<p>All Four Season -korvakorukokoelma on saatavana my\u00f6s Stud-koruina (Mainitse tilauksen kommentissa, jos haluat stud-korvakorut).<\/p>\n<p style=\"text-align: center\">Eng<\/p>\n<p>Summer earrings are made from high quality resin with real dried Gypsophila flowers.<\/p>\n<p>Resin Earring shape are Spheres and size are 12mm. Earrings are light (1g each). Hooks are 925 sterling silver and made in Europe, do not contain allergic metals nickel and cadmium (Dimensions: 15x9x2.5mm, Wire diameter: 0.6mm)<\/p>\n<p>All Four season earrings collection are also available as Stud earrings (please write in order comments if you wish to have Stud earrings).<\/p>\n","protected":false},"excerpt":{"rendered":"<p>Kes\u00e4n korvakorut ovat yksi Four Seasons -kokoelmasta ja ihanteellinen juhlistamaan kaikkina vuodenaikoina.<\/p>\n<p>Harsokukka edustaa puhtautta, viattomuutta ja ikuista rakkautta.<\/p>\n<p style=\"text-align: center\">Eng<\/p>\n<p>Summer earrings are one of the Four seasons collections\u00a0 and ideal for celebrating all seasons.<\/p>\n<p>Gypsophila represents Purity, Innocence and everlasting love.<\/p>\n","protected":false},"featured_media":617,"template":"","meta":[],"product_brand":[],"product_cat":[34],"product_tag":[],"class_list":{"0":"post-600","1":"product","2":"type-product","3":"status-publish","4":"has-post-thumbnail","6":"product_cat-925-sterling-silver-jewellery","8":"first","9":"outofstock","10":"taxable","11":"shipping-taxable","12":"purchasable","13":"product-type-simple"},"_links":{"self":[{"href":"https:\/\/clairessweetbowtique.com\/index.php\/wp-json\/wp\/v2\/product\/600","targetHints":{"allow":["GET"]}}],"collection":[{"href":"https:\/\/clairessweetbowtique.com\/index.php\/wp-json\/wp\/v2\/product"}],"about":[{"href":"https:\/\/clairessweetbowtique.com\/index.php\/wp-json\/wp\/v2\/types\/product"}],"wp:featuredmedia":[{"embeddable":true,"href":"https:\/\/clairessweetbowtique.com\/index.php\/wp-json\/wp\/v2\/media\/617"}],"wp:attachment":[{"href":"https:\/\/clairessweetbowtique.com\/index.php\/wp-json\/wp\/v2\/media?parent=600"}],"wp:term":[{"taxonomy":"product_brand","embeddable":true,"href":"https:\/\/clairessweetbowtique.com\/index.php\/wp-json\/wp\/v2\/product_brand?post=600"},{"taxonomy":"product_cat","embeddable":true,"href":"https:\/\/clairessweetbowtique.com\/index.php\/wp-json\/wp\/v2\/product_cat?post=600"},{"taxonomy":"product_tag","embeddable":true,"href":"https:\/\/clairessweetbowtique.com\/index.php\/wp-json\/wp\/v2\/product_tag?post=600"}],"curies":[{"name":"wp","href":"https:\/\/api.w.org\/{rel}","templated":true}]}}