{"id":614,"date":"2022-08-09T19:23:47","date_gmt":"2022-08-09T17:23:47","guid":{"rendered":"https:\/\/clairessweetbowtique.com\/?post_type=product&#038;p=614"},"modified":"2024-10-03T16:23:52","modified_gmt":"2024-10-03T14:23:52","slug":"winter-earrings","status":"publish","type":"product","link":"https:\/\/clairessweetbowtique.com\/index.php\/tuote\/winter-earrings\/","title":{"rendered":"WINTER EARRINGS"},"content":{"rendered":"<p>Talvikorvakorut on valmistettu korkealaatuisesta hartsista, jossa on aitoja kuivattuja hortensiakukkia.<\/p>\n<p>Korvakorun muoto on pallo ja koko on 12 mm. Korut ovat kevyet (1g). Koukut ovat 925 aitoa hopeaa ja valmistettu Euroopassa, eiv\u00e4tk\u00e4 sis\u00e4ll\u00e4 allergisia metalleja nikkeli\u00e4 tai kadmiumia (Mitat: 15x9x2,5mm, Langan halkaisija: 0,6mm)<\/p>\n<p>All Four Season -korvakorukokoelma on saatavana my\u00f6s Stud-koruina (Mainitse tilauksen kommentissa, jos haluat stud-korvakorut).<\/p>\n<p style=\"text-align: center\">Eng<\/p>\n<p>Winter earrings are made from high quality resin with real dried Hydrangea flowers.<\/p>\n<p>Resin Earring shape are Spheres and size are 12mm. Earrings are light (1g each). Hooks are 925 sterling silver and made in Europe, do not contain allergic metals nickel and cadmium (Dimensions: 15x9x2.5mm, Wire diameter: 0.6mm)<\/p>\n<p>All Four season earrings collection are also available as Stud earrings (please write in order comments if you wish to have Stud earrings).<\/p>\n","protected":false},"excerpt":{"rendered":"<p>Talven korvakorut ovat yksi Four Seasons -kokoelmasta ja ihanteellinen juhlistamaan kaikkina vuodenaikoina.<\/p>\n<p>Hortensia edustaa kiitollisuutta, arvokkuutta ja kauneutta.<\/p>\n<p style=\"text-align: center\">Eng<\/p>\n<p>Winter earrings are one of the Four seasons collections and ideal for celebrating all seasons.<\/p>\n<p>Hydrangea represents Gratitude, Grace and Beauty.<\/p>\n","protected":false},"featured_media":623,"template":"","meta":[],"product_brand":[],"product_cat":[34],"product_tag":[],"class_list":{"0":"post-614","1":"product","2":"type-product","3":"status-publish","4":"has-post-thumbnail","6":"product_cat-925-sterling-silver-jewellery","8":"first","9":"outofstock","10":"taxable","11":"shipping-taxable","12":"purchasable","13":"product-type-simple"},"_links":{"self":[{"href":"https:\/\/clairessweetbowtique.com\/index.php\/wp-json\/wp\/v2\/product\/614","targetHints":{"allow":["GET"]}}],"collection":[{"href":"https:\/\/clairessweetbowtique.com\/index.php\/wp-json\/wp\/v2\/product"}],"about":[{"href":"https:\/\/clairessweetbowtique.com\/index.php\/wp-json\/wp\/v2\/types\/product"}],"wp:featuredmedia":[{"embeddable":true,"href":"https:\/\/clairessweetbowtique.com\/index.php\/wp-json\/wp\/v2\/media\/623"}],"wp:attachment":[{"href":"https:\/\/clairessweetbowtique.com\/index.php\/wp-json\/wp\/v2\/media?parent=614"}],"wp:term":[{"taxonomy":"product_brand","embeddable":true,"href":"https:\/\/clairessweetbowtique.com\/index.php\/wp-json\/wp\/v2\/product_brand?post=614"},{"taxonomy":"product_cat","embeddable":true,"href":"https:\/\/clairessweetbowtique.com\/index.php\/wp-json\/wp\/v2\/product_cat?post=614"},{"taxonomy":"product_tag","embeddable":true,"href":"https:\/\/clairessweetbowtique.com\/index.php\/wp-json\/wp\/v2\/product_tag?post=614"}],"curies":[{"name":"wp","href":"https:\/\/api.w.org\/{rel}","templated":true}]}}