{"id":670,"date":"2022-11-17T13:00:03","date_gmt":"2022-11-17T11:00:03","guid":{"rendered":"https:\/\/clairessweetbowtique.com\/?post_type=product&#038;p=670"},"modified":"2024-01-19T09:44:21","modified_gmt":"2024-01-19T07:44:21","slug":"gingerbread-man-cookies","status":"publish","type":"product","link":"https:\/\/clairessweetbowtique.com\/index.php\/tuote\/gingerbread-man-cookies\/","title":{"rendered":"Gingerbread Man Cookies"},"content":{"rendered":"<p>Gingerbread cookies earrings are made from Polymer clay and with hypoallergenic stainless steel with ear wires. Earrings are lightweight and comfortable to wear.<\/p>\n<p>The size of the gingerbread cookies is 30mm\/1.18inch<\/p>\n<p>Weight is 2g each earring.<\/p>\n<p style=\"text-align: center\">Eng<\/p>\n<p>Piparkakku korvakorut on valmistettu polymeerisavesta ja hypoallergeenisesta ruostumattomasta ter\u00e4ksest\u00e4 valmistetuistaa korvalangoista. Korvakorut ovat kevyit\u00e4 ja mukavia k\u00e4ytt\u00e4\u00e4.<\/p>\n<p>Piparkakkukorujen koko on 30mm \/ 1.18inch<\/p>\n<p>Paino on 2 g kutakin korvakorua<\/p>\n","protected":false},"excerpt":{"rendered":"<p>This cute gingerbread is perfect as an original Christmas gift for your loved ones or a lovely treat for yourself. Every little detail is handmade. Each pair is completely unique.<\/p>\n<p style=\"text-align: center\">Eng<\/p>\n<p>T\u00e4m\u00e4 s\u00f6p\u00f6 piparkakku on t\u00e4ydellinen alkuper\u00e4inen joululahja rakkaillesi tai ihana lahja itsellesi. Jokainen pieni yksityiskohta on k\u00e4sintehty. Jokainen pari on t\u00e4ysin ainutlaatuinen.<\/p>\n","protected":false},"featured_media":675,"template":"","meta":[],"product_brand":[],"product_cat":[26],"product_tag":[],"class_list":{"0":"post-670","1":"product","2":"type-product","3":"status-publish","4":"has-post-thumbnail","6":"product_cat-polymer-clay-earrings","8":"first","9":"onbackorder","10":"taxable","11":"shipping-taxable","12":"purchasable","13":"product-type-simple"},"_links":{"self":[{"href":"https:\/\/clairessweetbowtique.com\/index.php\/wp-json\/wp\/v2\/product\/670","targetHints":{"allow":["GET"]}}],"collection":[{"href":"https:\/\/clairessweetbowtique.com\/index.php\/wp-json\/wp\/v2\/product"}],"about":[{"href":"https:\/\/clairessweetbowtique.com\/index.php\/wp-json\/wp\/v2\/types\/product"}],"wp:featuredmedia":[{"embeddable":true,"href":"https:\/\/clairessweetbowtique.com\/index.php\/wp-json\/wp\/v2\/media\/675"}],"wp:attachment":[{"href":"https:\/\/clairessweetbowtique.com\/index.php\/wp-json\/wp\/v2\/media?parent=670"}],"wp:term":[{"taxonomy":"product_brand","embeddable":true,"href":"https:\/\/clairessweetbowtique.com\/index.php\/wp-json\/wp\/v2\/product_brand?post=670"},{"taxonomy":"product_cat","embeddable":true,"href":"https:\/\/clairessweetbowtique.com\/index.php\/wp-json\/wp\/v2\/product_cat?post=670"},{"taxonomy":"product_tag","embeddable":true,"href":"https:\/\/clairessweetbowtique.com\/index.php\/wp-json\/wp\/v2\/product_tag?post=670"}],"curies":[{"name":"wp","href":"https:\/\/api.w.org\/{rel}","templated":true}]}}