{"id":679,"date":"2022-11-17T12:42:12","date_gmt":"2022-11-17T10:42:12","guid":{"rendered":"https:\/\/clairessweetbowtique.com\/?post_type=product&#038;p=679"},"modified":"2024-10-03T16:25:57","modified_gmt":"2024-10-03T14:25:57","slug":"faith","status":"publish","type":"product","link":"https:\/\/clairessweetbowtique.com\/index.php\/tuote\/faith\/","title":{"rendered":"Faith"},"content":{"rendered":"<p>This is a beautiful geometric cubes earrings, with real dried forget me not flowers. Cubes are made from clear resin.<\/p>\n<p>The hook is made from 925 sterling silver (size: length 2.4cm, height 0.2cm, diameter 0.08cm, width 0.95cm).<\/p>\n<p>Weight is 2g each earring<\/p>\n<p style=\"text-align: center\">Eng<\/p>\n<p>T\u00e4m\u00e4 on kaunis geometrinen kuutikorvakoru, joissa on aitoja kuivattuja Lemmikki kukkia. Kuutiot valmistetaan kirkkaasta hartsista.<\/p>\n<p>Koukku on valmistettu 925 aidosta hopeasta (koko: pituus 2,4 cm, korkeus 0,2 cm, halkaisija 0,08 cm, leveys 0,95 cm).<\/p>\n<p>Paino on 2 g per korvakoru<\/p>\n","protected":false},"excerpt":{"rendered":"<p>Earrings are lightweight and comfortable to wear. The blue forget me not really shows how beautiful the flowers are.<br \/>\nForget me not symbolized love, friendship and memories. Perfect gifts for yourself and loved ones. A real meaningful gift to treasure forever.<\/p>\n<p style=\"text-align: center\">Eng<\/p>\n<p>Korvakorut ovat kevyit\u00e4 ja mukavia k\u00e4ytt\u00e4\u00e4. Sininen Lemmikki tuo esille, kuinka kauniita kukat ovatkaan. T\u00e4ydellinen lahja rakkaillesi tai ihana aarre\u00a0 itsellesi.<\/p>\n<p>Lemmikki symboloi rakkautta, yst\u00e4vyytt\u00e4 ja muistoja. T\u00e4ydellinen lahja itsellesi ja rakkaillesi. Aidosti merkityksellinen lahja aarteeksi ikuisesti.<\/p>\n","protected":false},"featured_media":680,"template":"","meta":[],"product_brand":[],"product_cat":[34],"product_tag":[],"class_list":{"0":"post-679","1":"product","2":"type-product","3":"status-publish","4":"has-post-thumbnail","6":"product_cat-925-sterling-silver-jewellery","8":"first","9":"outofstock","10":"taxable","11":"shipping-taxable","12":"purchasable","13":"product-type-simple"},"_links":{"self":[{"href":"https:\/\/clairessweetbowtique.com\/index.php\/wp-json\/wp\/v2\/product\/679","targetHints":{"allow":["GET"]}}],"collection":[{"href":"https:\/\/clairessweetbowtique.com\/index.php\/wp-json\/wp\/v2\/product"}],"about":[{"href":"https:\/\/clairessweetbowtique.com\/index.php\/wp-json\/wp\/v2\/types\/product"}],"wp:featuredmedia":[{"embeddable":true,"href":"https:\/\/clairessweetbowtique.com\/index.php\/wp-json\/wp\/v2\/media\/680"}],"wp:attachment":[{"href":"https:\/\/clairessweetbowtique.com\/index.php\/wp-json\/wp\/v2\/media?parent=679"}],"wp:term":[{"taxonomy":"product_brand","embeddable":true,"href":"https:\/\/clairessweetbowtique.com\/index.php\/wp-json\/wp\/v2\/product_brand?post=679"},{"taxonomy":"product_cat","embeddable":true,"href":"https:\/\/clairessweetbowtique.com\/index.php\/wp-json\/wp\/v2\/product_cat?post=679"},{"taxonomy":"product_tag","embeddable":true,"href":"https:\/\/clairessweetbowtique.com\/index.php\/wp-json\/wp\/v2\/product_tag?post=679"}],"curies":[{"name":"wp","href":"https:\/\/api.w.org\/{rel}","templated":true}]}}