{"id":689,"date":"2022-11-17T14:43:45","date_gmt":"2022-11-17T12:43:45","guid":{"rendered":"https:\/\/clairessweetbowtique.com\/?post_type=product&#038;p=689"},"modified":"2024-10-03T16:21:38","modified_gmt":"2024-10-03T14:21:38","slug":"woodland","status":"publish","type":"product","link":"https:\/\/clairessweetbowtique.com\/index.php\/tuote\/woodland\/","title":{"rendered":"Woodland"},"content":{"rendered":"<p><span data-contrast=\"auto\">Ripaus maagista mets\u00e4\u00e4, joka her\u00e4tt\u00e4\u00e4 todellisen mets\u00e4n pienen sienen, mets\u00e4mansikan, Lemmikki kukan ja sammalleen. Se antaa maagisen\u00a0 n\u00e4kym\u00e4n. T\u00e4m\u00e4 korvakoru on todella ainutlaatuinen. N\u00e4m\u00e4 ovat my\u00f6s t\u00e4ydellisi\u00e4 lomalahjoja. <\/span><span data-ccp-props=\"{&quot;201341983&quot;:0,&quot;335551550&quot;:0,&quot;335551620&quot;:0,&quot;335559739&quot;:160,&quot;335559740&quot;:259}\">\u00a0<\/span><\/p>\n<p><span data-contrast=\"auto\">Koukku on valmistettu 925 aidosta hopeakoukusta ja ovat mukava k\u00e4ytt\u00e4\u00e4.<\/span><span data-ccp-props=\"{&quot;201341983&quot;:0,&quot;335551550&quot;:0,&quot;335551620&quot;:0,&quot;335559739&quot;:160,&quot;335559740&quot;:259}\">\u00a0<\/span><\/p>\n<p><span data-contrast=\"auto\">Paino on 3 g per korvakoru<\/span><\/p>\n<p><span data-contrast=\"auto\">Soikea korvakorun korkeus on 3cm<\/span><span data-ccp-props=\"{&quot;201341983&quot;:0,&quot;335559739&quot;:160,&quot;335559740&quot;:259}\">\u00a0<\/span><\/p>\n<p style=\"text-align: center\">Eng<\/p>\n<p>A touch of magical forest evoking with real forest tiny mushroom, forest strawberry, forget me not flower and moss. It gives the magical look. This earring is a truly unique. These also make the perfect holiday gifts.<\/p>\n<p>The hook is made from 925 sterling silver hook and comfortable to wear.<\/p>\n<p>Weight is 3g each earring<\/p>\n<p>The Oval earring height is 3cm<\/p>\n","protected":false},"excerpt":{"rendered":"<p>Woodland-korvakorut ovat yksi ainutlaatuisimmista korvakoruista ja t\u00e4ydellinen luonnonyst\u00e4v\u00e4n lahja.<br \/>\nN\u00e4m\u00e4 korvakorut vangitsivat maagisen pienen mets\u00e4maailman, jota voit kantaa mukanasi. Ainutlaatuinen aarre kanssamme.<\/p>\n<p style=\"text-align: center\">Eng<\/p>\n<p>Woodland earrings is one of the most unique earrings and a perfect nature lover&#8217;s gift.<br \/>\nThese earrings captured a magical little world of forest that you can carry with you. A unique treasure with us.<\/p>\n","protected":false},"featured_media":696,"template":"","meta":[],"product_brand":[],"product_cat":[34],"product_tag":[],"class_list":{"0":"post-689","1":"product","2":"type-product","3":"status-publish","4":"has-post-thumbnail","6":"product_cat-925-sterling-silver-jewellery","8":"first","9":"outofstock","10":"taxable","11":"shipping-taxable","12":"purchasable","13":"product-type-simple"},"_links":{"self":[{"href":"https:\/\/clairessweetbowtique.com\/index.php\/wp-json\/wp\/v2\/product\/689","targetHints":{"allow":["GET"]}}],"collection":[{"href":"https:\/\/clairessweetbowtique.com\/index.php\/wp-json\/wp\/v2\/product"}],"about":[{"href":"https:\/\/clairessweetbowtique.com\/index.php\/wp-json\/wp\/v2\/types\/product"}],"wp:featuredmedia":[{"embeddable":true,"href":"https:\/\/clairessweetbowtique.com\/index.php\/wp-json\/wp\/v2\/media\/696"}],"wp:attachment":[{"href":"https:\/\/clairessweetbowtique.com\/index.php\/wp-json\/wp\/v2\/media?parent=689"}],"wp:term":[{"taxonomy":"product_brand","embeddable":true,"href":"https:\/\/clairessweetbowtique.com\/index.php\/wp-json\/wp\/v2\/product_brand?post=689"},{"taxonomy":"product_cat","embeddable":true,"href":"https:\/\/clairessweetbowtique.com\/index.php\/wp-json\/wp\/v2\/product_cat?post=689"},{"taxonomy":"product_tag","embeddable":true,"href":"https:\/\/clairessweetbowtique.com\/index.php\/wp-json\/wp\/v2\/product_tag?post=689"}],"curies":[{"name":"wp","href":"https:\/\/api.w.org\/{rel}","templated":true}]}}